{"id":31947,"date":"2022-10-28T19:08:35","date_gmt":"2022-10-28T17:08:35","guid":{"rendered":"https:\/\/www.sailcom.ch\/paiement\/"},"modified":"2025-07-09T16:11:39","modified_gmt":"2025-07-09T14:11:39","slug":"paiement","status":"publish","type":"page","link":"https:\/\/www.sailcom.ch\/fr\/paiement\/","title":{"rendered":"V\u00e9rifier votre demande de r\u00e9servation."},"content":{"rendered":"<div data-elementor-type=\"wp-page\" data-elementor-id=\"31947\" class=\"elementor elementor-31947 elementor-8\" data-elementor-post-type=\"page\">\n\t\t\t\t<div class=\"elementor-element elementor-element-38369f8f e-flex e-con-boxed e-con e-parent\" data-id=\"38369f8f\" data-element_type=\"container\" data-e-type=\"container\">\n\t\t\t\t\t<div class=\"e-con-inner\">\n\t\t\t\t<div class=\"elementor-element elementor-element-0543200 elementor-widget elementor-widget-text-editor\" data-id=\"0543200\" data-element_type=\"widget\" data-e-type=\"widget\" data-widget_type=\"text-editor.default\">\n\t\t\t\t<div class=\"elementor-widget-container\">\n\t\t\t\t\t\t\t\t\t<p><strong>Veuillez v\u00e9rifier votre demande de r\u00e9servation sur cette page, puis confirmer votre r\u00e9servation en cliquant sur \u00ab Commander \u00bb ci-dessous.<\/strong> <br>Ce n&#8217;est qu&#8217;alors que la r\u00e9servation sera effective et que vous recevrez un e-mail de confirmation.<\/p>\t\t\t\t\t\t\t\t<\/div>\n\t\t\t\t<\/div>\n\t\t\t\t<div class=\"elementor-element elementor-element-4b76ace3 elementor-widget elementor-widget-text-editor\" data-id=\"4b76ace3\" data-element_type=\"widget\" data-e-type=\"widget\" data-widget_type=\"text-editor.default\">\n\t\t\t\t<div class=\"elementor-widget-container\">\n\t\t\t\t\t\t\t\t\t<div class=\"woocommerce\"><\/div>\t\t\t\t\t\t\t\t<\/div>\n\t\t\t\t<\/div>\n\t\t\t\t\t<\/div>\n\t\t\t\t<\/div>\n\t\t\t\t<\/div>","protected":false},"excerpt":{"rendered":"<p>Veuillez v\u00e9rifier votre demande de r\u00e9servation sur cette page, puis confirmer votre r\u00e9servation en cliquant sur \u00ab Commander \u00bb ci-dessous. Ce n&#8217;est qu&#8217;alors que la r\u00e9servation sera effective et que vous recevrez un e-mail de confirmation.<\/p>\n","protected":false},"author":1,"featured_media":0,"parent":0,"menu_order":0,"comment_status":"closed","ping_status":"closed","template":"","meta":{"_acf_changed":false,"publish_to_discourse":"","publish_post_category":"","wpdc_auto_publish_overridden":"","wpdc_topic_tags":"","wpdc_pin_topic":"","wpdc_pin_until":"","discourse_post_id":"","discourse_permalink":"","wpdc_publishing_response":"","wpdc_publishing_error":"","footnotes":""},"sailcom-location":[],"sailcom-event-type":[],"sailcom-boat-type":[],"class_list":["post-31947","page","type-page","status-publish","hentry"],"acf":[],"_links":{"self":[{"href":"https:\/\/www.sailcom.ch\/fr\/wp-json\/wp\/v2\/pages\/31947","targetHints":{"allow":["GET"]}}],"collection":[{"href":"https:\/\/www.sailcom.ch\/fr\/wp-json\/wp\/v2\/pages"}],"about":[{"href":"https:\/\/www.sailcom.ch\/fr\/wp-json\/wp\/v2\/types\/page"}],"author":[{"embeddable":true,"href":"https:\/\/www.sailcom.ch\/fr\/wp-json\/wp\/v2\/users\/1"}],"replies":[{"embeddable":true,"href":"https:\/\/www.sailcom.ch\/fr\/wp-json\/wp\/v2\/comments?post=31947"}],"version-history":[{"count":2,"href":"https:\/\/www.sailcom.ch\/fr\/wp-json\/wp\/v2\/pages\/31947\/revisions"}],"predecessor-version":[{"id":51539,"href":"https:\/\/www.sailcom.ch\/fr\/wp-json\/wp\/v2\/pages\/31947\/revisions\/51539"}],"wp:attachment":[{"href":"https:\/\/www.sailcom.ch\/fr\/wp-json\/wp\/v2\/media?parent=31947"}],"wp:term":[{"taxonomy":"sailcom-location","embeddable":true,"href":"https:\/\/www.sailcom.ch\/fr\/wp-json\/wp\/v2\/sailcom-location?post=31947"},{"taxonomy":"sailcom-event-type","embeddable":true,"href":"https:\/\/www.sailcom.ch\/fr\/wp-json\/wp\/v2\/sailcom-event-type?post=31947"},{"taxonomy":"sailcom-boat-type","embeddable":true,"href":"https:\/\/www.sailcom.ch\/fr\/wp-json\/wp\/v2\/sailcom-boat-type?post=31947"}],"curies":[{"name":"wp","href":"https:\/\/api.w.org\/{rel}","templated":true}]}}