{"id":2624,"date":"2023-03-20T08:11:33","date_gmt":"2023-03-20T07:11:33","guid":{"rendered":"https:\/\/www.sailcom.ch\/?page_id=2624"},"modified":"2024-02-10T16:45:36","modified_gmt":"2024-02-10T15:45:36","slug":"sailing-ladies","status":"publish","type":"page","link":"https:\/\/www.sailcom.ch\/fr\/sailing-ladies\/","title":{"rendered":"Sailing Ladies"},"content":{"rendered":"<div data-elementor-type=\"wp-page\" data-elementor-id=\"2624\" class=\"elementor elementor-2624\" data-elementor-post-type=\"page\">\n\t\t\t\t\t\t<section class=\"elementor-section elementor-top-section elementor-element elementor-element-d94b3b6 elementor-section-boxed elementor-section-height-default elementor-section-height-default\" data-id=\"d94b3b6\" data-element_type=\"section\" data-e-type=\"section\">\n\t\t\t\t\t\t<div class=\"elementor-container elementor-column-gap-default\">\n\t\t\t\t\t<div class=\"elementor-column elementor-col-100 elementor-top-column elementor-element elementor-element-88e8a0a\" data-id=\"88e8a0a\" data-element_type=\"column\" data-e-type=\"column\">\n\t\t\t<div class=\"elementor-widget-wrap elementor-element-populated\">\n\t\t\t\t\t\t<div class=\"elementor-element elementor-element-cc0aae9 elementor-position-right elementor-vertical-align-top elementor-widget elementor-widget-image-box\" data-id=\"cc0aae9\" data-element_type=\"widget\" data-e-type=\"widget\" data-widget_type=\"image-box.default\">\n\t\t\t\t<div class=\"elementor-widget-container\">\n\t\t\t\t\t<div class=\"elementor-image-box-wrapper\"><figure class=\"elementor-image-box-img\"><img fetchpriority=\"high\" decoding=\"async\" width=\"840\" height=\"264\" src=\"https:\/\/www.sailcom.ch\/wp-content\/uploads\/2023\/03\/logo_ladies.png\" class=\"attachment-full size-full wp-image-2630\" alt=\"\" srcset=\"https:\/\/www.sailcom.ch\/wp-content\/uploads\/2023\/03\/logo_ladies.png 840w, https:\/\/www.sailcom.ch\/wp-content\/uploads\/2023\/03\/logo_ladies-300x94.png 300w, https:\/\/www.sailcom.ch\/wp-content\/uploads\/2023\/03\/logo_ladies-768x241.png 768w, https:\/\/www.sailcom.ch\/wp-content\/uploads\/2023\/03\/logo_ladies-600x189.png 600w\" sizes=\"(max-width: 840px) 100vw, 840px\" \/><\/figure><div class=\"elementor-image-box-content\"><h1 class=\"elementor-image-box-title\">Sailing Ladies<\/h1><\/div><\/div>\t\t\t\t<\/div>\n\t\t\t\t<\/div>\n\t\t\t\t\t<\/div>\n\t\t<\/div>\n\t\t\t\t\t<\/div>\n\t\t<\/section>\n\t\t<div class=\"elementor-element elementor-element-431dce2 e-flex e-con-boxed e-con e-parent\" data-id=\"431dce2\" data-element_type=\"container\" data-e-type=\"container\">\n\t\t\t\t\t<div class=\"e-con-inner\">\n\t\t<div class=\"elementor-element elementor-element-454adc5 e-con-full e-flex e-con e-child\" data-id=\"454adc5\" data-element_type=\"container\" data-e-type=\"container\">\n\t\t\t\t<div class=\"elementor-element elementor-element-54c9a91 elementor-widget elementor-widget-text-editor\" data-id=\"54c9a91\" data-element_type=\"widget\" data-e-type=\"widget\" data-widget_type=\"text-editor.default\">\n\t\t\t\t<div class=\"elementor-widget-container\">\n\t\t\t\t\t\t\t\t\t<p>Viele Frauen segeln gerne in Frauencrews. Sailing Ladies bietet Anl\u00e4sse f\u00fcr Frauen an, die von erfahrenen SailCom-Seglerinnen durchgef\u00fchrt werden. Sailing Ladies will mehr Frauen f\u00fcr den Segelsport begeistern und Crewmitglieder bef\u00e4higen, als selbstbewusste Skipperinnen Verantwortung zu \u00fcbernehmen.Schaue auch unter Events, dort findest du die geplanten Anl\u00e4sse der Sailing Ladies.<\/p>\t\t\t\t\t\t\t\t<\/div>\n\t\t\t\t<\/div>\n\t\t\t\t<\/div>\n\t\t<div class=\"elementor-element elementor-element-32f25b5 e-con-full e-flex e-con e-child\" data-id=\"32f25b5\" data-element_type=\"container\" data-e-type=\"container\">\n\t\t\t\t<div class=\"elementor-element elementor-element-dfa1f8b elementor-widget elementor-widget-image\" data-id=\"dfa1f8b\" data-element_type=\"widget\" data-e-type=\"widget\" data-widget_type=\"image.default\">\n\t\t\t\t<div class=\"elementor-widget-container\">\n\t\t\t\t\t\t\t\t\t\t\t\t\t\t\t<img decoding=\"async\" width=\"800\" height=\"555\" src=\"https:\/\/www.sailcom.ch\/wp-content\/uploads\/2023\/03\/SailingLadies1.jpg\" class=\"attachment-large size-large wp-image-2625\" alt=\"\" srcset=\"https:\/\/www.sailcom.ch\/wp-content\/uploads\/2023\/03\/SailingLadies1.jpg 800w, https:\/\/www.sailcom.ch\/wp-content\/uploads\/2023\/03\/SailingLadies1-300x208.jpg 300w, https:\/\/www.sailcom.ch\/wp-content\/uploads\/2023\/03\/SailingLadies1-768x533.jpg 768w, https:\/\/www.sailcom.ch\/wp-content\/uploads\/2023\/03\/SailingLadies1-600x416.jpg 600w\" sizes=\"(max-width: 800px) 100vw, 800px\" \/>\t\t\t\t\t\t\t\t\t\t\t\t\t\t\t<\/div>\n\t\t\t\t<\/div>\n\t\t\t\t<\/div>\n\t\t\t\t\t<\/div>\n\t\t\t\t<\/div>\n\t\t\t\t<section class=\"elementor-section elementor-top-section elementor-element elementor-element-581e6a8 elementor-section-boxed elementor-section-height-default elementor-section-height-default\" data-id=\"581e6a8\" data-element_type=\"section\" data-e-type=\"section\">\n\t\t\t\t\t\t<div class=\"elementor-container elementor-column-gap-default\">\n\t\t\t\t\t<div class=\"elementor-column elementor-col-100 elementor-top-column elementor-element elementor-element-6694949\" data-id=\"6694949\" data-element_type=\"column\" data-e-type=\"column\">\n\t\t\t<div class=\"elementor-widget-wrap\">\n\t\t\t\t\t\t\t<\/div>\n\t\t<\/div>\n\t\t\t\t\t<\/div>\n\t\t<\/section>\n\t\t<div class=\"elementor-element elementor-element-12753fd e-flex e-con-boxed e-con e-parent\" data-id=\"12753fd\" data-element_type=\"container\" data-e-type=\"container\">\n\t\t\t\t\t<div class=\"e-con-inner\">\n\t\t<div class=\"elementor-element elementor-element-8022c55 e-con-full e-flex e-con e-child\" data-id=\"8022c55\" data-element_type=\"container\" data-e-type=\"container\">\n\t\t\t\t<div class=\"elementor-element elementor-element-bf31bee elementor-widget elementor-widget-image\" data-id=\"bf31bee\" data-element_type=\"widget\" data-e-type=\"widget\" data-widget_type=\"image.default\">\n\t\t\t\t<div class=\"elementor-widget-container\">\n\t\t\t\t\t\t\t\t\t\t\t\t\t\t\t<img decoding=\"async\" width=\"800\" height=\"533\" src=\"https:\/\/www.sailcom.ch\/wp-content\/uploads\/2023\/03\/SailingLadies2.jpg\" class=\"attachment-large size-large wp-image-2626\" alt=\"\" srcset=\"https:\/\/www.sailcom.ch\/wp-content\/uploads\/2023\/03\/SailingLadies2.jpg 800w, https:\/\/www.sailcom.ch\/wp-content\/uploads\/2023\/03\/SailingLadies2-300x200.jpg 300w, https:\/\/www.sailcom.ch\/wp-content\/uploads\/2023\/03\/SailingLadies2-768x512.jpg 768w, https:\/\/www.sailcom.ch\/wp-content\/uploads\/2023\/03\/SailingLadies2-600x400.jpg 600w\" sizes=\"(max-width: 800px) 100vw, 800px\" \/>\t\t\t\t\t\t\t\t\t\t\t\t\t\t\t<\/div>\n\t\t\t\t<\/div>\n\t\t\t\t<\/div>\n\t\t<div class=\"elementor-element elementor-element-16106a6 e-con-full e-flex e-con e-child\" data-id=\"16106a6\" data-element_type=\"container\" data-e-type=\"container\">\n\t\t\t\t<div class=\"elementor-element elementor-element-cf8039b elementor-widget elementor-widget-heading\" data-id=\"cf8039b\" data-element_type=\"widget\" data-e-type=\"widget\" data-widget_type=\"heading.default\">\n\t\t\t\t<div class=\"elementor-widget-container\">\n\t\t\t\t\t<h2 class=\"elementor-heading-title elementor-size-default\">Unsere Zielgruppen<\/h2>\t\t\t\t<\/div>\n\t\t\t\t<\/div>\n\t\t\t\t<div class=\"elementor-element elementor-element-1ec01ff elementor-widget elementor-widget-text-editor\" data-id=\"1ec01ff\" data-element_type=\"widget\" data-e-type=\"widget\" data-widget_type=\"text-editor.default\">\n\t\t\t\t<div class=\"elementor-widget-container\">\n\t\t\t\t\t\t\t\t\t<ul><li>Seglerinnen, die in einer Frauencrew segeln wollen.<\/li><li>Frauen mit Segelschein, die ihre Fertigkeiten und Erfahrungen erweitern wollen.<\/li><li>\u00abMitseglerinnen\u00bb ohne Segelschein.<\/li><li><p>Anf\u00e4ngerinnen, die mal schnuppern m\u00f6chten.<\/p><\/li><\/ul>\t\t\t\t\t\t\t\t<\/div>\n\t\t\t\t<\/div>\n\t\t\t\t<\/div>\n\t\t\t\t\t<\/div>\n\t\t\t\t<\/div>\n\t\t<div class=\"elementor-element elementor-element-a2ffa01 e-flex e-con-boxed e-con e-parent\" data-id=\"a2ffa01\" data-element_type=\"container\" data-e-type=\"container\">\n\t\t\t\t\t<div class=\"e-con-inner\">\n\t\t\t\t<div class=\"elementor-element elementor-element-b67193e elementor-widget elementor-widget-spacer\" data-id=\"b67193e\" data-element_type=\"widget\" data-e-type=\"widget\" data-widget_type=\"spacer.default\">\n\t\t\t\t<div class=\"elementor-widget-container\">\n\t\t\t\t\t\t\t<div class=\"elementor-spacer\">\n\t\t\t<div class=\"elementor-spacer-inner\"><\/div>\n\t\t<\/div>\n\t\t\t\t\t\t<\/div>\n\t\t\t\t<\/div>\n\t\t\t\t<div class=\"elementor-element elementor-element-4619f44 elementor-widget elementor-widget-heading\" data-id=\"4619f44\" data-element_type=\"widget\" data-e-type=\"widget\" data-widget_type=\"heading.default\">\n\t\t\t\t<div class=\"elementor-widget-container\">\n\t\t\t\t\t<h2 class=\"elementor-heading-title elementor-size-default\">Veranstaltungen der Sailing Ladies<\/h2>\t\t\t\t<\/div>\n\t\t\t\t<\/div>\n\t\t\t\t<div class=\"elementor-element elementor-element-184c65d elementor-grid-1 elementor-grid-tablet-2 elementor-grid-mobile-1 elementor-widget elementor-widget-loop-grid\" data-id=\"184c65d\" data-element_type=\"widget\" data-e-type=\"widget\" data-settings=\"{&quot;template_id&quot;:2821,&quot;columns&quot;:1,&quot;_skin&quot;:&quot;post&quot;,&quot;columns_tablet&quot;:&quot;2&quot;,&quot;columns_mobile&quot;:&quot;1&quot;,&quot;edit_handle_selector&quot;:&quot;[data-elementor-type=\\&quot;loop-item\\&quot;]&quot;,&quot;row_gap&quot;:{&quot;unit&quot;:&quot;px&quot;,&quot;size&quot;:&quot;&quot;,&quot;sizes&quot;:[]},&quot;row_gap_tablet&quot;:{&quot;unit&quot;:&quot;px&quot;,&quot;size&quot;:&quot;&quot;,&quot;sizes&quot;:[]},&quot;row_gap_mobile&quot;:{&quot;unit&quot;:&quot;px&quot;,&quot;size&quot;:&quot;&quot;,&quot;sizes&quot;:[]}}\" data-widget_type=\"loop-grid.post\">\n\t\t\t\t<div class=\"elementor-widget-container\">\n\t\t\t\t\t\t\t<div class=\"e-loop-nothing-found-message\">\n\t\t<\/div>\n\t\t\t\t\t\t<\/div>\n\t\t\t\t<\/div>\n\t\t\t\t\t<\/div>\n\t\t\t\t<\/div>\n\t\t\t\t<\/div>","protected":false},"excerpt":{"rendered":"<p>Sailing Ladies Viele Frauen segeln gerne in Frauencrews. Sailing Ladies bietet Anl\u00e4sse f\u00fcr Frauen an, die von erfahrenen SailCom-Seglerinnen durchgef\u00fchrt werden. Sailing Ladies will mehr Frauen f\u00fcr den Segelsport begeistern und Crewmitglieder bef\u00e4higen, als selbstbewusste Skipperinnen Verantwortung zu \u00fcbernehmen.Schaue auch unter Events, dort findest du die geplanten Anl\u00e4sse der Sailing Ladies. Unsere Zielgruppen Seglerinnen, die [&hellip;]<\/p>\n","protected":false},"author":5,"featured_media":0,"parent":0,"menu_order":0,"comment_status":"closed","ping_status":"closed","template":"","meta":{"_acf_changed":false,"publish_to_discourse":"","publish_post_category":"","wpdc_auto_publish_overridden":"","wpdc_topic_tags":"","wpdc_pin_topic":"","wpdc_pin_until":"","discourse_post_id":"","discourse_permalink":"","wpdc_publishing_response":"","wpdc_publishing_error":"","footnotes":""},"sailcom-location":[],"sailcom-event-type":[],"sailcom-boat-type":[],"class_list":["post-2624","page","type-page","status-publish","hentry"],"acf":[],"_links":{"self":[{"href":"https:\/\/www.sailcom.ch\/fr\/wp-json\/wp\/v2\/pages\/2624","targetHints":{"allow":["GET"]}}],"collection":[{"href":"https:\/\/www.sailcom.ch\/fr\/wp-json\/wp\/v2\/pages"}],"about":[{"href":"https:\/\/www.sailcom.ch\/fr\/wp-json\/wp\/v2\/types\/page"}],"author":[{"embeddable":true,"href":"https:\/\/www.sailcom.ch\/fr\/wp-json\/wp\/v2\/users\/5"}],"replies":[{"embeddable":true,"href":"https:\/\/www.sailcom.ch\/fr\/wp-json\/wp\/v2\/comments?post=2624"}],"version-history":[{"count":63,"href":"https:\/\/www.sailcom.ch\/fr\/wp-json\/wp\/v2\/pages\/2624\/revisions"}],"predecessor-version":[{"id":25350,"href":"https:\/\/www.sailcom.ch\/fr\/wp-json\/wp\/v2\/pages\/2624\/revisions\/25350"}],"wp:attachment":[{"href":"https:\/\/www.sailcom.ch\/fr\/wp-json\/wp\/v2\/media?parent=2624"}],"wp:term":[{"taxonomy":"sailcom-location","embeddable":true,"href":"https:\/\/www.sailcom.ch\/fr\/wp-json\/wp\/v2\/sailcom-location?post=2624"},{"taxonomy":"sailcom-event-type","embeddable":true,"href":"https:\/\/www.sailcom.ch\/fr\/wp-json\/wp\/v2\/sailcom-event-type?post=2624"},{"taxonomy":"sailcom-boat-type","embeddable":true,"href":"https:\/\/www.sailcom.ch\/fr\/wp-json\/wp\/v2\/sailcom-boat-type?post=2624"}],"curies":[{"name":"wp","href":"https:\/\/api.w.org\/{rel}","templated":true}]}}