{"id":9905,"date":"2023-06-04T17:05:27","date_gmt":"2023-06-04T15:05:27","guid":{"rendered":"https:\/\/www.sailcom.ch\/product\/product\/"},"modified":"2023-12-30T22:56:38","modified_gmt":"2023-12-30T21:56:38","slug":"event_9905","status":"publish","type":"product","link":"https:\/\/www.sailcom.ch\/en\/product\/event_9905\/","title":{"rendered":"J70 Segeln,\u00a0Schwerpunkt Gennaker: sichere Handhabung des Gennakersegels"},"content":{"rendered":"","protected":false},"excerpt":{"rendered":"<p>Treffpunkt: F\u00f6hnhafen Brunnen, bei der J70 SUI 1537<\/p>\n<p>Der Schwerpunkt der Veranstaltung liegt auf der Praxis. Je nach Kenntnisstand der Teilnehmer werden die verschiedenen Schritte instruiert und intensiv ge\u00fcbt. Selbstverst\u00e4ndlich wird auf die Windverh\u00e4ltnisse R\u00fccksicht genommen. Bei sehr schwachen oder sehr rasch wechselnden Winden kann der Gennaker nicht mehr sauber gef\u00fchrt werden. Bei sehr starken Winden k\u00f6nnen die Risiken zu gross werden. Aufgrund der einmaligen Lage von Brunnen k\u00f6nnen wir st\u00e4rkeren Wind im Urnersee oder eher gn\u00e4digere Verh\u00e4ltnisse im Gersauer Becken aufsuchen. Die Zeit ist so gew\u00e4hlt, dass wir im Normalfall von der Thermik am Vierwaldst\u00e4ttersee profitieren k\u00f6nnen.\u00a0\u2028<\/p>\n<p>Programm:\u00a0\u2028<br \/>\n&#8211; ab 10 Minuten for Startzeitpunkt: Treffen am Boot, Begr\u00fcssung<br \/>\n\u2028- Startzeitpunkt: Schiff startklar machen, Instruktion Segel und Gennaker setzen, f\u00fchren, bergen, Sicherheit<br \/>\n\u2028- praktische Durchf\u00fchrung aller typischen Gennakerman\u00f6ver: setzen, bergen, halsen; verschiedene Varianten davon\u2028<br \/>\n&#8211; die Rollen werden rotiert, so dass alle alle T\u00e4tigkeiten kennenlernen k\u00f6nnen\u2028<br \/>\n&#8211; ca 30&#039; vor dem Endzeitpunkt: Anlegen, Schiff klar machen\u2028<br \/>\n&#8211; Endzeitpunkt: Schluss\u2028<\/p>\n<p>Ausr\u00fcstung: der Witterung angepasst. (Segel-)handschuhe, Sonnenschutz, N\u00e4sseschutz (Jacke und Hosen) werden stark empfohlen.\u2028<br \/>\nDurchf\u00fchrung: bei sehr ung\u00fcnstigen Windverh\u00e4ltnissen (vor allem zu viel Wind, sprich F\u00f6hnsturm, oder bei str\u00f6mendem Regen) oder bei zu kleiner Teilnehmerzahl (mindestens zwei Teilnehmer) kann die Veranstaltung abgesagt werden. Der Entscheid dar\u00fcber wird wenn m\u00f6glich mindestens 24 Stunden vorher gef\u00e4llt. Bei unvorhergesehenen Wetter\u00e4nderungen muss allenfalls kurzfristig reagiert werden.\u00a0Bitte sorgt daf\u00fcr, dass eure Kontaktdetails auf sailcom.ch aktuell sind, und eine Mobilnummer enthalten!\u2028<\/p>\n<p>Auf Wunsch kann auch eine Einf\u00fchrung in die J70 stattfinden. Bei erfolgreicher Teilnahme werden die Teilnehmer auf der J70 freigeschaltet.\u00a0\u2028<\/p>\n<p>Preis pro Person: CHF 60.-<\/p>\n","protected":false},"author":2743,"featured_media":1754,"template":"","meta":{"_acf_changed":false,"publish_to_discourse":"","publish_post_category":"","wpdc_auto_publish_overridden":"","wpdc_topic_tags":"","wpdc_pin_topic":"","wpdc_pin_until":"","discourse_post_id":"","discourse_permalink":"","wpdc_publishing_response":"","wpdc_publishing_error":""},"product_brand":[],"product_cat":[215,213,121],"product_tag":[],"sailcom-capability":[],"sailcom-location":[345],"sailcom-event-type":[378,364],"sailcom-boat-type":[],"class_list":{"0":"post-9905","1":"product","2":"type-product","3":"status-publish","4":"has-post-thumbnail","6":"product_cat-genisegeln","7":"product_cat-sail-along","8":"product_cat-vierwaldstattersee-location","9":"sailcom-location-vierwaldstattersee-location","10":"sailcom-event-type-genisegeln","11":"sailcom-event-type-sail-along","13":"first","14":"outofstock","15":"taxable","16":"shipping-taxable","17":"product-type-sc_event"},"acf":[],"_links":{"self":[{"href":"https:\/\/www.sailcom.ch\/en\/wp-json\/wp\/v2\/product\/9905","targetHints":{"allow":["GET"]}}],"collection":[{"href":"https:\/\/www.sailcom.ch\/en\/wp-json\/wp\/v2\/product"}],"about":[{"href":"https:\/\/www.sailcom.ch\/en\/wp-json\/wp\/v2\/types\/product"}],"author":[{"embeddable":true,"href":"https:\/\/www.sailcom.ch\/en\/wp-json\/wp\/v2\/users\/2743"}],"wp:featuredmedia":[{"embeddable":true,"href":"https:\/\/www.sailcom.ch\/en\/wp-json\/wp\/v2\/media\/1754"}],"wp:attachment":[{"href":"https:\/\/www.sailcom.ch\/en\/wp-json\/wp\/v2\/media?parent=9905"}],"wp:term":[{"taxonomy":"product_brand","embeddable":true,"href":"https:\/\/www.sailcom.ch\/en\/wp-json\/wp\/v2\/product_brand?post=9905"},{"taxonomy":"product_cat","embeddable":true,"href":"https:\/\/www.sailcom.ch\/en\/wp-json\/wp\/v2\/product_cat?post=9905"},{"taxonomy":"product_tag","embeddable":true,"href":"https:\/\/www.sailcom.ch\/en\/wp-json\/wp\/v2\/product_tag?post=9905"},{"taxonomy":"sailcom-capability","embeddable":true,"href":"https:\/\/www.sailcom.ch\/en\/wp-json\/wp\/v2\/sailcom-capability?post=9905"},{"taxonomy":"sailcom-location","embeddable":true,"href":"https:\/\/www.sailcom.ch\/en\/wp-json\/wp\/v2\/sailcom-location?post=9905"},{"taxonomy":"sailcom-event-type","embeddable":true,"href":"https:\/\/www.sailcom.ch\/en\/wp-json\/wp\/v2\/sailcom-event-type?post=9905"},{"taxonomy":"sailcom-boat-type","embeddable":true,"href":"https:\/\/www.sailcom.ch\/en\/wp-json\/wp\/v2\/sailcom-boat-type?post=9905"}],"curies":[{"name":"wp","href":"https:\/\/api.w.org\/{rel}","templated":true}]}}