{"id":9569,"date":"2023-05-29T19:13:53","date_gmt":"2023-05-29T17:13:53","guid":{"rendered":"https:\/\/www.sailcom.ch\/product\/product\/"},"modified":"2023-12-30T22:43:28","modified_gmt":"2023-12-30T21:43:28","slug":"event_9569","status":"publish","type":"product","link":"https:\/\/www.sailcom.ch\/en\/product\/event_9569\/","title":{"rendered":"J-70 Greifensee \u2013 16:00 TP auf dem Steg in F\u00e4llanden (1. Zugang nach der Sliprampe) Geht dir dieser Termin nicht? Kontaktiere uns, wir finden einen Termin f\u00fcr dich!"},"content":{"rendered":"","protected":false},"excerpt":{"rendered":"<p>Die Einweisung beinhaltet folgende Schwerpunkte:<br \/>\n\u2022\tBootsplatz<br \/>\n\u2022\tWichtige Informationen zum Greifensee<br \/>\n\u2022\tHafeninfrastruktur<br \/>\n\u2022\tErkl\u00e4rungen des Bootes (eine Einweisung erm\u00f6glicht dir alle Boote der Klasse &quot;OPEN&quot;, z.B. auch Yngling oder M750 zu ben\u00fctzen!)<br \/>\n\u2022\tSegeln auf dem Greifensee<br \/>\nBitte vorg\u00e4ngig Boots-Handbuch lesen!<br \/>\nMitbringen:<br \/>\n&#8211;       Segelschuhe oder Schuhe mit gereinigten Sohlen (Schwamm, B\u00fcrste)<br \/>\n&#8211;       Regenschutz.<br \/>\n&#8211;       Segelausweis.<br \/>\n&#8211;       CHF 20 in bar oder Twint-Zahlung auch m\u00f6glich. <\/p>\n<p>Geht dir dieser Termin nicht? Kontaktiere uns, wir finden einen Termin f\u00fcr dich!<br \/>\nDauer 2 Stunden.<\/p>\n<p>Wir freuen uns das du dabei bist!<\/p>\n<p>Beste Gr\u00fcsse vom F\u00e4llander Team<\/p>\n","protected":false},"author":2724,"featured_media":1533,"template":"","meta":{"_acf_changed":false,"publish_to_discourse":"","publish_post_category":"","wpdc_auto_publish_overridden":"","wpdc_topic_tags":"","wpdc_pin_topic":"","wpdc_pin_until":"","discourse_post_id":"","discourse_permalink":"","wpdc_publishing_response":"","wpdc_publishing_error":""},"product_brand":[],"product_cat":[225,127],"product_tag":[],"sailcom-capability":[],"sailcom-location":[341],"sailcom-event-type":[373],"sailcom-boat-type":[],"class_list":{"0":"post-9569","1":"product","2":"type-product","3":"status-publish","4":"has-post-thumbnail","6":"product_cat-einweisungen","7":"product_cat-greifensee","8":"sailcom-location-greifensee","9":"sailcom-event-type-einweisungen","11":"first","12":"instock","13":"taxable","14":"shipping-taxable","15":"product-type-sc_event"},"acf":[],"_links":{"self":[{"href":"https:\/\/www.sailcom.ch\/en\/wp-json\/wp\/v2\/product\/9569","targetHints":{"allow":["GET"]}}],"collection":[{"href":"https:\/\/www.sailcom.ch\/en\/wp-json\/wp\/v2\/product"}],"about":[{"href":"https:\/\/www.sailcom.ch\/en\/wp-json\/wp\/v2\/types\/product"}],"author":[{"embeddable":true,"href":"https:\/\/www.sailcom.ch\/en\/wp-json\/wp\/v2\/users\/2724"}],"wp:featuredmedia":[{"embeddable":true,"href":"https:\/\/www.sailcom.ch\/en\/wp-json\/wp\/v2\/media\/1533"}],"wp:attachment":[{"href":"https:\/\/www.sailcom.ch\/en\/wp-json\/wp\/v2\/media?parent=9569"}],"wp:term":[{"taxonomy":"product_brand","embeddable":true,"href":"https:\/\/www.sailcom.ch\/en\/wp-json\/wp\/v2\/product_brand?post=9569"},{"taxonomy":"product_cat","embeddable":true,"href":"https:\/\/www.sailcom.ch\/en\/wp-json\/wp\/v2\/product_cat?post=9569"},{"taxonomy":"product_tag","embeddable":true,"href":"https:\/\/www.sailcom.ch\/en\/wp-json\/wp\/v2\/product_tag?post=9569"},{"taxonomy":"sailcom-capability","embeddable":true,"href":"https:\/\/www.sailcom.ch\/en\/wp-json\/wp\/v2\/sailcom-capability?post=9569"},{"taxonomy":"sailcom-location","embeddable":true,"href":"https:\/\/www.sailcom.ch\/en\/wp-json\/wp\/v2\/sailcom-location?post=9569"},{"taxonomy":"sailcom-event-type","embeddable":true,"href":"https:\/\/www.sailcom.ch\/en\/wp-json\/wp\/v2\/sailcom-event-type?post=9569"},{"taxonomy":"sailcom-boat-type","embeddable":true,"href":"https:\/\/www.sailcom.ch\/en\/wp-json\/wp\/v2\/sailcom-boat-type?post=9569"}],"curies":[{"name":"wp","href":"https:\/\/api.w.org\/{rel}","templated":true}]}}