{"id":9443,"date":"2023-05-24T07:08:54","date_gmt":"2023-05-24T05:08:54","guid":{"rendered":"https:\/\/www.sailcom.ch\/product\/product\/"},"modified":"2023-12-30T22:43:29","modified_gmt":"2023-12-30T21:43:29","slug":"event_9443","status":"publish","type":"product","link":"https:\/\/www.sailcom.ch\/en\/product\/event_9443\/","title":{"rendered":"Einweisung J\/70 SUI 1549 (Merope)"},"content":{"rendered":"","protected":false},"excerpt":{"rendered":"<p>Einweisung J\/70 SUI 1549 (Merope). Kennenlernen Review Greifensee, Bootsplatz und Hafeninfrastruktur. Ablegen und Anlegen an der Boje. Segeln auf dem Greifensee. Diese Einweisung erm\u00f6glicht dir alle Boote der Klasse OPEN, z.B. Yngling oder M750, zu ben\u00fctzen. Einweisungen finden bei gen\u00fcgend Anmeldungen und g\u00fcnstigen Wetterbedingungen statt. Treffpunkt bei der J\/70 am Steg.<\/p>\n<p>Mitbringen: Segelschuhe oder Schuhe mit gereinigten Sohlen (Schwamm, B\u00fcrste). Regenschutz. Segelausweis. CHF 20 in bar. Bitte vorg\u00e4ngig die Standortinfo Greifensee und das Bootshandbuch J\/70 lesen.<\/p>\n<p>Geht dir dieser Termin nicht? Kontaktiere uns, wir finden einen Termin f\u00fcr dich!<\/p>\n<p>Herzliche Gr\u00fcsse vom Bootsteam Greifensee<\/p>\n","protected":false},"author":1993,"featured_media":1754,"template":"","meta":{"_acf_changed":false,"publish_to_discourse":"","publish_post_category":"","wpdc_auto_publish_overridden":"","wpdc_topic_tags":"","wpdc_pin_topic":"","wpdc_pin_until":"","discourse_post_id":"","discourse_permalink":"","wpdc_publishing_response":"","wpdc_publishing_error":""},"product_brand":[],"product_cat":[225,127],"product_tag":[],"sailcom-capability":[],"sailcom-location":[341],"sailcom-event-type":[373],"sailcom-boat-type":[],"class_list":{"0":"post-9443","1":"product","2":"type-product","3":"status-publish","4":"has-post-thumbnail","6":"product_cat-einweisungen","7":"product_cat-greifensee","8":"sailcom-location-greifensee","9":"sailcom-event-type-einweisungen","11":"first","12":"outofstock","13":"taxable","14":"shipping-taxable","15":"product-type-sc_event"},"acf":[],"_links":{"self":[{"href":"https:\/\/www.sailcom.ch\/en\/wp-json\/wp\/v2\/product\/9443","targetHints":{"allow":["GET"]}}],"collection":[{"href":"https:\/\/www.sailcom.ch\/en\/wp-json\/wp\/v2\/product"}],"about":[{"href":"https:\/\/www.sailcom.ch\/en\/wp-json\/wp\/v2\/types\/product"}],"author":[{"embeddable":true,"href":"https:\/\/www.sailcom.ch\/en\/wp-json\/wp\/v2\/users\/1993"}],"wp:featuredmedia":[{"embeddable":true,"href":"https:\/\/www.sailcom.ch\/en\/wp-json\/wp\/v2\/media\/1754"}],"wp:attachment":[{"href":"https:\/\/www.sailcom.ch\/en\/wp-json\/wp\/v2\/media?parent=9443"}],"wp:term":[{"taxonomy":"product_brand","embeddable":true,"href":"https:\/\/www.sailcom.ch\/en\/wp-json\/wp\/v2\/product_brand?post=9443"},{"taxonomy":"product_cat","embeddable":true,"href":"https:\/\/www.sailcom.ch\/en\/wp-json\/wp\/v2\/product_cat?post=9443"},{"taxonomy":"product_tag","embeddable":true,"href":"https:\/\/www.sailcom.ch\/en\/wp-json\/wp\/v2\/product_tag?post=9443"},{"taxonomy":"sailcom-capability","embeddable":true,"href":"https:\/\/www.sailcom.ch\/en\/wp-json\/wp\/v2\/sailcom-capability?post=9443"},{"taxonomy":"sailcom-location","embeddable":true,"href":"https:\/\/www.sailcom.ch\/en\/wp-json\/wp\/v2\/sailcom-location?post=9443"},{"taxonomy":"sailcom-event-type","embeddable":true,"href":"https:\/\/www.sailcom.ch\/en\/wp-json\/wp\/v2\/sailcom-event-type?post=9443"},{"taxonomy":"sailcom-boat-type","embeddable":true,"href":"https:\/\/www.sailcom.ch\/en\/wp-json\/wp\/v2\/sailcom-boat-type?post=9443"}],"curies":[{"name":"wp","href":"https:\/\/api.w.org\/{rel}","templated":true}]}}