{"id":9419,"date":"2023-05-23T15:43:19","date_gmt":"2023-05-23T13:43:19","guid":{"rendered":"https:\/\/www.sailcom.ch\/product\/product\/"},"modified":"2023-12-30T22:56:38","modified_gmt":"2023-12-30T21:56:38","slug":"event_9419","status":"publish","type":"product","link":"https:\/\/www.sailcom.ch\/en\/product\/event_9419\/","title":{"rendered":"Gennaker Segeln"},"content":{"rendered":"","protected":false},"excerpt":{"rendered":"<p>Einf\u00fchrung Gennakersegeln auf der J 70, Greifensee. Lerne die Faszination des Gennakersegelns kennen. Wir \u00fcben verschiedene Man\u00f6ver unter Gennaker. Gennaker setzen im Lee, Halsen mit dem Gennaker, Gennaker bergen im Lee, Gennaker bergen im Luv.<br \/>\nTheorie des Gennakersegelns und vor allen viel \u00fcben.auf unterschiedlichen Posten im Boot. Treffpunkt, 13:00 Uhr direkt auf dem Steg in F\u00e4llanden, J70 Merope. Wechselschuhe und dem Wetter entsprechende Kleidung mitnehmen. Kosten Fr. 50.- in bar oder Twint an Skipper.<br \/>\nFragen: Mobile: 0795596281, E Mail: bernd.spichale@bluewin.ch<\/p>\n","protected":false},"author":2706,"featured_media":1754,"template":"","meta":{"_acf_changed":false,"publish_to_discourse":"","publish_post_category":"","wpdc_auto_publish_overridden":"","wpdc_topic_tags":"","wpdc_pin_topic":"","wpdc_pin_until":"","discourse_post_id":"","discourse_permalink":"","wpdc_publishing_response":"","wpdc_publishing_error":""},"product_brand":[],"product_cat":[215,127],"product_tag":[],"sailcom-capability":[],"sailcom-location":[341],"sailcom-event-type":[378],"sailcom-boat-type":[],"class_list":{"0":"post-9419","1":"product","2":"type-product","3":"status-publish","4":"has-post-thumbnail","6":"product_cat-genisegeln","7":"product_cat-greifensee","8":"sailcom-location-greifensee","9":"sailcom-event-type-genisegeln","11":"first","12":"outofstock","13":"taxable","14":"shipping-taxable","15":"product-type-sc_event"},"acf":[],"_links":{"self":[{"href":"https:\/\/www.sailcom.ch\/en\/wp-json\/wp\/v2\/product\/9419","targetHints":{"allow":["GET"]}}],"collection":[{"href":"https:\/\/www.sailcom.ch\/en\/wp-json\/wp\/v2\/product"}],"about":[{"href":"https:\/\/www.sailcom.ch\/en\/wp-json\/wp\/v2\/types\/product"}],"author":[{"embeddable":true,"href":"https:\/\/www.sailcom.ch\/en\/wp-json\/wp\/v2\/users\/2706"}],"wp:featuredmedia":[{"embeddable":true,"href":"https:\/\/www.sailcom.ch\/en\/wp-json\/wp\/v2\/media\/1754"}],"wp:attachment":[{"href":"https:\/\/www.sailcom.ch\/en\/wp-json\/wp\/v2\/media?parent=9419"}],"wp:term":[{"taxonomy":"product_brand","embeddable":true,"href":"https:\/\/www.sailcom.ch\/en\/wp-json\/wp\/v2\/product_brand?post=9419"},{"taxonomy":"product_cat","embeddable":true,"href":"https:\/\/www.sailcom.ch\/en\/wp-json\/wp\/v2\/product_cat?post=9419"},{"taxonomy":"product_tag","embeddable":true,"href":"https:\/\/www.sailcom.ch\/en\/wp-json\/wp\/v2\/product_tag?post=9419"},{"taxonomy":"sailcom-capability","embeddable":true,"href":"https:\/\/www.sailcom.ch\/en\/wp-json\/wp\/v2\/sailcom-capability?post=9419"},{"taxonomy":"sailcom-location","embeddable":true,"href":"https:\/\/www.sailcom.ch\/en\/wp-json\/wp\/v2\/sailcom-location?post=9419"},{"taxonomy":"sailcom-event-type","embeddable":true,"href":"https:\/\/www.sailcom.ch\/en\/wp-json\/wp\/v2\/sailcom-event-type?post=9419"},{"taxonomy":"sailcom-boat-type","embeddable":true,"href":"https:\/\/www.sailcom.ch\/en\/wp-json\/wp\/v2\/sailcom-boat-type?post=9419"}],"curies":[{"name":"wp","href":"https:\/\/api.w.org\/{rel}","templated":true}]}}