{"id":7582,"date":"2023-09-13T16:00:59","date_gmt":"2023-09-13T14:00:59","guid":{"rendered":"https:\/\/www.sailcom.ch\/?post_type=product&#038;p=7582"},"modified":"2026-04-27T17:07:19","modified_gmt":"2026-04-27T15:07:19","slug":"sunbeam-22-1-zug","status":"publish","type":"product","link":"https:\/\/www.sailcom.ch\/en\/product\/sunbeam-22-1-zug\/","title":{"rendered":"Sunbeam 22.1 Zug"},"content":{"rendered":"<p><strong>Die Sunbeam 22.1 ist ein modernes Kabinenboot f\u00fcr einfaches, sicheres und komfortables Segeln f\u00fcr Anf\u00e4nger, Familien und Geniesser.<\/strong><\/p>\n<p>Sie zeichnet sich durch hohe Sicherheit und Stabilit\u00e4t aus bei gleichzeitig guten Segeleigenschaften.<br \/>\nMan darf aber auch ansprechende Segeleigenschaften erwarten, immerhin war die Sunbeam 22.1 bis 2022 auch das Boot der \u00d6sterreichischen Segelbundesliga.<\/p>\n<p>Da ist Segelspass garantiert!<\/p>\n<p><strong>Hinweise:<\/strong><\/p>\n<p>Bitte Standortinformationen beachten.<\/p>\n<p>Den Motorschl\u00fcssel immer am Gashebel anh\u00e4ngen, er l\u00e4sst sich auch abziehen wenn der Strom eingeschaltet ist.<\/p>\n<p>Wir haben eine Whatsapp Gruppe in der wir spontanes Mitsegeln kommunizieren.<br \/>\nDu kannst der Gruppe beitreten mittels QR Code oder melde Dich beim Bootsteam:<\/p>\n<p><img fetchpriority=\"high\" decoding=\"async\" class=\"alignnone size-medium wp-image-10896\" src=\"https:\/\/www.sailcom.ch\/wp-content\/uploads\/2023\/07\/Mitsegeln_Sundowner_Whatsapp_Gruppe-290x300.png\" alt=\"\" width=\"290\" height=\"300\" srcset=\"https:\/\/www.sailcom.ch\/wp-content\/uploads\/2023\/07\/Mitsegeln_Sundowner_Whatsapp_Gruppe-290x300.png 290w, https:\/\/www.sailcom.ch\/wp-content\/uploads\/2023\/07\/Mitsegeln_Sundowner_Whatsapp_Gruppe.png 591w\" sizes=\"(max-width: 290px) 100vw, 290px\" \/><\/p>\n<p>Neu ist nun auch ein rollbarer Gennaker an Bord.<\/p>\n<p><a href=\"https:\/\/www.sailcom.ch\/wp-content\/uploads\/2026\/04\/2026-04-Bootshandbuch_SunBeam22.1_Zug_v3.pdf\" target=\"_blank\" rel=\"noopener\">Bootshandbuch Sunbeam 22.1<\/a><\/p>\n<p><a href=\"https:\/\/www.sailcom.ch\/wp-content\/uploads\/2026\/04\/2026-04-Standortinfo_SunBeam22_1_Zug_v8.pdf\" target=\"_blank\" rel=\"noopener\">Standortinfo SunBeam 22.1<\/a><\/p>\n<p><strong>Liegeplatz<\/strong>: Platz Nr. 15, <strong>fast ganz aussen neben dem Platz 545<\/strong><\/p>\n<p><strong>Mitsegeln und Community:<\/strong><\/p>\n<p>Verbinde Dich mit der <a href=\"https:\/\/chat.whatsapp.com\/BlEK5T98UWK3QRYqlLJOnB\" target=\"_blank\" rel=\"noopener\">SailCommunity auf Whatsapp<\/a> um Crewmitglieder f\u00fcr Deinen T\u00f6rn oder eine Mitsegelgelegenheit zu finden:<\/p>\n<p><img decoding=\"async\" class=\"wp-image-59790 size-medium aligncenter\" style=\"padding-top: 25px;\" src=\"https:\/\/www.sailcom.ch\/wp-content\/uploads\/2026\/01\/20251203_QR-Code_Whatsapp_SailCommunity_640x795-242x300.png\" alt=\"\" width=\"242\" height=\"300\" \/><\/p>","protected":false},"excerpt":{"rendered":"<p>Die Sunbeam 22.1 ist ein modernes Kabinenboot f\u00fcr einfaches, sicheres und komfortables Segeln f\u00fcr Anf\u00e4nger, Familien und Geniesser. Sie zeichnet sich durch hohe Sicherheit und Stabilit\u00e4t aus bei gleichzeitig guten Segeleigenschaften. Man darf aber auch ansprechende Segeleigenschaften erwarten, immerhin war die Sunbeam 22.1 bis 2022 auch das Boot der \u00d6sterreichischen Segelbundesliga. Da ist Segelspass garantiert! [&hellip;]<\/p>\n","protected":false},"author":5,"featured_media":7562,"template":"","meta":{"_acf_changed":false,"publish_to_discourse":"0","publish_post_category":"1","wpdc_auto_publish_overridden":"","wpdc_topic_tags":"","wpdc_pin_topic":"","wpdc_pin_until":"","discourse_post_id":"","discourse_permalink":"","wpdc_publishing_response":"","wpdc_publishing_error":""},"product_brand":[],"product_cat":[123],"product_tag":[],"sailcom-capability":[],"sailcom-location":[349],"sailcom-event-type":[],"sailcom-boat-type":[366],"class_list":{"0":"post-7582","1":"product","2":"type-product","3":"status-publish","4":"has-post-thumbnail","6":"product_cat-day-easy","7":"sailcom-location-zugersee","8":"sailcom-boat-type-day-easy","10":"first","11":"instock","12":"taxable","13":"shipping-taxable","14":"product-type-redq_rental"},"acf":[],"_links":{"self":[{"href":"https:\/\/www.sailcom.ch\/en\/wp-json\/wp\/v2\/product\/7582","targetHints":{"allow":["GET"]}}],"collection":[{"href":"https:\/\/www.sailcom.ch\/en\/wp-json\/wp\/v2\/product"}],"about":[{"href":"https:\/\/www.sailcom.ch\/en\/wp-json\/wp\/v2\/types\/product"}],"author":[{"embeddable":true,"href":"https:\/\/www.sailcom.ch\/en\/wp-json\/wp\/v2\/users\/5"}],"wp:featuredmedia":[{"embeddable":true,"href":"https:\/\/www.sailcom.ch\/en\/wp-json\/wp\/v2\/media\/7562"}],"wp:attachment":[{"href":"https:\/\/www.sailcom.ch\/en\/wp-json\/wp\/v2\/media?parent=7582"}],"wp:term":[{"taxonomy":"product_brand","embeddable":true,"href":"https:\/\/www.sailcom.ch\/en\/wp-json\/wp\/v2\/product_brand?post=7582"},{"taxonomy":"product_cat","embeddable":true,"href":"https:\/\/www.sailcom.ch\/en\/wp-json\/wp\/v2\/product_cat?post=7582"},{"taxonomy":"product_tag","embeddable":true,"href":"https:\/\/www.sailcom.ch\/en\/wp-json\/wp\/v2\/product_tag?post=7582"},{"taxonomy":"sailcom-capability","embeddable":true,"href":"https:\/\/www.sailcom.ch\/en\/wp-json\/wp\/v2\/sailcom-capability?post=7582"},{"taxonomy":"sailcom-location","embeddable":true,"href":"https:\/\/www.sailcom.ch\/en\/wp-json\/wp\/v2\/sailcom-location?post=7582"},{"taxonomy":"sailcom-event-type","embeddable":true,"href":"https:\/\/www.sailcom.ch\/en\/wp-json\/wp\/v2\/sailcom-event-type?post=7582"},{"taxonomy":"sailcom-boat-type","embeddable":true,"href":"https:\/\/www.sailcom.ch\/en\/wp-json\/wp\/v2\/sailcom-boat-type?post=7582"}],"curies":[{"name":"wp","href":"https:\/\/api.w.org\/{rel}","templated":true}]}}