{"id":62961,"date":"2026-05-03T19:35:56","date_gmt":"2026-05-03T17:35:56","guid":{"rendered":"https:\/\/www.sailcom.ch\/product\/product\/"},"modified":"2026-05-06T11:51:30","modified_gmt":"2026-05-06T09:51:30","slug":"event_62961","status":"publish","type":"product","link":"https:\/\/www.sailcom.ch\/en\/product\/event_62961\/","title":{"rendered":"Einweisung\/Refresher J\/70 &amp; Mitsegeln"},"content":{"rendered":"","protected":false},"excerpt":{"rendered":"<p>(English below)<br \/>\nBeschreibung: Einweisung\/Refresher f\u00fcr die J\/70 Open Boote von Sailcom. Ihr lernt die Austattung und Handhabung der J\/70 in der Praxis kennen, plus spezifische Hinweise f\u00fcr die Jojo im Hafen Wollishofen.<\/p>\n<p>Geeignet f\u00fcr: Anf\u00e4nger &amp; f\u00fcr Segler welche die J\/70 Openklasse (bzw. die Jojo) kennenlernen wollen, oder als Refresher nach der Winterpause. Auch f\u00fcr Nicht-Mitglieder von Sailcom zum Kennenlernen.<\/p>\n<p>Mitbringen: Segelhandschuhe und Segelschuhe (oder Schuhe mit nicht-markierenden Sohlen), wetterangepasste Kleidung.<\/p>\n<p>***<br \/>\nDescription: Introduction\/Refresher for Sailcom\u2019s J\/70 Open boats. You will get hands-on experience with the equipment and handling of the J\/70, plus specific tips for the &quot;Jojo&quot; at Wollishofen harbour. <\/p>\n<p>Suitable for: Beginners and sailors who want to get to know the J\/70 Open class (or the Jojo), or as a refresher after the winter break. Non-Sailcom members are also welcome to join and check it out. <\/p>\n<p>What to bring: Sailing gloves and sailing shoes (or shoes with non-marking soles), and weather-appropriate clothing.<\/p>\n","protected":false},"author":1974,"featured_media":1534,"template":"","meta":{"_acf_changed":false,"publish_to_discourse":"","publish_post_category":"","wpdc_auto_publish_overridden":"","wpdc_topic_tags":"","wpdc_pin_topic":"","wpdc_pin_until":"","discourse_post_id":"","discourse_permalink":"","wpdc_publishing_response":"","wpdc_publishing_error":""},"product_brand":[],"product_cat":[15],"product_tag":[],"sailcom-capability":[],"sailcom-location":[348],"sailcom-event-type":[373,364],"sailcom-boat-type":[],"class_list":{"0":"post-62961","1":"product","2":"type-product","3":"status-publish","4":"has-post-thumbnail","6":"product_cat-uncategorised","7":"sailcom-location-zurichsee","8":"sailcom-event-type-einweisungen","9":"sailcom-event-type-sail-along","11":"first","12":"outofstock","13":"taxable","14":"shipping-taxable","15":"product-type-sc_event"},"acf":[],"_links":{"self":[{"href":"https:\/\/www.sailcom.ch\/en\/wp-json\/wp\/v2\/product\/62961","targetHints":{"allow":["GET"]}}],"collection":[{"href":"https:\/\/www.sailcom.ch\/en\/wp-json\/wp\/v2\/product"}],"about":[{"href":"https:\/\/www.sailcom.ch\/en\/wp-json\/wp\/v2\/types\/product"}],"author":[{"embeddable":true,"href":"https:\/\/www.sailcom.ch\/en\/wp-json\/wp\/v2\/users\/1974"}],"wp:featuredmedia":[{"embeddable":true,"href":"https:\/\/www.sailcom.ch\/en\/wp-json\/wp\/v2\/media\/1534"}],"wp:attachment":[{"href":"https:\/\/www.sailcom.ch\/en\/wp-json\/wp\/v2\/media?parent=62961"}],"wp:term":[{"taxonomy":"product_brand","embeddable":true,"href":"https:\/\/www.sailcom.ch\/en\/wp-json\/wp\/v2\/product_brand?post=62961"},{"taxonomy":"product_cat","embeddable":true,"href":"https:\/\/www.sailcom.ch\/en\/wp-json\/wp\/v2\/product_cat?post=62961"},{"taxonomy":"product_tag","embeddable":true,"href":"https:\/\/www.sailcom.ch\/en\/wp-json\/wp\/v2\/product_tag?post=62961"},{"taxonomy":"sailcom-capability","embeddable":true,"href":"https:\/\/www.sailcom.ch\/en\/wp-json\/wp\/v2\/sailcom-capability?post=62961"},{"taxonomy":"sailcom-location","embeddable":true,"href":"https:\/\/www.sailcom.ch\/en\/wp-json\/wp\/v2\/sailcom-location?post=62961"},{"taxonomy":"sailcom-event-type","embeddable":true,"href":"https:\/\/www.sailcom.ch\/en\/wp-json\/wp\/v2\/sailcom-event-type?post=62961"},{"taxonomy":"sailcom-boat-type","embeddable":true,"href":"https:\/\/www.sailcom.ch\/en\/wp-json\/wp\/v2\/sailcom-boat-type?post=62961"}],"curies":[{"name":"wp","href":"https:\/\/api.w.org\/{rel}","templated":true}]}}