{"id":62105,"date":"2026-04-07T22:01:50","date_gmt":"2026-04-07T20:01:50","guid":{"rendered":"https:\/\/www.sailcom.ch\/product\/product\/"},"modified":"2026-04-07T22:01:51","modified_gmt":"2026-04-07T20:01:51","slug":"event_62105","status":"publish","type":"product","link":"https:\/\/www.sailcom.ch\/en\/product\/event_62105\/","title":{"rendered":"J\/70 Gennakerkurs: sichere Handhabung des Gennakers 6-Sep-2026"},"content":{"rendered":"","protected":false},"excerpt":{"rendered":"<p>Treffpunkt: F\u00f6hnhafen Brunnen bei der J\/70 SUI 1537.<\/p>\n<p>Der Schwerpunkt der Veranstaltung liegt auf der Praxis. Alle Man\u00f6ver werden schrittweise instruiert, demonstriert und intensiv ge\u00fcbt. Die Teilnehmer nehmen reihum die verschiedenen Rollen ein, so dass jeder Setzen \/ Bergen, Schotf\u00fchrung, Steuern \u00fcbt. Aufgrund der einmaligen Lage von Brunnen k\u00f6nnen wir st\u00e4rkeren Wind im Urnersee oder eher gn\u00e4digere Verh\u00e4ltnisse im Gersauer Becken aufsuchen. Die Zeit ist so gew\u00e4hlt, dass wir im Normalfall von der Thermik am Vierwaldst\u00e4ttersee profitieren k\u00f6nnen. <\/p>\n<p>Bei sehr starken oder sehr schwachen Winden kann der Kurs abgesagt werden. Der Entscheid ist im Ermessen des Kursleiters. Wenn immer m\u00f6glich wird 24 Stunden vor Kursbeginn entschieden. Der Kurs findet ab mindestens zwei Teilnehmern statt. Bitte teilt dem Kursleiter Mailadresse und Mobilnummer mit, so dass er euch \u00fcber seine Entscheide informieren kann.<\/p>\n<p>Auf Wunsch kann zus\u00e4tzlich eine Einf\u00fchrung in die J\/70 und den Hafen Brunnen stattfinden.<\/p>\n","protected":false},"author":2743,"featured_media":4233,"template":"","meta":{"_acf_changed":false,"publish_to_discourse":"","publish_post_category":"","wpdc_auto_publish_overridden":"","wpdc_topic_tags":"","wpdc_pin_topic":"","wpdc_pin_until":"","discourse_post_id":"","discourse_permalink":"","wpdc_publishing_response":"","wpdc_publishing_error":""},"product_brand":[],"product_cat":[15],"product_tag":[],"sailcom-capability":[],"sailcom-location":[345],"sailcom-event-type":[373,378],"sailcom-boat-type":[],"class_list":{"0":"post-62105","1":"product","2":"type-product","3":"status-publish","4":"has-post-thumbnail","6":"product_cat-uncategorised","7":"sailcom-location-vierwaldstattersee-location","8":"sailcom-event-type-einweisungen","9":"sailcom-event-type-genisegeln","11":"first","12":"instock","13":"taxable","14":"shipping-taxable","15":"purchasable","16":"product-type-sc_event"},"acf":[],"_links":{"self":[{"href":"https:\/\/www.sailcom.ch\/en\/wp-json\/wp\/v2\/product\/62105","targetHints":{"allow":["GET"]}}],"collection":[{"href":"https:\/\/www.sailcom.ch\/en\/wp-json\/wp\/v2\/product"}],"about":[{"href":"https:\/\/www.sailcom.ch\/en\/wp-json\/wp\/v2\/types\/product"}],"author":[{"embeddable":true,"href":"https:\/\/www.sailcom.ch\/en\/wp-json\/wp\/v2\/users\/2743"}],"wp:featuredmedia":[{"embeddable":true,"href":"https:\/\/www.sailcom.ch\/en\/wp-json\/wp\/v2\/media\/4233"}],"wp:attachment":[{"href":"https:\/\/www.sailcom.ch\/en\/wp-json\/wp\/v2\/media?parent=62105"}],"wp:term":[{"taxonomy":"product_brand","embeddable":true,"href":"https:\/\/www.sailcom.ch\/en\/wp-json\/wp\/v2\/product_brand?post=62105"},{"taxonomy":"product_cat","embeddable":true,"href":"https:\/\/www.sailcom.ch\/en\/wp-json\/wp\/v2\/product_cat?post=62105"},{"taxonomy":"product_tag","embeddable":true,"href":"https:\/\/www.sailcom.ch\/en\/wp-json\/wp\/v2\/product_tag?post=62105"},{"taxonomy":"sailcom-capability","embeddable":true,"href":"https:\/\/www.sailcom.ch\/en\/wp-json\/wp\/v2\/sailcom-capability?post=62105"},{"taxonomy":"sailcom-location","embeddable":true,"href":"https:\/\/www.sailcom.ch\/en\/wp-json\/wp\/v2\/sailcom-location?post=62105"},{"taxonomy":"sailcom-event-type","embeddable":true,"href":"https:\/\/www.sailcom.ch\/en\/wp-json\/wp\/v2\/sailcom-event-type?post=62105"},{"taxonomy":"sailcom-boat-type","embeddable":true,"href":"https:\/\/www.sailcom.ch\/en\/wp-json\/wp\/v2\/sailcom-boat-type?post=62105"}],"curies":[{"name":"wp","href":"https:\/\/api.w.org\/{rel}","templated":true}]}}