{"id":61935,"date":"2026-04-01T18:34:41","date_gmt":"2026-04-01T16:34:41","guid":{"rendered":"https:\/\/www.sailcom.ch\/product\/product\/"},"modified":"2026-04-01T18:34:42","modified_gmt":"2026-04-01T16:34:42","slug":"event_61935","status":"publish","type":"product","link":"https:\/\/www.sailcom.ch\/en\/product\/event_61935\/","title":{"rendered":"Galatea: Segel anschlagen, Boot f\u00fcr die Saison klar machen. Monter les voiles et pr\u00e9parer le bateau pour la saison"},"content":{"rendered":"","protected":false},"excerpt":{"rendered":"<p>Treffpunkt: Hafen Ouchy, beim Boot, Quai Nord, Platz 8<br \/>\nPort d&#039;Ouchy, chez le bateau, quai nord, place 8<\/p>\n<p>Arbeiten gem\u00e4ss Checkliste (Segel anschlagen, Kontrollen, Reinigung, Probefahrt)<br \/>\nMitnehmen: Arbeitskleidung, Mittagslunch (an Bord auf dem See)<br \/>\nBitte nimm vor oder nach der Anmeldung Kontakt mit mir auf, damit wir die Details besprechen k\u00f6nnen \u2013 merci!  079 643 26 11<\/p>\n<p>Danke im Voraus f\u00fcr deine  Mithilfe!<\/p>\n<p>J\u00fcrgen und Marie &#8211; Claude, Team Galatea<\/p>\n<p>Traveaux selon la liste de contr\u00f4le  (monter les voiles, contr\u00f4le de l&#039;\u00e9quipage, essais de navigation).<br \/>\n\u00c0 apporter : V\u00eatements de travail, d\u00e9jeuner (\u00e0 bord sur le lac)<\/p>\n<p>Merci de me contacter avant ou apr\u00e8s votre inscription afin que nous puissions discuter des d\u00e9tails. 079 643 26 11<\/p>\n<p>Merci d&#039;avance pour votre aide !<\/p>\n<p>J\u00fcrgen et Marie &#8211; Claude, de l&#039;\u00e9quipe Galatea<\/p>\n","protected":false},"author":2755,"featured_media":23729,"template":"","meta":{"_acf_changed":false,"publish_to_discourse":"","publish_post_category":"","wpdc_auto_publish_overridden":"","wpdc_topic_tags":"","wpdc_pin_topic":"","wpdc_pin_until":"","discourse_post_id":"","discourse_permalink":"","wpdc_publishing_response":"","wpdc_publishing_error":""},"product_brand":[],"product_cat":[15],"product_tag":[],"sailcom-capability":[],"sailcom-location":[340],"sailcom-event-type":[380],"sailcom-boat-type":[],"class_list":{"0":"post-61935","1":"product","2":"type-product","3":"status-publish","4":"has-post-thumbnail","6":"product_cat-uncategorised","7":"sailcom-location-genfersee","8":"sailcom-event-type-maintenance","10":"first","11":"instock","12":"taxable","13":"shipping-taxable","14":"product-type-sc_event"},"acf":[],"_links":{"self":[{"href":"https:\/\/www.sailcom.ch\/en\/wp-json\/wp\/v2\/product\/61935","targetHints":{"allow":["GET"]}}],"collection":[{"href":"https:\/\/www.sailcom.ch\/en\/wp-json\/wp\/v2\/product"}],"about":[{"href":"https:\/\/www.sailcom.ch\/en\/wp-json\/wp\/v2\/types\/product"}],"author":[{"embeddable":true,"href":"https:\/\/www.sailcom.ch\/en\/wp-json\/wp\/v2\/users\/2755"}],"wp:featuredmedia":[{"embeddable":true,"href":"https:\/\/www.sailcom.ch\/en\/wp-json\/wp\/v2\/media\/23729"}],"wp:attachment":[{"href":"https:\/\/www.sailcom.ch\/en\/wp-json\/wp\/v2\/media?parent=61935"}],"wp:term":[{"taxonomy":"product_brand","embeddable":true,"href":"https:\/\/www.sailcom.ch\/en\/wp-json\/wp\/v2\/product_brand?post=61935"},{"taxonomy":"product_cat","embeddable":true,"href":"https:\/\/www.sailcom.ch\/en\/wp-json\/wp\/v2\/product_cat?post=61935"},{"taxonomy":"product_tag","embeddable":true,"href":"https:\/\/www.sailcom.ch\/en\/wp-json\/wp\/v2\/product_tag?post=61935"},{"taxonomy":"sailcom-capability","embeddable":true,"href":"https:\/\/www.sailcom.ch\/en\/wp-json\/wp\/v2\/sailcom-capability?post=61935"},{"taxonomy":"sailcom-location","embeddable":true,"href":"https:\/\/www.sailcom.ch\/en\/wp-json\/wp\/v2\/sailcom-location?post=61935"},{"taxonomy":"sailcom-event-type","embeddable":true,"href":"https:\/\/www.sailcom.ch\/en\/wp-json\/wp\/v2\/sailcom-event-type?post=61935"},{"taxonomy":"sailcom-boat-type","embeddable":true,"href":"https:\/\/www.sailcom.ch\/en\/wp-json\/wp\/v2\/sailcom-boat-type?post=61935"}],"curies":[{"name":"wp","href":"https:\/\/api.w.org\/{rel}","templated":true}]}}