{"id":61521,"date":"2026-03-17T16:59:30","date_gmt":"2026-03-17T15:59:30","guid":{"rendered":"https:\/\/www.sailcom.ch\/product\/product\/"},"modified":"2026-03-17T19:30:52","modified_gmt":"2026-03-17T18:30:52","slug":"event_61521","status":"publish","type":"product","link":"https:\/\/www.sailcom.ch\/en\/product\/event_61521\/","title":{"rendered":"Vorbereitung und Einwassern Sunbeam 22.1 Biel\/Bienne"},"content":{"rendered":"","protected":false},"excerpt":{"rendered":"<p>Vorbereitung und Einwassern Sunbbeam 22.1 in Biel.<br \/>\nDer neue Motor ist eingebaut und wir konnten kurzfristig einen Krantermin f\u00fcr die Einwasserung erhalten. Vorher muss noch das Unterschiff vorbereitet werden.<br \/>\nEs w\u00e4ren noch zwei helfende Personen willkommen und wir w\u00e4ren sehr froh um kurzfristig m\u00f6gliche Hilfeleistung.<br \/>\n<strong>Treffpunkt ist im Barkenhafen Nidau<\/strong> &#8211; 5 Minuten vom Bahnhof Biel entfernt.<\/p>\n<p><strong><a href=\"https:\/\/maps.app.goo.gl\/5UvVomBTBEbzTCeh8\" target=\"_blank\" rel=\"noopener\">https:\/\/maps.app.goo.gl\/5UvVomBTBEbzTCeh8<\/a><\/strong><\/p>\n","protected":false},"author":2774,"featured_media":37004,"template":"","meta":{"_acf_changed":false,"publish_to_discourse":"","publish_post_category":"","wpdc_auto_publish_overridden":"","wpdc_topic_tags":"","wpdc_pin_topic":"","wpdc_pin_until":"","discourse_post_id":"","discourse_permalink":"","wpdc_publishing_response":"","wpdc_publishing_error":""},"product_brand":[],"product_cat":[15],"product_tag":[],"sailcom-capability":[],"sailcom-location":[338],"sailcom-event-type":[380],"sailcom-boat-type":[],"class_list":{"0":"post-61521","1":"product","2":"type-product","3":"status-publish","4":"has-post-thumbnail","6":"product_cat-uncategorised","7":"sailcom-location-bielersee","8":"sailcom-event-type-maintenance","10":"first","11":"instock","12":"taxable","13":"shipping-taxable","14":"product-type-sc_event"},"acf":[],"_links":{"self":[{"href":"https:\/\/www.sailcom.ch\/en\/wp-json\/wp\/v2\/product\/61521","targetHints":{"allow":["GET"]}}],"collection":[{"href":"https:\/\/www.sailcom.ch\/en\/wp-json\/wp\/v2\/product"}],"about":[{"href":"https:\/\/www.sailcom.ch\/en\/wp-json\/wp\/v2\/types\/product"}],"author":[{"embeddable":true,"href":"https:\/\/www.sailcom.ch\/en\/wp-json\/wp\/v2\/users\/2774"}],"wp:featuredmedia":[{"embeddable":true,"href":"https:\/\/www.sailcom.ch\/en\/wp-json\/wp\/v2\/media\/37004"}],"wp:attachment":[{"href":"https:\/\/www.sailcom.ch\/en\/wp-json\/wp\/v2\/media?parent=61521"}],"wp:term":[{"taxonomy":"product_brand","embeddable":true,"href":"https:\/\/www.sailcom.ch\/en\/wp-json\/wp\/v2\/product_brand?post=61521"},{"taxonomy":"product_cat","embeddable":true,"href":"https:\/\/www.sailcom.ch\/en\/wp-json\/wp\/v2\/product_cat?post=61521"},{"taxonomy":"product_tag","embeddable":true,"href":"https:\/\/www.sailcom.ch\/en\/wp-json\/wp\/v2\/product_tag?post=61521"},{"taxonomy":"sailcom-capability","embeddable":true,"href":"https:\/\/www.sailcom.ch\/en\/wp-json\/wp\/v2\/sailcom-capability?post=61521"},{"taxonomy":"sailcom-location","embeddable":true,"href":"https:\/\/www.sailcom.ch\/en\/wp-json\/wp\/v2\/sailcom-location?post=61521"},{"taxonomy":"sailcom-event-type","embeddable":true,"href":"https:\/\/www.sailcom.ch\/en\/wp-json\/wp\/v2\/sailcom-event-type?post=61521"},{"taxonomy":"sailcom-boat-type","embeddable":true,"href":"https:\/\/www.sailcom.ch\/en\/wp-json\/wp\/v2\/sailcom-boat-type?post=61521"}],"curies":[{"name":"wp","href":"https:\/\/api.w.org\/{rel}","templated":true}]}}