{"id":61445,"date":"2026-03-13T18:55:16","date_gmt":"2026-03-13T17:55:16","guid":{"rendered":"https:\/\/www.sailcom.ch\/product\/product\/"},"modified":"2026-03-14T11:02:30","modified_gmt":"2026-03-14T10:02:30","slug":"event_61445","status":"publish","type":"product","link":"https:\/\/www.sailcom.ch\/en\/product\/event_61445\/","title":{"rendered":"Spinnakersegeln im Urnersee"},"content":{"rendered":"","protected":false},"excerpt":{"rendered":"<p>Treffpunkt: Hafen Felsenegg, Gersau<\/p>\n<p>Um m\u00f6glichst vielen eine Teilnahme zu erm\u00f6glichen, bitten wir dich, pro Saison nur 1x am Spikurs teilzunehmen. Danke f\u00fcr dein Verst\u00e4ndnis.<br \/>\nDie Kurse werden von Christian Ettel geleitet. Er ist ein erfahrener Topsegler mit grosser Erfahrung und viel Knowhow. Der Schwerpunkt des Kurses liegt eindeutig in der Praxis. Anleitungen und youtube-Filme gibt es genug. Hier geht&#039;s um die praktische Umsetzung!!<\/p>\n<p>Programm:<\/p>\n<p>11.30 Uhr Ablegen in Gersau, Fahrt Richtung Urnersee<br \/>\npraktische Durchf\u00fchrung der typischen Spinakerman\u00f6ver<br \/>\nSetzen, Bergen<br \/>\nFahren typischer Spinakerkurse (r\u00e4umlich bis Halbwind, platt vor dem Wind); Risiken verschiedener Kurse einsch\u00e4tzen, Lee-Raum-Reserve beachten<br \/>\nHalsen<br \/>\nSegeltrimm<br \/>\nChargenwechsel (Vorschoter, Spibaumf\u00fchrung, Pinnenf\u00fchrung)<br \/>\nSchluss 17.30 F\u00f6hnhafen oder 18.15 Gersau<\/p>\n<p>Der Kurs findet auf der Zepyhr m2 statt. Ein Segelboot mit fix eingerichtetem Spinaker.<\/p>\n<p>WIr freuen uns auf spannende Segelnachmittage im windsicheren Thermik-Gebiet des Urnersees.<\/p>\n","protected":false},"author":2697,"featured_media":8956,"template":"","meta":{"_acf_changed":false,"publish_to_discourse":"","publish_post_category":"","wpdc_auto_publish_overridden":"","wpdc_topic_tags":"","wpdc_pin_topic":"","wpdc_pin_until":"","discourse_post_id":"","discourse_permalink":"","wpdc_publishing_response":"","wpdc_publishing_error":""},"product_brand":[],"product_cat":[15],"product_tag":[],"sailcom-capability":[],"sailcom-location":[345],"sailcom-event-type":[379],"sailcom-boat-type":[],"class_list":{"0":"post-61445","1":"product","2":"type-product","3":"status-publish","4":"has-post-thumbnail","6":"product_cat-uncategorised","7":"sailcom-location-vierwaldstattersee-location","8":"sailcom-event-type-spisegeln","10":"first","11":"instock","12":"taxable","13":"shipping-taxable","14":"purchasable","15":"product-type-sc_event"},"acf":[],"_links":{"self":[{"href":"https:\/\/www.sailcom.ch\/en\/wp-json\/wp\/v2\/product\/61445","targetHints":{"allow":["GET"]}}],"collection":[{"href":"https:\/\/www.sailcom.ch\/en\/wp-json\/wp\/v2\/product"}],"about":[{"href":"https:\/\/www.sailcom.ch\/en\/wp-json\/wp\/v2\/types\/product"}],"author":[{"embeddable":true,"href":"https:\/\/www.sailcom.ch\/en\/wp-json\/wp\/v2\/users\/2697"}],"wp:featuredmedia":[{"embeddable":true,"href":"https:\/\/www.sailcom.ch\/en\/wp-json\/wp\/v2\/media\/8956"}],"wp:attachment":[{"href":"https:\/\/www.sailcom.ch\/en\/wp-json\/wp\/v2\/media?parent=61445"}],"wp:term":[{"taxonomy":"product_brand","embeddable":true,"href":"https:\/\/www.sailcom.ch\/en\/wp-json\/wp\/v2\/product_brand?post=61445"},{"taxonomy":"product_cat","embeddable":true,"href":"https:\/\/www.sailcom.ch\/en\/wp-json\/wp\/v2\/product_cat?post=61445"},{"taxonomy":"product_tag","embeddable":true,"href":"https:\/\/www.sailcom.ch\/en\/wp-json\/wp\/v2\/product_tag?post=61445"},{"taxonomy":"sailcom-capability","embeddable":true,"href":"https:\/\/www.sailcom.ch\/en\/wp-json\/wp\/v2\/sailcom-capability?post=61445"},{"taxonomy":"sailcom-location","embeddable":true,"href":"https:\/\/www.sailcom.ch\/en\/wp-json\/wp\/v2\/sailcom-location?post=61445"},{"taxonomy":"sailcom-event-type","embeddable":true,"href":"https:\/\/www.sailcom.ch\/en\/wp-json\/wp\/v2\/sailcom-event-type?post=61445"},{"taxonomy":"sailcom-boat-type","embeddable":true,"href":"https:\/\/www.sailcom.ch\/en\/wp-json\/wp\/v2\/sailcom-boat-type?post=61445"}],"curies":[{"name":"wp","href":"https:\/\/api.w.org\/{rel}","templated":true}]}}