{"id":60971,"date":"2026-03-09T21:36:24","date_gmt":"2026-03-09T20:36:24","guid":{"rendered":"https:\/\/www.sailcom.ch\/product\/product\/"},"modified":"2026-03-09T21:36:25","modified_gmt":"2026-03-09T20:36:25","slug":"event_60971","status":"publish","type":"product","link":"https:\/\/www.sailcom.ch\/en\/product\/event_60971\/","title":{"rendered":"Dufour 310 Segeltag an Bord der GALATEA\/ Une journ\u00e9e de navigation \u00e0 bord de GALATEA"},"content":{"rendered":"","protected":false},"excerpt":{"rendered":"<p>M\u00f6chtest du am Pfingstwochenende einen Segeltag auf dem L\u00e9man verbringen, dann bist du herzlich willkommen an Bord der GALATEA, egal als Mitglied von Sailcom oder nicht. Du brauchst auch keinen Segelschein.<br \/>\nDieser Tagesausflug ist Teil des dreit\u00e4gigen Pfingst \u2013 T\u00f6rns, einfach OHNE \u00dcbernachtung (der Pfingstt\u00f6rn mit \u00dcbernachtung ist ausgebucht).<br \/>\nM\u00f6gliche Zustiegsorte sind: La Tour \u2013 de \u2013 Peilz, Clarens, Le Bouveret, Evian \u2013 les \u2013 Bains oder Morges. Ich werde dich am Vorabend informieren, in welchem Hafen das Boot steht.<br \/>\nAchtung: Der Zielhafen ist ein anderer als der Starthafen! Also mit dem \u00f6ffentlichen Verkehrsmittel an \u2013 und abreisen!<br \/>\nMitnehmen: Dem Wetter angepasste Segelbekleidung, Mittagslunch<br \/>\nBei Fragen: Bitte Telefon an J\u00fcrgen 079 643 26 11<\/p>\n<p>Si tu souhaites passer une journ\u00e9e de voile sur le L\u00e9man pendant le week-end de Pentec\u00f4te, tu es le bienvenu \u00e0 bord de GALATEA, que tu sois membre de Sailcom ou non. Tu n&#039;as pas non plus besoin d&#039;un permis de voile.<br \/>\nCette excursion d&#039;une journ\u00e9e fait partie d&#039;une croisi\u00e8re de trois jours \u00e0 la Pentec\u00f4te, simplement SANS passer la nuit (l\u2019evenement avec passer la nuit \u00e0 bord est complet).<br \/>\nLes lieux d&#039;embarquement possibles sont : La Tour \u2013 de \u2013 Peilz, Clarens, Le Bouveret, Evian \u2013 les \u2013 Bains ou Morges. Je t&#039;informerai le soir avant dans quel port o\u00f9 se trouve le bateau.<br \/>\nAttention : le port d&#039;arriv\u00e9e est diff\u00e9rent du port de d\u00e9part ! Il faut donc arriver \u2013 et repartir \u2013 avec les transports publics !<br \/>\nEmporter: Des v\u00eatements de voile selon la m\u00e9t\u00e9o, lunch de midi.<br \/>\nN&#039;hesite pas m&#039;appeller en cas des questions: 079 643 26 11<br \/>\nSalutations J\u00fcrgen BC Galatea<\/p>\n<p>CHF 40.- bar ou per TWINT<\/p>\n","protected":false},"author":2755,"featured_media":23729,"template":"","meta":{"_acf_changed":false,"publish_to_discourse":"","publish_post_category":"","wpdc_auto_publish_overridden":"","wpdc_topic_tags":"","wpdc_pin_topic":"","wpdc_pin_until":"","discourse_post_id":"","discourse_permalink":"","wpdc_publishing_response":"","wpdc_publishing_error":""},"product_brand":[],"product_cat":[15],"product_tag":[],"sailcom-capability":[],"sailcom-location":[340],"sailcom-event-type":[364],"sailcom-boat-type":[],"class_list":{"0":"post-60971","1":"product","2":"type-product","3":"status-publish","4":"has-post-thumbnail","6":"product_cat-uncategorised","7":"sailcom-location-genfersee","8":"sailcom-event-type-sail-along","10":"first","11":"instock","12":"taxable","13":"shipping-taxable","14":"purchasable","15":"product-type-sc_event"},"acf":[],"_links":{"self":[{"href":"https:\/\/www.sailcom.ch\/en\/wp-json\/wp\/v2\/product\/60971","targetHints":{"allow":["GET"]}}],"collection":[{"href":"https:\/\/www.sailcom.ch\/en\/wp-json\/wp\/v2\/product"}],"about":[{"href":"https:\/\/www.sailcom.ch\/en\/wp-json\/wp\/v2\/types\/product"}],"author":[{"embeddable":true,"href":"https:\/\/www.sailcom.ch\/en\/wp-json\/wp\/v2\/users\/2755"}],"wp:featuredmedia":[{"embeddable":true,"href":"https:\/\/www.sailcom.ch\/en\/wp-json\/wp\/v2\/media\/23729"}],"wp:attachment":[{"href":"https:\/\/www.sailcom.ch\/en\/wp-json\/wp\/v2\/media?parent=60971"}],"wp:term":[{"taxonomy":"product_brand","embeddable":true,"href":"https:\/\/www.sailcom.ch\/en\/wp-json\/wp\/v2\/product_brand?post=60971"},{"taxonomy":"product_cat","embeddable":true,"href":"https:\/\/www.sailcom.ch\/en\/wp-json\/wp\/v2\/product_cat?post=60971"},{"taxonomy":"product_tag","embeddable":true,"href":"https:\/\/www.sailcom.ch\/en\/wp-json\/wp\/v2\/product_tag?post=60971"},{"taxonomy":"sailcom-capability","embeddable":true,"href":"https:\/\/www.sailcom.ch\/en\/wp-json\/wp\/v2\/sailcom-capability?post=60971"},{"taxonomy":"sailcom-location","embeddable":true,"href":"https:\/\/www.sailcom.ch\/en\/wp-json\/wp\/v2\/sailcom-location?post=60971"},{"taxonomy":"sailcom-event-type","embeddable":true,"href":"https:\/\/www.sailcom.ch\/en\/wp-json\/wp\/v2\/sailcom-event-type?post=60971"},{"taxonomy":"sailcom-boat-type","embeddable":true,"href":"https:\/\/www.sailcom.ch\/en\/wp-json\/wp\/v2\/sailcom-boat-type?post=60971"}],"curies":[{"name":"wp","href":"https:\/\/api.w.org\/{rel}","templated":true}]}}