{"id":60743,"date":"2026-03-03T23:10:21","date_gmt":"2026-03-03T22:10:21","guid":{"rendered":"https:\/\/www.sailcom.ch\/product\/product\/"},"modified":"2026-03-07T07:46:21","modified_gmt":"2026-03-07T06:46:21","slug":"event_60743","status":"publish","type":"product","link":"https:\/\/www.sailcom.ch\/en\/product\/event_60743\/","title":{"rendered":"SC Pfingstwochenende auf dem L\u00e9man an Bord der GALATEA SC Week- end de Pentec\u00f4te sur le L\u00e9man \u00e0 bord du GALATEA"},"content":{"rendered":"","protected":false},"excerpt":{"rendered":"<p>SC Pfingstwochenende auf dem L\u00e9man an Bord der GALATEA<\/p>\n<p>Wann:\tFreitag, 22.5. \u2013 Pfingstmontag, 25.5.2026<\/p>\n<p>Beschreibung:<br \/>\nDer Pfingstt\u00f6rn auf dem L\u00e9man ist hat sich unterdessen zu einem traditionellen Anlass gemausert; vormals mit der Platypus und nun mit der Galatea verbringen wir segelnd das Pfingstwochenende. Am ersten Abend legen wir in einem Hafen entlang der Lavaux an (Lutry, La Tour de Peilz oder Clarens).<br \/>\nF\u00fcr die \u00dcberfahrt am n\u00e4chsten Morgen nach Evian \u2013 les \u2013 Bains nehmen wir uns den ganzen Tag Zeit. Du hast nun Gelegenheit, das Boot auf verschiedenen Kursen zu steuern und  &#8211; mit etwas Wettergl\u00fcck \u2013 die Galatea unter Gennaker dahingleiten zu lassen. In Evian ist Kultur und Kulinarik angesagt. Jedes Jahr geht dort das \u00abFestil\u00e9man Evian\u00bb mit viel Livemusik \u00fcber die B\u00fchne, was wir uns nat\u00fcrlich nicht entgehen lassen!<br \/>\nDer Sonntag steht unter dem Motto \u00abwohin der Wind uns weht\u00bb; m\u00f6gliche Zwischenhalte sind Port Ripaille oder Thonon oder \u2026 Das Tagesziel ist der Hafen von Morges.<br \/>\nAm Montag geniessen wir nochmals ausgiebig das Segeln, bevor wir am Nachmittag den Heimathafen in Ouchy ansteuern, wo das Boot klar zum Auschecken gemacht wird. Ein gem\u00fctlicher Ankertrunk schliesst den Anlass ab.<\/p>\n<p>Treffpunkt: \tUm 16.30 Uhr im Hafen Ouchy beim Boot, Nordquai Platz 8<\/p>\n<p>Mitnehmen:\tDem Wetter entsprechende Seglergarderobe, Schlafsack und Fixleintuch, ID und Euros f\u00fcr den Landgang in Evian\/FR, Proviant besorgen wir gemeinsam nach Absprache vor dem Ablegen.<\/p>\n<p>Kosten:\t\tCHF 323.- bei 2 Teilnehmenden (Mindestanzahl Anmeldungen)<br \/>\n\t\t        CHF 242.- bei 3 Teilnehmenden (Maximalzahl wegen \u00dcbernachtung).<br \/>\n\t\t         Bezahlung bar oder per TWINT.<\/p>\n<p>Besonderes:\tDer Pfingstt\u00f6rn beinhaltet auch das Segeln mit dem Gennaker<br \/>\n\t\t(Einf\u00fchrung\/Anwendung).<br \/>\n\t\tDer A- Schein ist nur erforderlich, falls eine Einweisung gew\u00fcnscht wird. Die Teilnahme ist auch ohne SC \u2013 Mitgliedschaft m\u00f6glich.<br \/>\n\t\tDer Skipper beh\u00e4lt sich vor, den Event bei schwerem Wetter abzusagen oder fr\u00fchzeitig zu beenden.<\/p>\n<p>\uf0e8\tEs besteht die M\u00f6glichkeit f\u00fcr eine Teilnahme ohne \u00dcbernachtung an Bord; du kannst dich bei mir f\u00fcr eine Tagesetappe zum Mitsegeln anmelden.<br \/>\nDetails regeln wir bilateral betr. Start\/Zielort.<\/p>\n<p>Bei Fragen:\t       Bitte Telefon an J\u00fcrgen K\u00f6hler, 079 643 26 11<\/p>\n<p>SC Week- end de Pentec\u00f4te sur le L\u00e9man \u00e0 bord du GALATEA<\/p>\n<p>Quand :    Du vendredi 22 mai au lundi de Pentec\u00f4te 25 mai 2026<\/p>\n<p>Description :<br \/>\nLa croisi\u00e8re de Pentec\u00f4te sur le L\u00e9man est d\u00e9sormais devenue un \u00e9v\u00e9nement traditionnel ; autrefois avec le Platypus et maintenant avec le Galatea, nous passons le week-end de la Pentec\u00f4te \u00e0 naviguer. Le premier soir, nous accostons dans un port le long du Lavaux (Lutry, La Tour de Peilz ou Clarens).<br \/>\nPour la travers\u00e9e vers \u00c9vian-les-Bains le lendemain matin, nous prenons toute la journ\u00e9e. Tu as alors l&#039;occasion de barrer le bateau sur diff\u00e9rents caps et, si la m\u00e9t\u00e9o le permet, de faire glisser le Galatea sous gennaker. \u00c0 \u00c9vian, culture et gastronomie sont au rendez-vous. Chaque ann\u00e9e, le \u00ab Festil\u00e9man Evian \u00bb y propose de nombreux concerts, que nous ne manquons bien s\u00fbr pas !<br \/>\nLe dimanche est plac\u00e9 sous le signe de \u00ab l\u00e0 o\u00f9 le vent nous m\u00e8ne \u00bb ; les escales possibles sont Port Ripaille ou Thonon ou&#8230; La destination du jour est le port de Morges.<br \/>\nLe lundi, nous profitons encore une fois pleinement de la voile avant de mettre le cap dans l&#039;apr\u00e8s-midi sur le port d&#039;attache \u00e0 Ouchy, o\u00f9 le bateau est pr\u00e9par\u00e9 pour le d\u00e9part. Un ap\u00e9ritif convivial cl\u00f4t l&#039;\u00e9v\u00e9nement.<\/p>\n<p>Rendez-vous : \t\u00e0 16h30 au port d&#039;Ouchy pr\u00e8s du bateau, quai nord, place 8.<\/p>\n<p>\u00c0 emporter : \tv\u00eatements de voile adapt\u00e9s \u00e0 la m\u00e9t\u00e9o, sac de couchage et drap housse, Carte d\u2019identit\u00e9 et euros pour la descente \u00e0 terre \u00e0 \u00c9vian\/FR. Nous ach\u00e8terons les provisions ensemble avant le d\u00e9part, apr\u00e8s concertation.<\/p>\n<p>Co\u00fbt :     323 CHF pour 2 participants (nombre minimum d&#039;inscriptions)<br \/>\n       \t 242 CHF pour 3 participants (nombre maximum en raison de la nuit\u00e9e).<br \/>\n       \t Paiement en esp\u00e8ces ou via TWINT.<\/p>\n<p>Particularit\u00e9 :\tla croisi\u00e8re de la Pentec\u00f4te comprend \u00e9galement la navigation avec le gennaker (initiation\/utilisation).<br \/>\n\t\tLe permis A n&#039;est n\u00e9cessaire que si une initiation est souhait\u00e9e.<br \/>\n\t\tLe skipper se r\u00e9serve le droit d&#039;annuler ou d&#039;interrompre pr\u00e9matur\u00e9ment l&#039;\u00e9v\u00e9nement en cas de mauvaises conditions m\u00e9t\u00e9orologiques.<\/p>\n<p>\uf0e8\t\u00acIl est possible de participer sans passer la nuit \u00e0 bord ; tu peux t&#039;inscrire aupr\u00e8s de moi pour une \u00e9tape d&#039;une journ\u00e9e.<br \/>\nNous r\u00e9glerons les d\u00e9tails bilat\u00e9ralement en ce qui concerne le   lieu de d\u00e9part\/d&#039;arriv\u00e9e.<\/p>\n<p>Pour toute question : veuillez contacter J\u00fcrgen K\u00f6hler par t\u00e9l\u00e9phone, 079 643 26 11.<\/p>\n","protected":false},"author":2755,"featured_media":23729,"template":"","meta":{"_acf_changed":false,"publish_to_discourse":"","publish_post_category":"","wpdc_auto_publish_overridden":"","wpdc_topic_tags":"","wpdc_pin_topic":"","wpdc_pin_until":"","discourse_post_id":"","discourse_permalink":"","wpdc_publishing_response":"","wpdc_publishing_error":""},"product_brand":[],"product_cat":[15],"product_tag":[],"sailcom-capability":[],"sailcom-location":[340],"sailcom-event-type":[364],"sailcom-boat-type":[],"class_list":{"0":"post-60743","1":"product","2":"type-product","3":"status-publish","4":"has-post-thumbnail","6":"product_cat-uncategorised","7":"sailcom-location-genfersee","8":"sailcom-event-type-sail-along","10":"first","11":"outofstock","12":"taxable","13":"shipping-taxable","14":"purchasable","15":"product-type-sc_event"},"acf":[],"_links":{"self":[{"href":"https:\/\/www.sailcom.ch\/en\/wp-json\/wp\/v2\/product\/60743","targetHints":{"allow":["GET"]}}],"collection":[{"href":"https:\/\/www.sailcom.ch\/en\/wp-json\/wp\/v2\/product"}],"about":[{"href":"https:\/\/www.sailcom.ch\/en\/wp-json\/wp\/v2\/types\/product"}],"author":[{"embeddable":true,"href":"https:\/\/www.sailcom.ch\/en\/wp-json\/wp\/v2\/users\/2755"}],"wp:featuredmedia":[{"embeddable":true,"href":"https:\/\/www.sailcom.ch\/en\/wp-json\/wp\/v2\/media\/23729"}],"wp:attachment":[{"href":"https:\/\/www.sailcom.ch\/en\/wp-json\/wp\/v2\/media?parent=60743"}],"wp:term":[{"taxonomy":"product_brand","embeddable":true,"href":"https:\/\/www.sailcom.ch\/en\/wp-json\/wp\/v2\/product_brand?post=60743"},{"taxonomy":"product_cat","embeddable":true,"href":"https:\/\/www.sailcom.ch\/en\/wp-json\/wp\/v2\/product_cat?post=60743"},{"taxonomy":"product_tag","embeddable":true,"href":"https:\/\/www.sailcom.ch\/en\/wp-json\/wp\/v2\/product_tag?post=60743"},{"taxonomy":"sailcom-capability","embeddable":true,"href":"https:\/\/www.sailcom.ch\/en\/wp-json\/wp\/v2\/sailcom-capability?post=60743"},{"taxonomy":"sailcom-location","embeddable":true,"href":"https:\/\/www.sailcom.ch\/en\/wp-json\/wp\/v2\/sailcom-location?post=60743"},{"taxonomy":"sailcom-event-type","embeddable":true,"href":"https:\/\/www.sailcom.ch\/en\/wp-json\/wp\/v2\/sailcom-event-type?post=60743"},{"taxonomy":"sailcom-boat-type","embeddable":true,"href":"https:\/\/www.sailcom.ch\/en\/wp-json\/wp\/v2\/sailcom-boat-type?post=60743"}],"curies":[{"name":"wp","href":"https:\/\/api.w.org\/{rel}","templated":true}]}}