{"id":60571,"date":"2026-02-15T17:54:13","date_gmt":"2026-02-15T16:54:13","guid":{"rendered":"https:\/\/www.sailcom.ch\/product\/product\/"},"modified":"2026-03-19T03:35:08","modified_gmt":"2026-03-19T02:35:08","slug":"event_60571","status":"publish","type":"product","link":"https:\/\/www.sailcom.ch\/en\/product\/event_60571\/","title":{"rendered":"Skipper Training auf der \u201eNanuk\u201c"},"content":{"rendered":"","protected":false},"excerpt":{"rendered":"<p>Unser Sailcom-A-Cruiser \u201eNanuk\u201c wird am 18. M\u00e4rz eingewassert und ist bereit f\u00fcr deine T\u00f6rns auf dem Neuenburgersee. Der gr\u00f6sste Binnensee der Schweiz wartet darauf, von dir erkundet zu werden \u2013 dank der Ausstattung der \u201eNanuk\u201c gerne auch \u00fcber mehrere Tage.<br \/>\nDamit du dich an Bord von Anfang an sicher f\u00fchlst, bietet das Bootsteam verschiedene Einweisungstermine an. Wir schauen uns das Schiff gemeinsam an, teilen Tipps f\u00fcr reibungslose An- und Ablegeman\u00f6ver und gehen \u2013 sofern Wetter und Zeit es zulassen \u2013 f\u00fcr eine kurze Runde aufs Wasser.<br \/>\nDa mein Franz\u00f6sisch leider etwas eingerostet ist, findet die Einweisung ausschliesslich auf Deutsch statt. Wir treffen uns direkt am Steg Neuch\u00e2tel \u201eJeunes-Rives\u201c (Details dazu findest du auch im Handbuch).<br \/>\nMelde dich jetzt an und starte sicher in die neue Segelsaison!<\/p>\n","protected":false},"author":2735,"featured_media":53527,"template":"","meta":{"_acf_changed":false,"publish_to_discourse":"","publish_post_category":"","wpdc_auto_publish_overridden":"","wpdc_topic_tags":"","wpdc_pin_topic":"","wpdc_pin_until":"","discourse_post_id":"","discourse_permalink":"","wpdc_publishing_response":"","wpdc_publishing_error":""},"product_brand":[],"product_cat":[15],"product_tag":[],"sailcom-capability":[],"sailcom-location":[344],"sailcom-event-type":[373],"sailcom-boat-type":[],"class_list":{"0":"post-60571","1":"product","2":"type-product","3":"status-publish","4":"has-post-thumbnail","6":"product_cat-uncategorised","7":"sailcom-location-neuenburgersee","8":"sailcom-event-type-einweisungen","10":"first","11":"instock","12":"taxable","13":"shipping-taxable","14":"product-type-sc_event"},"acf":[],"_links":{"self":[{"href":"https:\/\/www.sailcom.ch\/en\/wp-json\/wp\/v2\/product\/60571","targetHints":{"allow":["GET"]}}],"collection":[{"href":"https:\/\/www.sailcom.ch\/en\/wp-json\/wp\/v2\/product"}],"about":[{"href":"https:\/\/www.sailcom.ch\/en\/wp-json\/wp\/v2\/types\/product"}],"author":[{"embeddable":true,"href":"https:\/\/www.sailcom.ch\/en\/wp-json\/wp\/v2\/users\/2735"}],"wp:featuredmedia":[{"embeddable":true,"href":"https:\/\/www.sailcom.ch\/en\/wp-json\/wp\/v2\/media\/53527"}],"wp:attachment":[{"href":"https:\/\/www.sailcom.ch\/en\/wp-json\/wp\/v2\/media?parent=60571"}],"wp:term":[{"taxonomy":"product_brand","embeddable":true,"href":"https:\/\/www.sailcom.ch\/en\/wp-json\/wp\/v2\/product_brand?post=60571"},{"taxonomy":"product_cat","embeddable":true,"href":"https:\/\/www.sailcom.ch\/en\/wp-json\/wp\/v2\/product_cat?post=60571"},{"taxonomy":"product_tag","embeddable":true,"href":"https:\/\/www.sailcom.ch\/en\/wp-json\/wp\/v2\/product_tag?post=60571"},{"taxonomy":"sailcom-capability","embeddable":true,"href":"https:\/\/www.sailcom.ch\/en\/wp-json\/wp\/v2\/sailcom-capability?post=60571"},{"taxonomy":"sailcom-location","embeddable":true,"href":"https:\/\/www.sailcom.ch\/en\/wp-json\/wp\/v2\/sailcom-location?post=60571"},{"taxonomy":"sailcom-event-type","embeddable":true,"href":"https:\/\/www.sailcom.ch\/en\/wp-json\/wp\/v2\/sailcom-event-type?post=60571"},{"taxonomy":"sailcom-boat-type","embeddable":true,"href":"https:\/\/www.sailcom.ch\/en\/wp-json\/wp\/v2\/sailcom-boat-type?post=60571"}],"curies":[{"name":"wp","href":"https:\/\/api.w.org\/{rel}","templated":true}]}}