{"id":60533,"date":"2026-02-12T16:12:57","date_gmt":"2026-02-12T15:12:57","guid":{"rendered":"https:\/\/www.sailcom.ch\/product\/produkt\/"},"modified":"2026-02-12T16:12:58","modified_gmt":"2026-02-12T15:12:58","slug":"event_60533","status":"publish","type":"product","link":"https:\/\/www.sailcom.ch\/en\/product\/event_60533\/","title":{"rendered":"Wochenendausflug mit der Neuenburger Flotte"},"content":{"rendered":"","protected":false},"excerpt":{"rendered":"<p>Mit den drei Booten segeln wir am Nachmittag \u00fcber den Neuenburgersee und \u00fcbernachten im Hafen Chevroux. Am Abend in Chevroux bereitet Heinz eine Pa\u00eblla zu und wir geniessen den Abend am Strand.<br \/>\nDer Preis beinhaltet die Bootsmiete, den Hafenplatz, die Paella, Wein, Bier, Mineral und Kaffee \/ Gipfeli am Morgen.<br \/>\nNach Absprache innerhalb der Bootscrew und Verf\u00fcgbarkeit des Bootes kann das Segeln am Sonntag verl\u00e4ngert werden.<\/p>\n","protected":false},"author":1840,"featured_media":53527,"template":"","meta":{"_acf_changed":false,"publish_to_discourse":"","publish_post_category":"","wpdc_auto_publish_overridden":"","wpdc_topic_tags":"","wpdc_pin_topic":"","wpdc_pin_until":"","discourse_post_id":"","discourse_permalink":"","wpdc_publishing_response":"","wpdc_publishing_error":""},"product_brand":[],"product_cat":[15],"product_tag":[],"sailcom-capability":[],"sailcom-location":[344],"sailcom-event-type":[364],"sailcom-boat-type":[],"class_list":{"0":"post-60533","1":"product","2":"type-product","3":"status-publish","4":"has-post-thumbnail","6":"product_cat-uncategorised","7":"sailcom-location-neuenburgersee","8":"sailcom-event-type-sail-along","10":"first","11":"instock","12":"taxable","13":"shipping-taxable","14":"purchasable","15":"product-type-sc_event"},"acf":[],"_links":{"self":[{"href":"https:\/\/www.sailcom.ch\/en\/wp-json\/wp\/v2\/product\/60533","targetHints":{"allow":["GET"]}}],"collection":[{"href":"https:\/\/www.sailcom.ch\/en\/wp-json\/wp\/v2\/product"}],"about":[{"href":"https:\/\/www.sailcom.ch\/en\/wp-json\/wp\/v2\/types\/product"}],"author":[{"embeddable":true,"href":"https:\/\/www.sailcom.ch\/en\/wp-json\/wp\/v2\/users\/1840"}],"wp:featuredmedia":[{"embeddable":true,"href":"https:\/\/www.sailcom.ch\/en\/wp-json\/wp\/v2\/media\/53527"}],"wp:attachment":[{"href":"https:\/\/www.sailcom.ch\/en\/wp-json\/wp\/v2\/media?parent=60533"}],"wp:term":[{"taxonomy":"product_brand","embeddable":true,"href":"https:\/\/www.sailcom.ch\/en\/wp-json\/wp\/v2\/product_brand?post=60533"},{"taxonomy":"product_cat","embeddable":true,"href":"https:\/\/www.sailcom.ch\/en\/wp-json\/wp\/v2\/product_cat?post=60533"},{"taxonomy":"product_tag","embeddable":true,"href":"https:\/\/www.sailcom.ch\/en\/wp-json\/wp\/v2\/product_tag?post=60533"},{"taxonomy":"sailcom-capability","embeddable":true,"href":"https:\/\/www.sailcom.ch\/en\/wp-json\/wp\/v2\/sailcom-capability?post=60533"},{"taxonomy":"sailcom-location","embeddable":true,"href":"https:\/\/www.sailcom.ch\/en\/wp-json\/wp\/v2\/sailcom-location?post=60533"},{"taxonomy":"sailcom-event-type","embeddable":true,"href":"https:\/\/www.sailcom.ch\/en\/wp-json\/wp\/v2\/sailcom-event-type?post=60533"},{"taxonomy":"sailcom-boat-type","embeddable":true,"href":"https:\/\/www.sailcom.ch\/en\/wp-json\/wp\/v2\/sailcom-boat-type?post=60533"}],"curies":[{"name":"wp","href":"https:\/\/api.w.org\/{rel}","templated":true}]}}