{"id":60440,"date":"2026-02-09T09:58:44","date_gmt":"2026-02-09T08:58:44","guid":{"rendered":"https:\/\/www.sailcom.ch\/product\/product\/"},"modified":"2026-02-17T11:54:56","modified_gmt":"2026-02-17T10:54:56","slug":"event_60440","status":"publish","type":"product","link":"https:\/\/www.sailcom.ch\/en\/product\/event_60440\/","title":{"rendered":"Unterhaltsevent in Marthalen"},"content":{"rendered":"","protected":false},"excerpt":{"rendered":"<p>Unterhaltsarbeiten an der Malin und an der Aramis (schleifen, polieren, \u00f6len, streichen, putzen, etc.) in der (partiell) geheizten Halle in Marthalen (Kanton Z\u00fcrich; Google Koordinaten JM97+G59). F\u00fcr Tee, Kaffee und Guetzli in den Pausen ist gesorgt, f\u00fcr das Mittagessen werfen wir den Grill an. Die Helferstunden werden 1:1 gutgeschrieben. Wir holen Euch auch gerne am Bahnhof Marthalen ab (bitte per Mail, Natel, Whatsapp oder SMS bei Heiri melden, 079 917 02 41 oder hans.heinrich@knues.li).<\/p>\n","protected":false},"author":2773,"featured_media":6472,"template":"","meta":{"_acf_changed":false,"publish_to_discourse":"","publish_post_category":"","wpdc_auto_publish_overridden":"","wpdc_topic_tags":"","wpdc_pin_topic":"","wpdc_pin_until":"","discourse_post_id":"","discourse_permalink":"","wpdc_publishing_response":"","wpdc_publishing_error":""},"product_brand":[],"product_cat":[15],"product_tag":[],"sailcom-capability":[],"sailcom-location":[348],"sailcom-event-type":[380],"sailcom-boat-type":[],"class_list":{"0":"post-60440","1":"product","2":"type-product","3":"status-publish","4":"has-post-thumbnail","6":"product_cat-uncategorised","7":"sailcom-location-zurichsee","8":"sailcom-event-type-maintenance","10":"first","11":"instock","12":"taxable","13":"shipping-taxable","14":"product-type-sc_event"},"acf":[],"_links":{"self":[{"href":"https:\/\/www.sailcom.ch\/en\/wp-json\/wp\/v2\/product\/60440","targetHints":{"allow":["GET"]}}],"collection":[{"href":"https:\/\/www.sailcom.ch\/en\/wp-json\/wp\/v2\/product"}],"about":[{"href":"https:\/\/www.sailcom.ch\/en\/wp-json\/wp\/v2\/types\/product"}],"author":[{"embeddable":true,"href":"https:\/\/www.sailcom.ch\/en\/wp-json\/wp\/v2\/users\/2773"}],"wp:featuredmedia":[{"embeddable":true,"href":"https:\/\/www.sailcom.ch\/en\/wp-json\/wp\/v2\/media\/6472"}],"wp:attachment":[{"href":"https:\/\/www.sailcom.ch\/en\/wp-json\/wp\/v2\/media?parent=60440"}],"wp:term":[{"taxonomy":"product_brand","embeddable":true,"href":"https:\/\/www.sailcom.ch\/en\/wp-json\/wp\/v2\/product_brand?post=60440"},{"taxonomy":"product_cat","embeddable":true,"href":"https:\/\/www.sailcom.ch\/en\/wp-json\/wp\/v2\/product_cat?post=60440"},{"taxonomy":"product_tag","embeddable":true,"href":"https:\/\/www.sailcom.ch\/en\/wp-json\/wp\/v2\/product_tag?post=60440"},{"taxonomy":"sailcom-capability","embeddable":true,"href":"https:\/\/www.sailcom.ch\/en\/wp-json\/wp\/v2\/sailcom-capability?post=60440"},{"taxonomy":"sailcom-location","embeddable":true,"href":"https:\/\/www.sailcom.ch\/en\/wp-json\/wp\/v2\/sailcom-location?post=60440"},{"taxonomy":"sailcom-event-type","embeddable":true,"href":"https:\/\/www.sailcom.ch\/en\/wp-json\/wp\/v2\/sailcom-event-type?post=60440"},{"taxonomy":"sailcom-boat-type","embeddable":true,"href":"https:\/\/www.sailcom.ch\/en\/wp-json\/wp\/v2\/sailcom-boat-type?post=60440"}],"curies":[{"name":"wp","href":"https:\/\/api.w.org\/{rel}","templated":true}]}}