{"id":59519,"date":"2026-01-01T13:11:23","date_gmt":"2026-01-01T12:11:23","guid":{"rendered":"https:\/\/www.sailcom.ch\/product\/product\/"},"modified":"2026-03-21T18:24:43","modified_gmt":"2026-03-21T17:24:43","slug":"event_59519","status":"publish","type":"product","link":"https:\/\/www.sailcom.ch\/en\/product\/event_59519\/","title":{"rendered":"Hafenman\u00f6ver-Training f\u00fcr kleine Crews &amp; Einhandsegler"},"content":{"rendered":"","protected":false},"excerpt":{"rendered":"<p>\ud83d\udea4 Hafenman\u00f6ver-Training f\u00fcr kleine Crews &amp; Einhandsegler<\/p>\n<p>Mit der Viko S30 in Neuch\u00e2tel<\/p>\n<p>Hafenman\u00f6ver sollen keine Stressmomente sein \u2013 sondern Spass machen!<br \/>\nIn diesem praxisnahen Training \u00fcben wir auch mit kleiner Crew oder solo sicher und souver\u00e4n zu man\u00f6vrieren.<\/p>\n<p>Was wir \u00fcben:<br \/>\n\u2013 An- und Ablegen (seitw\u00e4rts\/ Box)<br \/>\n\u2013 Leinenarbeit<br \/>\n\u2013 Man\u00f6vrieren auf engem Raum<br \/>\n\u2013 Kommunikation &amp; Taktik bei wenig Crew<\/p>\n<p>Ich bringe mehrj\u00e4hrige (Hochsee-) Segel-Erfahrung mit \u2013 auch als Einhandsegler.<\/p>\n<p>\ud83d\udccd Treffpunkt: Direkt bei der Viko S30 im Hafen &quot;jeunes rives&quot; in Neuch\u00e2tel<br \/>\n\ud83d\udc65 Teilnehmerzahl: 2 Personen<\/p>\n<p>Wichtige Hinweise:<br \/>\n\u2013 Das Training findet ab 2 Teilnehmenden statt<br \/>\n\u2013 Durchf\u00fchrung bei (fast) jedem Wetter \u2013 ausgenommen Sturm oder Gewitter<br \/>\n\u2013 Grundkenntnisse Segel-Yachten&amp;Leinenarbeit n\u00f6tig<br \/>\n\u2013 Ich gehe gerne auf individuelle W\u00fcnsche ein \u2013 soweit Wind und Hafenbedingungen es erlauben<\/p>\n<p>\ud83d\udce7 f\u00fcr Fragen: meldet euch doch bitte \u2013 christoph.wydler@zapp.ch<\/p>\n","protected":false},"author":1836,"featured_media":53527,"template":"","meta":{"_acf_changed":false,"publish_to_discourse":"","publish_post_category":"","wpdc_auto_publish_overridden":"","wpdc_topic_tags":"","wpdc_pin_topic":"","wpdc_pin_until":"","discourse_post_id":"","discourse_permalink":"","wpdc_publishing_response":"","wpdc_publishing_error":""},"product_brand":[],"product_cat":[15],"product_tag":[],"sailcom-capability":[],"sailcom-location":[344],"sailcom-event-type":[375],"sailcom-boat-type":[],"class_list":{"0":"post-59519","1":"product","2":"type-product","3":"status-publish","4":"has-post-thumbnail","6":"product_cat-uncategorised","7":"sailcom-location-neuenburgersee","8":"sailcom-event-type-hafen","10":"first","11":"outofstock","12":"taxable","13":"shipping-taxable","14":"product-type-sc_event"},"acf":[],"_links":{"self":[{"href":"https:\/\/www.sailcom.ch\/en\/wp-json\/wp\/v2\/product\/59519","targetHints":{"allow":["GET"]}}],"collection":[{"href":"https:\/\/www.sailcom.ch\/en\/wp-json\/wp\/v2\/product"}],"about":[{"href":"https:\/\/www.sailcom.ch\/en\/wp-json\/wp\/v2\/types\/product"}],"author":[{"embeddable":true,"href":"https:\/\/www.sailcom.ch\/en\/wp-json\/wp\/v2\/users\/1836"}],"wp:featuredmedia":[{"embeddable":true,"href":"https:\/\/www.sailcom.ch\/en\/wp-json\/wp\/v2\/media\/53527"}],"wp:attachment":[{"href":"https:\/\/www.sailcom.ch\/en\/wp-json\/wp\/v2\/media?parent=59519"}],"wp:term":[{"taxonomy":"product_brand","embeddable":true,"href":"https:\/\/www.sailcom.ch\/en\/wp-json\/wp\/v2\/product_brand?post=59519"},{"taxonomy":"product_cat","embeddable":true,"href":"https:\/\/www.sailcom.ch\/en\/wp-json\/wp\/v2\/product_cat?post=59519"},{"taxonomy":"product_tag","embeddable":true,"href":"https:\/\/www.sailcom.ch\/en\/wp-json\/wp\/v2\/product_tag?post=59519"},{"taxonomy":"sailcom-capability","embeddable":true,"href":"https:\/\/www.sailcom.ch\/en\/wp-json\/wp\/v2\/sailcom-capability?post=59519"},{"taxonomy":"sailcom-location","embeddable":true,"href":"https:\/\/www.sailcom.ch\/en\/wp-json\/wp\/v2\/sailcom-location?post=59519"},{"taxonomy":"sailcom-event-type","embeddable":true,"href":"https:\/\/www.sailcom.ch\/en\/wp-json\/wp\/v2\/sailcom-event-type?post=59519"},{"taxonomy":"sailcom-boat-type","embeddable":true,"href":"https:\/\/www.sailcom.ch\/en\/wp-json\/wp\/v2\/sailcom-boat-type?post=59519"}],"curies":[{"name":"wp","href":"https:\/\/api.w.org\/{rel}","templated":true}]}}