{"id":56027,"date":"2025-12-02T22:25:59","date_gmt":"2025-12-02T21:25:59","guid":{"rendered":"https:\/\/www.sailcom.ch\/product\/product\/"},"modified":"2026-04-01T09:21:03","modified_gmt":"2026-04-01T07:21:03","slug":"event_56027","status":"publish","type":"product","link":"https:\/\/www.sailcom.ch\/en\/product\/event_56027\/","title":{"rendered":"Starkwind- und Meilent\u00f6rn Kanaren"},"content":{"rendered":"","protected":false},"excerpt":{"rendered":"<p>Surfen auf den Atlantikwellen im Starkwind<\/p>\n<p>https:\/\/segelschule-namaste.ch\/events\/meilentoern-kanarische-inseln-501-sm-5\/#em-event-booking-form<\/p>\n<p>Mit seinen starken und best\u00e4ndigen Passatwinden und den wundersch\u00f6nen Atlantikinseln die einem das Gef\u00fchl geben \u201eam Ende der Welt\u201c zu sein, bietet es dem Kenner sehr viele M\u00f6glichkeiten.<\/p>\n<p>Da ich hier schon unz\u00e4hlige Meilent\u00f6rns gemacht habe (insgesamt ca. 20.000 Seemeilen alleine um die kanarischen Inseln), kenne ich die Winde und die Inseln sehr gut.<\/p>\n<p>Wir werden in kurzer Zeit extrem viele Seemeilen, so angenehm und effizient wie m\u00f6glich, auf einem grossen und schnellen Schiff zur\u00fccklegen. Bis zu 500 sm in einer Woche sind m\u00f6glich und werden auch mal \u00fcbertroffen.<\/p>\n<p>Der Fokus liegt auf der Auswertung von Wind- und Wettervorhersagen und dem daraus resultierenden Passage Plan. Die ergiebigste Route, bei der wir die meisten Seemeilen in k\u00fcrzester Zeit zur\u00fccklegen k\u00f6nnen, wird gew\u00e4hlt.<\/p>\n<p>Bei der Auswahl der Schiffe setzen wir grosse Segelyachten ein, die entsprechend ihrer l\u00e4ngeren Wasserlinie auch eine gr\u00f6ssere Fahrtgeschwindigkeit erm\u00f6glichen. Hinzu kommt der Komfort. Auf den Meilent\u00f6rns stehen die Kabinen f\u00fcr die Teilnehmer optional zur alleinigen Nutzung zur Verf\u00fcgung. Nach einem harten, lehrreichen und doch sch\u00f6nen Segeltag, muss man sich gut ausruhen, um f\u00fcr die n\u00e4chste Etappe gewappnet zu sein.<\/p>\n<p>Schliesslich wollen wir unser Ziel von 501 sm erreichen und dabei auch noch viel Freude am Segeln sowie an den Landg\u00e4ngen und den kulinarischen Erlebnissen in der jeweiligen Landes\u00fcblichen K\u00fcche haben.<\/p>\n<p>Die zur\u00fcckgelegten Seemeilen werden im Logbuch protokolliert. Jeder Teilnehmer bekommt eine Kopie mit Originalunterschrift vom Skipper und die Best\u00e4tigung im pers\u00f6nlichen Meilenb\u00fcchlein.<\/p>\n<p>Ich freue mich dich bald auf einen meiner erlebnis- und lehrreichen Meilent\u00f6rns begr\u00fcssen zu d\u00fcrfen,<br \/>\nRobin<\/p>\n<p>Es gelten die Segelschule Namaste T\u00f6rnbedingungen<\/p>\n","protected":false},"author":3557,"featured_media":46054,"template":"","meta":{"_acf_changed":false,"publish_to_discourse":"","publish_post_category":"","wpdc_auto_publish_overridden":"","wpdc_topic_tags":"","wpdc_pin_topic":"","wpdc_pin_until":"","discourse_post_id":"","discourse_permalink":"","wpdc_publishing_response":"","wpdc_publishing_error":""},"product_brand":[],"product_cat":[15],"product_tag":[],"sailcom-capability":[],"sailcom-location":[532],"sailcom-event-type":[374,376],"sailcom-boat-type":[],"class_list":{"0":"post-56027","1":"product","2":"type-product","3":"status-publish","4":"has-post-thumbnail","6":"product_cat-uncategorised","7":"sailcom-location-sailcom-offshore","8":"sailcom-event-type-skippertraining","9":"sailcom-event-type-starkwindtraining","11":"first","12":"instock","13":"taxable","14":"shipping-taxable","15":"purchasable","16":"product-type-sc_event"},"acf":[],"_links":{"self":[{"href":"https:\/\/www.sailcom.ch\/en\/wp-json\/wp\/v2\/product\/56027","targetHints":{"allow":["GET"]}}],"collection":[{"href":"https:\/\/www.sailcom.ch\/en\/wp-json\/wp\/v2\/product"}],"about":[{"href":"https:\/\/www.sailcom.ch\/en\/wp-json\/wp\/v2\/types\/product"}],"author":[{"embeddable":true,"href":"https:\/\/www.sailcom.ch\/en\/wp-json\/wp\/v2\/users\/3557"}],"wp:featuredmedia":[{"embeddable":true,"href":"https:\/\/www.sailcom.ch\/en\/wp-json\/wp\/v2\/media\/46054"}],"wp:attachment":[{"href":"https:\/\/www.sailcom.ch\/en\/wp-json\/wp\/v2\/media?parent=56027"}],"wp:term":[{"taxonomy":"product_brand","embeddable":true,"href":"https:\/\/www.sailcom.ch\/en\/wp-json\/wp\/v2\/product_brand?post=56027"},{"taxonomy":"product_cat","embeddable":true,"href":"https:\/\/www.sailcom.ch\/en\/wp-json\/wp\/v2\/product_cat?post=56027"},{"taxonomy":"product_tag","embeddable":true,"href":"https:\/\/www.sailcom.ch\/en\/wp-json\/wp\/v2\/product_tag?post=56027"},{"taxonomy":"sailcom-capability","embeddable":true,"href":"https:\/\/www.sailcom.ch\/en\/wp-json\/wp\/v2\/sailcom-capability?post=56027"},{"taxonomy":"sailcom-location","embeddable":true,"href":"https:\/\/www.sailcom.ch\/en\/wp-json\/wp\/v2\/sailcom-location?post=56027"},{"taxonomy":"sailcom-event-type","embeddable":true,"href":"https:\/\/www.sailcom.ch\/en\/wp-json\/wp\/v2\/sailcom-event-type?post=56027"},{"taxonomy":"sailcom-boat-type","embeddable":true,"href":"https:\/\/www.sailcom.ch\/en\/wp-json\/wp\/v2\/sailcom-boat-type?post=56027"}],"curies":[{"name":"wp","href":"https:\/\/api.w.org\/{rel}","templated":true}]}}