{"id":55857,"date":"2025-11-20T15:10:57","date_gmt":"2025-11-20T14:10:57","guid":{"rendered":"https:\/\/www.sailcom.ch\/product\/product\/"},"modified":"2026-01-20T08:53:23","modified_gmt":"2026-01-20T07:53:23","slug":"event_55857","status":"publish","type":"product","link":"https:\/\/www.sailcom.ch\/en\/product\/event_55857\/","title":{"rendered":"Skippertraining \u00e0 la carte"},"content":{"rendered":"","protected":false},"excerpt":{"rendered":"<p>Intensiver Man\u00f6vertag &#8211; wir \u00fcben das, was du brauchst<br \/>\nZiel: Sicherheit gewinnen<\/p>\n<p>Ist der Bodensee dein Revier und du m\u00f6chtest diese sch\u00f6ne Bavaria 34 auch auf engem Raum sicher parkieren k\u00f6nnen? &#8211; Dann ist dieser Tag f\u00fcr dich genau das Richtige.<br \/>\nDu hast den Hochseeschein und willst auf dem Meer chartern? &#8211; An diesem Kurstag kannst du am Bodensee \u00fcben, was du auf dem Meer k\u00f6nnen sollst. Die Yacht, die zur Verf\u00fcgung steht, hat die gleichen Funktionen, wie die etwas gr\u00f6sseren Boote auf dem Meer (Radsteuerung, Bugstrahlruder).<br \/>\nVielleicht hast du ganz andere W\u00fcnsche und m\u00f6chtest ein MOB sicher fahren k\u00f6nnen, hast Fragen zu Segeltrimm oder hast von einem Man\u00f6ver geh\u00f6rt, dass du gerne ausprobieren m\u00f6chtest. Let&#039;s do that! Du bestimmst, was wir \u00fcben.<\/p>\n<p>Kleine Gruppe (im Winter max 3 Personen + Instruktor)<br \/>\nDurchf\u00fchrung ab 2 Person<br \/>\nDas Training findet bei jedem Wetter statt (ausser bei aktiver Starkwind- oder Sturmwarnung).<br \/>\nVormittag 3h Training<br \/>\nMittagessen im Restaurant Brilla direkt am Hafen. Dort hat es auch eine Toilette.<br \/>\nNachmittag nochmals 3h Training.<\/p>\n<p>Instruktor: Andy Stifter (A\/D-Schein, CH-Hochseeschein, RYA Yachtmaster Offshore, Ausbildner auf Hochsee-Ausbildungst\u00f6rns, &gt;25\u2019000sm, Mitglied im Bootsteam Bavaria 34)<br \/>\nweitere Infos \u00fcber mich findest du auf hochamwind.ch oder extramile-sailing.ch<\/p>\n<p>Bezahlung des Kursbeitrags via Rechnung<\/p>\n<p>Fragen? &#8211; Schicke mir eine Email oder eine WhatsApp-Nachricht:<br \/>\nadmin@hochamwind.ch<br \/>\n078 807 93 99<\/p>\n","protected":false},"author":3545,"featured_media":45069,"template":"","meta":{"_acf_changed":false,"publish_to_discourse":"","publish_post_category":"","wpdc_auto_publish_overridden":"","wpdc_topic_tags":"","wpdc_pin_topic":"","wpdc_pin_until":"","discourse_post_id":"","discourse_permalink":"","wpdc_publishing_response":"","wpdc_publishing_error":""},"product_brand":[],"product_cat":[15],"product_tag":[],"sailcom-capability":[],"sailcom-location":[339],"sailcom-event-type":[374],"sailcom-boat-type":[],"class_list":{"0":"post-55857","1":"product","2":"type-product","3":"status-publish","4":"has-post-thumbnail","6":"product_cat-uncategorised","7":"sailcom-location-bodensee","8":"sailcom-event-type-skippertraining","10":"first","11":"outofstock","12":"taxable","13":"shipping-taxable","14":"product-type-sc_event"},"acf":[],"_links":{"self":[{"href":"https:\/\/www.sailcom.ch\/en\/wp-json\/wp\/v2\/product\/55857","targetHints":{"allow":["GET"]}}],"collection":[{"href":"https:\/\/www.sailcom.ch\/en\/wp-json\/wp\/v2\/product"}],"about":[{"href":"https:\/\/www.sailcom.ch\/en\/wp-json\/wp\/v2\/types\/product"}],"author":[{"embeddable":true,"href":"https:\/\/www.sailcom.ch\/en\/wp-json\/wp\/v2\/users\/3545"}],"wp:featuredmedia":[{"embeddable":true,"href":"https:\/\/www.sailcom.ch\/en\/wp-json\/wp\/v2\/media\/45069"}],"wp:attachment":[{"href":"https:\/\/www.sailcom.ch\/en\/wp-json\/wp\/v2\/media?parent=55857"}],"wp:term":[{"taxonomy":"product_brand","embeddable":true,"href":"https:\/\/www.sailcom.ch\/en\/wp-json\/wp\/v2\/product_brand?post=55857"},{"taxonomy":"product_cat","embeddable":true,"href":"https:\/\/www.sailcom.ch\/en\/wp-json\/wp\/v2\/product_cat?post=55857"},{"taxonomy":"product_tag","embeddable":true,"href":"https:\/\/www.sailcom.ch\/en\/wp-json\/wp\/v2\/product_tag?post=55857"},{"taxonomy":"sailcom-capability","embeddable":true,"href":"https:\/\/www.sailcom.ch\/en\/wp-json\/wp\/v2\/sailcom-capability?post=55857"},{"taxonomy":"sailcom-location","embeddable":true,"href":"https:\/\/www.sailcom.ch\/en\/wp-json\/wp\/v2\/sailcom-location?post=55857"},{"taxonomy":"sailcom-event-type","embeddable":true,"href":"https:\/\/www.sailcom.ch\/en\/wp-json\/wp\/v2\/sailcom-event-type?post=55857"},{"taxonomy":"sailcom-boat-type","embeddable":true,"href":"https:\/\/www.sailcom.ch\/en\/wp-json\/wp\/v2\/sailcom-boat-type?post=55857"}],"curies":[{"name":"wp","href":"https:\/\/api.w.org\/{rel}","templated":true}]}}