{"id":54712,"date":"2026-01-21T15:43:57","date_gmt":"2026-01-21T14:43:57","guid":{"rendered":"https:\/\/www.sailcom.ch\/product\/product\/"},"modified":"2026-04-21T11:39:26","modified_gmt":"2026-04-21T09:39:26","slug":"event_54712","status":"publish","type":"product","link":"https:\/\/www.sailcom.ch\/en\/product\/event_54712\/","title":{"rendered":"\u26f5 Der SailCom T\u00f6rn durch die Inselwelt Dalmatiens. \u2600\ufe0f"},"content":{"rendered":"","protected":false},"excerpt":{"rendered":"<h4>Inselh\u00fcpfen, Training &amp; Genuss-Segeln in Dalmatien:<br \/>\nDein Start in den Segelsommer 2026.<\/h4>\n<p><strong>Erlebe die faszinierende Inselwelt Kroatiens an Bord einer modernen Dufour 430 GL.<br \/>\nAls Refresher f\u00fcr Deine Skills, zur Vorbereitung auf den Hochseeschein oder ganz einfach nur um entspanntes Fahrtensegeln mit SailCom auf dem Meer zu geniessen \u2013 dieser T\u00f6rn bietet dir die optimale Mischung aus Segelspass und Ausbildung.<\/strong><\/p>\n<h5><strong>T\u00f6rn-Status: <\/strong><\/h5>\n<p>\u2705 Garantierte Durchf\u00fchrung, die Yacht ist bereits fest gechartert!<br \/>\n\u2705 Aktuell bereits an Bord: <b>5<\/b> Personen, inkl. Skipper. (belegt: 2 x Kabine privat (m), 3 x Kojenplatz (m) in Doppelkabine)<\/p>\n<p>\u26a0\ufe0f Nur noch <strong>ein letzter Platz<\/strong> (m) frei!<\/p>\n<h5><strong>Darum solltest du dabei sein:<\/strong><\/h5>\n<p><strong>Das Revier:<\/strong> Von der Marina Frapa (nahe Split) durch die Kornaten bis zu den Wasserf\u00e4llen von Skradin.<br \/>\n<strong>Der Skipper<\/strong>: Uwe Bechmann. RYA Yachtmaster &amp; Hochseeschein-Instruktor, SailCom Mitglied der GL.<br \/>\n<strong>Meilen &amp; Praxis:<\/strong> Best\u00e4tigung von Seemeilen gem. Leistungsnachweis CCS \/ SYA, gezieltes Training unterwegs, nach Wunsch der Crew.<br \/>\n<strong>Moderne Yacht: <\/strong>Wir segeln auf der \u201e<a href=\"https:\/\/ws.nausys.com\/CBMS-external\/rest\/yacht\/10278332\/html\" target=\"_blank\" rel=\"noopener\">Amoroso\u201c (Dufour 430 GL, Bj. 2020 [Infos])<\/a> \u2013 Bereits zum dritten Mal mit dieser tollen Yacht.<br \/>\n<strong>Der T\u00f6rn-Spirit:<\/strong>Wertsch\u00e4tzender Umgang an Bord, gemeinsames Planen und Segeln und nat\u00fcrlich der obligatorische \u201eAnkerschluck\u201c beim Debriefing in der Abendsonne.<\/p>\n<p>&#8212;<\/p>\n<div><img fetchpriority=\"high\" decoding=\"async\" class=\"alignleft wp-image-48600 size-full\" style=\"padding-bottom: 15px;\" title=\"Einsame Ankerbucht inmitten des Inselmeeres vor Mitteldalmatien, Kornaten, Kroatien. Im Bild unten die Amoroso in der Vorbereitung, den Ankerplatz zu verlassen\" src=\"https:\/\/www.sailcom.ch\/wp-content\/uploads\/2025\/05\/IMG_5742-scaled-e1759220531982.jpeg\" alt=\"Einsame Ankerbucht inmitten des Inselmeeres vor Mitteldalmatien, Kornaten, Kroatien. Im Bild unten die Amoroso in der Vorbereitung, den Ankerplatz zu verlassen\" width=\"640\" height=\"213\" \/><\/div>\n<h5><strong>Der T\u00f6rn auf einen Blick<\/strong><\/h5>\n<p><strong>Datum:<\/strong> 30. Mai \u2013 06. Juni 2026<br \/>\n<strong>Start\/Ziel:<\/strong> Marina Frapa, Rogoznica (nur 30 Min. vom Flughafen Split entfernt).<br \/>\n<strong>Highlights: <\/strong>die unwirklichen Kornaten, der Naturpark Tela\u0161ci\u00e7a, die Krka-F\u00e4lle, einsame Ankerbuchten und authentische Konobas.<br \/>\n<strong>Klima:<\/strong>\u00a0Perfekter Fr\u00fchsommer. T-Shirt-Wetter tags\u00fcber, angenehme N\u00e4chte \u2013 das schwere \u00d6lzeug kann zu Hause bleiben!<\/p>\n<p>&#8212;<\/p>\n<h5><strong>Dein Skipper: Uwe Bechmann<\/strong><\/h5>\n<p><img decoding=\"async\" class=\"alignleft size-thumbnail wp-image-54734\" src=\"https:\/\/www.sailcom.ch\/wp-content\/uploads\/2025\/09\/2019-04-29-16.04.56-150x150.jpg\" alt=\"\" width=\"150\" height=\"150\" \/>Seit \u00fcber <strong>20 Jahren bei SailCom<\/strong> in Bootsteams aktiv, aktuell in der SailCom-Gesch\u00e4ftsleitung und leidenschaftlicher Fahrtensegler. In das wunderbare Segelrevier Kroatien zieht es mich seit mehr als 10 Jahren fast j\u00e4hrlich.<\/p>\n<p><strong>Als Hochseeschein-Inhaber, Hochseeschein-Instruktor <\/strong>(u.a. f\u00fcr Hochamwind.ch, SailCom und ehemals HOZ)<strong> und RYA Yachtmaster<\/strong> begleite ich dich mit dem Fokus auf Sicherheit durch die Adria.<br \/>\nMein Fokus liegt nicht auf Regatta-Stress, sondern auf technisch-navigatorischer Finesse und einem entspannten Miteinander.<br \/>\nUnterwegs rotieren wir die Rollen an Bord (auf Wunsch inkl. Tagesskipper), sodass jede:r auf seine Kosten kommt.<\/p>\n<p>&#8212;<\/p>\n<h5>Infos zur Buchung<\/h5>\n<p><strong>Preis:<\/strong> Nur CHF 945.00 pro Person f\u00fcr einen g\u00fcnstigen Kojenplatz in einer Doppelkabine.<br \/>\n<strong>Mehr Privatsph\u00e4re gew\u00fcnscht?<\/strong> F\u00fcr eine Einzelkabine reserviere bitte einfach 2 Pl\u00e4tze.<br \/>\n<strong>Anreise:<\/strong> Stressfrei mit Easyjet (Genf), Edelweiss oder Croatia Airlines (Z\u00fcrich) direkt nach Split. Die Flugzeiten passen perfekt zur Boots\u00fcbergabe.<br \/>\n<strong>Noch kein SailCom-Mitglied?<\/strong> Kein Problem! Melde dich einfach bei mir, wir finden eine L\u00f6sung.<\/p>\n<div><img decoding=\"async\" class=\"alignleft size-full wp-image-54731\" title=\"Vor Anker in einer der wunderbaren Buchten, die uns erwarten\" src=\"https:\/\/www.sailcom.ch\/wp-content\/uploads\/2025\/09\/IMG_3404-scaled-e1759218690503.jpg\" alt=\"Vor Anker in einer der wunderbaren Buchten, die uns erwarten\" width=\"640\" height=\"360\" \/><\/div>\n<p>&nbsp;<\/p>\n<hr \/>\n<h5>\ud83d\udce9 Jetzt unverbindlich anfragen oder direkt anmelden!<\/h5>\n<p>Hast du Fragen zur Route oder zum Ablauf?<br \/>\nIch freue mich auf deine Nachricht oder deinen Anruf.<\/p>\n<p><strong>E-Mail:<\/strong> <a href=\"mailto:uwe.bechmann@sailcom.ch\">uwe.bechmann@sailcom.ch<\/a><br \/>\n<strong>Telefon:<\/strong> 044 322 66 24 (Hinterlasse eine Nachricht, ich rufe zeitnah zur\u00fcck!)<\/p>\n<p>Komm an Bord der \u201eAmoroso\u201c und lass uns gemeinsam den Segelsommer 2026 einl\u00e4uten!<\/p>\n","protected":false},"author":2774,"featured_media":54725,"template":"","meta":{"_acf_changed":false,"publish_to_discourse":"","publish_post_category":"","wpdc_auto_publish_overridden":"","wpdc_topic_tags":"","wpdc_pin_topic":"","wpdc_pin_until":"","discourse_post_id":"","discourse_permalink":"","wpdc_publishing_response":"","wpdc_publishing_error":""},"product_brand":[],"product_cat":[15],"product_tag":[],"sailcom-capability":[],"sailcom-location":[532],"sailcom-event-type":[375,364,630,374],"sailcom-boat-type":[],"class_list":{"0":"post-54712","1":"product","2":"type-product","3":"status-publish","4":"has-post-thumbnail","6":"product_cat-uncategorised","7":"sailcom-location-sailcom-offshore","8":"sailcom-event-type-hafen","9":"sailcom-event-type-sail-along","10":"sailcom-event-type-sailcom-offshore","11":"sailcom-event-type-skippertraining","13":"first","14":"instock","15":"taxable","16":"shipping-taxable","17":"purchasable","18":"product-type-sc_event"},"acf":[],"_links":{"self":[{"href":"https:\/\/www.sailcom.ch\/en\/wp-json\/wp\/v2\/product\/54712","targetHints":{"allow":["GET"]}}],"collection":[{"href":"https:\/\/www.sailcom.ch\/en\/wp-json\/wp\/v2\/product"}],"about":[{"href":"https:\/\/www.sailcom.ch\/en\/wp-json\/wp\/v2\/types\/product"}],"author":[{"embeddable":true,"href":"https:\/\/www.sailcom.ch\/en\/wp-json\/wp\/v2\/users\/2774"}],"wp:featuredmedia":[{"embeddable":true,"href":"https:\/\/www.sailcom.ch\/en\/wp-json\/wp\/v2\/media\/54725"}],"wp:attachment":[{"href":"https:\/\/www.sailcom.ch\/en\/wp-json\/wp\/v2\/media?parent=54712"}],"wp:term":[{"taxonomy":"product_brand","embeddable":true,"href":"https:\/\/www.sailcom.ch\/en\/wp-json\/wp\/v2\/product_brand?post=54712"},{"taxonomy":"product_cat","embeddable":true,"href":"https:\/\/www.sailcom.ch\/en\/wp-json\/wp\/v2\/product_cat?post=54712"},{"taxonomy":"product_tag","embeddable":true,"href":"https:\/\/www.sailcom.ch\/en\/wp-json\/wp\/v2\/product_tag?post=54712"},{"taxonomy":"sailcom-capability","embeddable":true,"href":"https:\/\/www.sailcom.ch\/en\/wp-json\/wp\/v2\/sailcom-capability?post=54712"},{"taxonomy":"sailcom-location","embeddable":true,"href":"https:\/\/www.sailcom.ch\/en\/wp-json\/wp\/v2\/sailcom-location?post=54712"},{"taxonomy":"sailcom-event-type","embeddable":true,"href":"https:\/\/www.sailcom.ch\/en\/wp-json\/wp\/v2\/sailcom-event-type?post=54712"},{"taxonomy":"sailcom-boat-type","embeddable":true,"href":"https:\/\/www.sailcom.ch\/en\/wp-json\/wp\/v2\/sailcom-boat-type?post=54712"}],"curies":[{"name":"wp","href":"https:\/\/api.w.org\/{rel}","templated":true}]}}