{"id":52297,"date":"2025-08-02T17:24:56","date_gmt":"2025-08-02T15:24:56","guid":{"rendered":"https:\/\/www.sailcom.ch\/product\/product\/"},"modified":"2025-08-18T11:57:31","modified_gmt":"2025-08-18T09:57:31","slug":"event_52297","status":"publish","type":"product","link":"https:\/\/www.sailcom.ch\/en\/product\/event_52297\/","title":{"rendered":"Gennakersegeln\/Refresher auf der GALATEA Navigation sous gennaker\/refresher"},"content":{"rendered":"","protected":false},"excerpt":{"rendered":"<p>F\u00fcr den Event &quot;Gennakersegeln\/Refresher\/Mitsegeln&quot; hat es noch einen Platz frei.<br \/>\nBei g\u00fcnstigem Wind und Wetter liegt der Schwerpunkt beim Gennakersegeln (Einf\u00fchrung, Anwendung). Ansonsten nutzen wir die Zeit als Refresher, Hafenman\u00f6ver und ev. Starkwindsegeln.<br \/>\nTreffpunkt: bei der GALATEA, Hafen Ouchy, Quai Nord, Pl.8<br \/>\nMitnehmen: Segelbekleidung je nach Meteo, Proviant f\u00fcr den Mittagslunch an Bord<br \/>\nBedingungen: Der Kurs kann bei Dauerregen oder Sturmwetter kurzfristig abgesagt werden.<br \/>\n                          D- Schein gen\u00fcgt. A &#8211; Schein erforderlich, falls eine Einweisung erw\u00fcnscht ist.<br \/>\nKosten: CHF 60.-  Bar oder per TWINT<br \/>\nBei Fragen: Telefon an J\u00fcrgen, 079 643 26 11<\/p>\n<p>Il reste encore une place pour l&#039;\u00e9v\u00e9nement \u00ab Navigation sous gennaker\/Reefresher \/sortie en voile \u00bb.<br \/>\nSi le vent et la m\u00e9t\u00e9o le permettent, l&#039;accent sera mis sur la navigation sous gennaker (initiation, application). Sinon, nous utiliserons ce temps pour des cours de remise \u00e0 niveau, des man\u0153uvres portuaires et, \u00e9ventuellement, des navigations par vent fort.<br \/>\nPoint de rendez-vous : au GALATEA, port d&#039;Ouchy, quai Nord, place 8<br \/>\n\u00c0 apporter : v\u00eatements de navigation selon la m\u00e9t\u00e9o, provisions pour le d\u00e9jeuner \u00e0 bord<br \/>\nConditions : Le cours peut \u00eatre annul\u00e9 \u00e0 court terme en cas de pluie persistante ou de temp\u00eate.<br \/>\nUn permis D suffit. Un permis A est requis pour une finitiation.<br \/>\nCo\u00fbt : 60 CHF en esp\u00e8ces ou via TWINT<br \/>\nPour toute question : contacte J\u00fcrgen au 079 643 26 11<\/p>\n","protected":false},"author":2755,"featured_media":23729,"template":"","meta":{"_acf_changed":false,"publish_to_discourse":"","publish_post_category":"","wpdc_auto_publish_overridden":"","wpdc_topic_tags":"","wpdc_pin_topic":"","wpdc_pin_until":"","discourse_post_id":"","discourse_permalink":"","wpdc_publishing_response":"","wpdc_publishing_error":""},"product_brand":[],"product_cat":[15],"product_tag":[],"sailcom-capability":[],"sailcom-location":[340],"sailcom-event-type":[378,364],"sailcom-boat-type":[],"class_list":{"0":"post-52297","1":"product","2":"type-product","3":"status-publish","4":"has-post-thumbnail","6":"product_cat-uncategorised","7":"sailcom-location-genfersee","8":"sailcom-event-type-genisegeln","9":"sailcom-event-type-sail-along","11":"first","12":"instock","13":"taxable","14":"shipping-taxable","15":"product-type-sc_event"},"acf":[],"_links":{"self":[{"href":"https:\/\/www.sailcom.ch\/en\/wp-json\/wp\/v2\/product\/52297","targetHints":{"allow":["GET"]}}],"collection":[{"href":"https:\/\/www.sailcom.ch\/en\/wp-json\/wp\/v2\/product"}],"about":[{"href":"https:\/\/www.sailcom.ch\/en\/wp-json\/wp\/v2\/types\/product"}],"author":[{"embeddable":true,"href":"https:\/\/www.sailcom.ch\/en\/wp-json\/wp\/v2\/users\/2755"}],"wp:featuredmedia":[{"embeddable":true,"href":"https:\/\/www.sailcom.ch\/en\/wp-json\/wp\/v2\/media\/23729"}],"wp:attachment":[{"href":"https:\/\/www.sailcom.ch\/en\/wp-json\/wp\/v2\/media?parent=52297"}],"wp:term":[{"taxonomy":"product_brand","embeddable":true,"href":"https:\/\/www.sailcom.ch\/en\/wp-json\/wp\/v2\/product_brand?post=52297"},{"taxonomy":"product_cat","embeddable":true,"href":"https:\/\/www.sailcom.ch\/en\/wp-json\/wp\/v2\/product_cat?post=52297"},{"taxonomy":"product_tag","embeddable":true,"href":"https:\/\/www.sailcom.ch\/en\/wp-json\/wp\/v2\/product_tag?post=52297"},{"taxonomy":"sailcom-capability","embeddable":true,"href":"https:\/\/www.sailcom.ch\/en\/wp-json\/wp\/v2\/sailcom-capability?post=52297"},{"taxonomy":"sailcom-location","embeddable":true,"href":"https:\/\/www.sailcom.ch\/en\/wp-json\/wp\/v2\/sailcom-location?post=52297"},{"taxonomy":"sailcom-event-type","embeddable":true,"href":"https:\/\/www.sailcom.ch\/en\/wp-json\/wp\/v2\/sailcom-event-type?post=52297"},{"taxonomy":"sailcom-boat-type","embeddable":true,"href":"https:\/\/www.sailcom.ch\/en\/wp-json\/wp\/v2\/sailcom-boat-type?post=52297"}],"curies":[{"name":"wp","href":"https:\/\/api.w.org\/{rel}","templated":true}]}}