{"id":51337,"date":"2025-07-05T18:55:00","date_gmt":"2025-07-05T16:55:00","guid":{"rendered":"https:\/\/www.sailcom.ch\/product\/product\/"},"modified":"2025-07-24T17:51:52","modified_gmt":"2025-07-24T15:51:52","slug":"event_51337","status":"publish","type":"product","link":"https:\/\/www.sailcom.ch\/en\/product\/event_51337\/","title":{"rendered":"\ud83d\udea4 Hafenman\u00f6ver-Training f\u00fcr kleine Crews &amp; Einhandsegler"},"content":{"rendered":"","protected":false},"excerpt":{"rendered":"<p>Mit der Viko S30 in Neuch\u00e2tel<\/p>\n<p>Hafenman\u00f6ver sollen keine Stressmomente sein \u2013 sondern Spass machen!<br \/>\nIn diesem praxisnahen Training \u00fcben wir auch mit kleiner Crew oder solo sicher und souver\u00e4n zu man\u00f6vrieren.<\/p>\n<p>Was wir \u00fcben:<br \/>\n&#8211; An- und Ablegen (seitw\u00e4rts\/ Box)<br \/>\n&#8211; Leinenarbeit<br \/>\n&#8211; Man\u00f6vrieren auf engem Raum<br \/>\n&#8211; Kommunikation &amp; Taktik bei wenig Crew<\/p>\n<p>Ich bringe mehrj\u00e4hrige (Hochsee-) Segel-Erfahrung mit \u2013 auch als Einhandsegler.<\/p>\n<p>\ud83d\udcc5 Datum: Freitag, 8. August 2025<br \/>\n\ud83d\udd54 Zeit: 17:00 \u2013 20:30 Uhr<br \/>\n\ud83d\udccd Treffpunkt: Direkt bei der Viko S30 im Hafen &quot;jeunes rives&quot; in Neuch\u00e2tel<br \/>\n\ud83d\udc65 Teilnehmerzahl: 2\u20133 Personen<br \/>\n\ud83d\udcb0 Kosten: CHF 80.\u2013 pro Person (CHF 60.\u2013 bei 3 Teilnehmern)<\/p>\n<p>Wichtige Hinweise:<br \/>\n&#8211; Das Training findet ab 2 Teilnehmenden statt (Anmeldungen bis 5.8.2025)<br \/>\n&#8211; Durchf\u00fchrung bei (fast) jedem Wetter \u2013 ausgenommen Sturm oder Gewitter<br \/>\n&#8211; Grundkenntnisse Segel-Yachten&amp;Leinenarbeit n\u00f6tig<br \/>\n&#8211; Ich gehe gerne auf individuelle W\u00fcnsche ein \u2013 soweit Wind und Hafenbedingungen es erlauben<\/p>\n<p>\ud83d\udce7 f\u00fcr Fragen: meldet euch doch bitte &#8211; christoph.wydler@zapp.ch<\/p>\n","protected":false},"author":1836,"featured_media":49098,"template":"","meta":{"_acf_changed":false,"publish_to_discourse":"","publish_post_category":"","wpdc_auto_publish_overridden":"","wpdc_topic_tags":"","wpdc_pin_topic":"","wpdc_pin_until":"","discourse_post_id":"","discourse_permalink":"","wpdc_publishing_response":"","wpdc_publishing_error":""},"product_brand":[],"product_cat":[15],"product_tag":[],"sailcom-capability":[],"sailcom-location":[344],"sailcom-event-type":[375],"sailcom-boat-type":[],"class_list":{"0":"post-51337","1":"product","2":"type-product","3":"status-publish","4":"has-post-thumbnail","6":"product_cat-uncategorised","7":"sailcom-location-neuenburgersee","8":"sailcom-event-type-hafen","10":"first","11":"outofstock","12":"taxable","13":"shipping-taxable","14":"product-type-sc_event"},"acf":[],"_links":{"self":[{"href":"https:\/\/www.sailcom.ch\/en\/wp-json\/wp\/v2\/product\/51337","targetHints":{"allow":["GET"]}}],"collection":[{"href":"https:\/\/www.sailcom.ch\/en\/wp-json\/wp\/v2\/product"}],"about":[{"href":"https:\/\/www.sailcom.ch\/en\/wp-json\/wp\/v2\/types\/product"}],"author":[{"embeddable":true,"href":"https:\/\/www.sailcom.ch\/en\/wp-json\/wp\/v2\/users\/1836"}],"wp:featuredmedia":[{"embeddable":true,"href":"https:\/\/www.sailcom.ch\/en\/wp-json\/wp\/v2\/media\/49098"}],"wp:attachment":[{"href":"https:\/\/www.sailcom.ch\/en\/wp-json\/wp\/v2\/media?parent=51337"}],"wp:term":[{"taxonomy":"product_brand","embeddable":true,"href":"https:\/\/www.sailcom.ch\/en\/wp-json\/wp\/v2\/product_brand?post=51337"},{"taxonomy":"product_cat","embeddable":true,"href":"https:\/\/www.sailcom.ch\/en\/wp-json\/wp\/v2\/product_cat?post=51337"},{"taxonomy":"product_tag","embeddable":true,"href":"https:\/\/www.sailcom.ch\/en\/wp-json\/wp\/v2\/product_tag?post=51337"},{"taxonomy":"sailcom-capability","embeddable":true,"href":"https:\/\/www.sailcom.ch\/en\/wp-json\/wp\/v2\/sailcom-capability?post=51337"},{"taxonomy":"sailcom-location","embeddable":true,"href":"https:\/\/www.sailcom.ch\/en\/wp-json\/wp\/v2\/sailcom-location?post=51337"},{"taxonomy":"sailcom-event-type","embeddable":true,"href":"https:\/\/www.sailcom.ch\/en\/wp-json\/wp\/v2\/sailcom-event-type?post=51337"},{"taxonomy":"sailcom-boat-type","embeddable":true,"href":"https:\/\/www.sailcom.ch\/en\/wp-json\/wp\/v2\/sailcom-boat-type?post=51337"}],"curies":[{"name":"wp","href":"https:\/\/api.w.org\/{rel}","templated":true}]}}