{"id":50183,"date":"2025-06-10T18:20:42","date_gmt":"2025-06-10T16:20:42","guid":{"rendered":"https:\/\/www.sailcom.ch\/?post_type=product&#038;p=50183"},"modified":"2025-08-06T15:13:12","modified_gmt":"2025-08-06T13:13:12","slug":"online-hochseescheinkurs","status":"publish","type":"product","link":"https:\/\/www.sailcom.ch\/en\/product\/online-hochseescheinkurs\/","title":{"rendered":"Online Hochseeschein-Kurs"},"content":{"rendered":"<p data-start=\"44\" data-end=\"107\"><strong data-start=\"44\" data-end=\"107\">Der Hochseescheinkurs im Selbststudium zur Pr\u00fcfung beim CCS.<\/strong><\/p>\n<p data-start=\"44\" data-end=\"107\"><span class=\"relative -mx-px my-[-0.2rem] rounded px-px py-[0.2rem] transition-colors duration-100 ease-in-out\">Mit diesem Online-Hochseescheinkurs von hochamwind, angeboten \u00fcber SailCom Offshore, bereitest du dich optimal und unabh\u00e4ngig auf die theoretische Hochseescheinpr\u00fcfung des Cruising Club Schweiz (CCS) vor.<\/span><\/p>\n<p data-start=\"226\" data-end=\"257\"><strong data-start=\"226\" data-end=\"257\">Highlights auf einen Blick:<\/strong><\/p>\n<ul data-start=\"258\" data-end=\"653\">\n<li data-start=\"258\" data-end=\"335\">\n<p data-start=\"260\" data-end=\"335\"><span class=\"relative -mx-px my-[-0.2rem] rounded px-px py-[0.2rem] transition-colors duration-100 ease-in-out\"><strong data-start=\"0\" data-end=\"38\" data-is-only-node=\"\">Theorie komplett online &amp; flexibel<\/strong>: 20 didaktisch und methodisch bew\u00e4hrte Lektionen, interaktive \u00dcbungen, 15 Video-Tutorials zu Karten- und Gezeitenaufgaben \u2013 zu jeder Zeit verf\u00fcgbar. Lerne in deinem Tempo.<\/span><\/p>\n<\/li>\n<li data-start=\"336\" data-end=\"413\">\n<p data-start=\"338\" data-end=\"413\"><span class=\"relative -mx-px my-[-0.2rem] rounded px-px py-[0.2rem] transition-colors duration-100 ease-in-out\"><strong data-start=\"0\" data-end=\"38\" data-is-only-node=\"\">Pr\u00fcfungssimulationspaket enthalten<\/strong>: Offizieller CCS\u2011Fragenkatalog + zwei originalgetreue Online\u2011Probepr\u00fcfungen (Karten &amp; Gezeiten). Damit bestehst du die Pr\u00fcfung.<\/span><\/p>\n<\/li>\n<li data-start=\"414\" data-end=\"491\">\n<p data-start=\"416\" data-end=\"491\"><span class=\"relative -mx-px my-[-0.2rem] rounded px-px py-[0.2rem] transition-colors duration-100 ease-in-out\"><strong data-start=\"0\" data-end=\"32\" data-is-only-node=\"\">Pers\u00f6nliche Begleitung<\/strong>: Erfahrene SailCom Offshore Hochseeskipper und Hochseeschein-Referenten* stehen dir bei eventuellen Fragen pers\u00f6nlich als Lerncoach zur Seite \u2013 per Mail oder nach Absprache auch per Telefon \/ Videocall &#8211; unbegrenzt und individuell.\u00a0<\/span><\/p>\n<\/li>\n<li data-start=\"492\" data-end=\"571\">\n<p data-start=\"494\" data-end=\"571\"><span class=\"relative -mx-px my-[-0.2rem] rounded px-px py-[0.2rem] transition-colors duration-100 ease-in-out\"><strong data-start=\"0\" data-end=\"29\" data-is-only-node=\"\">Praxisnahes Materialpaket direkt mitbestellen<\/strong>: Buch \u201eSeemannschaft\u201c, \u00dcbungskarte, Plotter, Zirkel, Dreiecke \u2013 direkt per Post (Materialwert CHF\u202f219 &#8211; Variante 2 w\u00e4hlen)<\/span><\/p>\n<\/li>\n<li data-start=\"572\" data-end=\"653\">\n<p data-start=\"574\" data-end=\"653\"><span class=\"relative -mx-px my-[-0.2rem] rounded px-px py-[0.2rem] transition-colors duration-100 ease-in-out\"><strong data-start=\"0\" data-end=\"18\" data-is-only-node=\"\">Umfang &amp; Dauer<\/strong>: ca. 30\u201340\u202fh Selbstlernzeit; Zugang f\u00fcr 12 Monate, optional auf Nachfrage verl\u00e4ngerbar.\u202f<\/span><\/p>\n<\/li>\n<\/ul>\n<p data-start=\"655\" data-end=\"671\"><strong data-start=\"655\" data-end=\"669\">Preis (CHF):<\/strong><\/p>\n<ul data-start=\"672\" data-end=\"796\">\n<li data-start=\"672\" data-end=\"715\">\n<p data-start=\"674\" data-end=\"715\"><span class=\"relative -mx-px my-[-0.2rem] rounded px-px py-[0.2rem] transition-colors duration-100 ease-in-out\"><strong data-start=\"0\" data-end=\"20\" data-is-only-node=\"\">Mit Kursmaterial<\/strong>: CHF\u202f619.\u2013 (f\u00fcr Mitglieder von SailCom anstatt CHF 699.-)\u202f<\/span><\/p>\n<\/li>\n<li data-start=\"716\" data-end=\"796\">\n<p data-start=\"718\" data-end=\"796\"><span class=\"relative -mx-px my-[-0.2rem] rounded px-px py-[0.2rem] transition-colors duration-100 ease-in-out\"><strong data-start=\"0\" data-end=\"31\" data-is-only-node=\"\">Nur Online\u2011Zugang ohne Material<\/strong>: CHF\u202f400.\u2013 (f\u00fcr Mitglieder von SailCom anstatt CHF 480,-)\u202f<\/span><\/p>\n<\/li>\n<\/ul>\n<p data-start=\"798\" data-end=\"980\">Ein fundierter, bew\u00e4hrter und flexibler Online\u2011Kurs mit umfassender Pr\u00fcfungsvorbereitung, praxisrelevantem Material und pers\u00f6nlicher Betreuung \u2013 ideal f\u00fcr angehende Hochseeskipper:innen, die selbst bestimmen wollen, wann, wo und wie sie lernen.<\/p>\n<p data-start=\"798\" data-end=\"980\">Noch nicht sicher, ob das etwas f\u00fcr dich ist?<br \/>\nDann informiere dich auf der Webseite von Hochamwind \u00fcber diesen Kurs:<\/p>\n<p><a href=\"https:\/\/www.sailteam.ch\/online-hochseescheinkurs-fuer-pruefung-ccs-sailcom\" target=\"_blank\" rel=\"noopener\">https:\/\/onlinekurs.hochamwind.ch\/Kurs\/online-hochseescheinkurs-fuer-pruefung-ccs-sailcom\/<\/a><\/p>\n<p>&#8212;<\/p>\n<p><em>Nach der Bestellung \u00fcber die SailCom Webseite erh\u00e4ltst du den Zugangscode zum Kurs von Hochamwind nach kurzer Bearbeitungszeit per Mail an Deine bei SailCom registrierte Mailadresse zugestellt.<br \/>\n<\/em><\/p>\n<p>&nbsp;<\/p>","protected":false},"excerpt":{"rendered":"<p data-start=\"109\" data-end=\"224\"><strong data-start=\"109\" data-end=\"146\">Bist Du bereit f\u00fcr Meer?<br \/>\n<\/strong><br data-start=\"146\" data-end=\"149\" \/><span class=\"relative -mx-px my-[-0.2rem] rounded px-px py-[0.2rem] transition-colors duration-100 ease-in-out\">Mit diesem Online-Hochseescheinkurs bereitest du dich optimal auf die theoretische Hochseescheinpr\u00fcfung des Cruising Club Schweiz (CCS) im Selbststudium vor.<\/span><\/p>\n<div>\n<div><\/div>\n<\/div>\n","protected":false},"author":2,"featured_media":50005,"template":"","meta":{"_acf_changed":false,"publish_to_discourse":"","publish_post_category":"","wpdc_auto_publish_overridden":"","wpdc_topic_tags":"","wpdc_pin_topic":"","wpdc_pin_until":"","discourse_post_id":"","discourse_permalink":"","wpdc_publishing_response":"","wpdc_publishing_error":""},"product_brand":[],"product_cat":[35],"product_tag":[],"sailcom-capability":[],"sailcom-location":[],"sailcom-event-type":[],"sailcom-boat-type":[],"class_list":{"0":"post-50183","1":"product","2":"type-product","3":"status-publish","4":"has-post-thumbnail","6":"product_cat-angebote","8":"first","9":"instock","10":"taxable","11":"shipping-taxable","12":"purchasable","13":"product-type-variable"},"acf":[],"_links":{"self":[{"href":"https:\/\/www.sailcom.ch\/en\/wp-json\/wp\/v2\/product\/50183","targetHints":{"allow":["GET"]}}],"collection":[{"href":"https:\/\/www.sailcom.ch\/en\/wp-json\/wp\/v2\/product"}],"about":[{"href":"https:\/\/www.sailcom.ch\/en\/wp-json\/wp\/v2\/types\/product"}],"author":[{"embeddable":true,"href":"https:\/\/www.sailcom.ch\/en\/wp-json\/wp\/v2\/users\/2"}],"wp:featuredmedia":[{"embeddable":true,"href":"https:\/\/www.sailcom.ch\/en\/wp-json\/wp\/v2\/media\/50005"}],"wp:attachment":[{"href":"https:\/\/www.sailcom.ch\/en\/wp-json\/wp\/v2\/media?parent=50183"}],"wp:term":[{"taxonomy":"product_brand","embeddable":true,"href":"https:\/\/www.sailcom.ch\/en\/wp-json\/wp\/v2\/product_brand?post=50183"},{"taxonomy":"product_cat","embeddable":true,"href":"https:\/\/www.sailcom.ch\/en\/wp-json\/wp\/v2\/product_cat?post=50183"},{"taxonomy":"product_tag","embeddable":true,"href":"https:\/\/www.sailcom.ch\/en\/wp-json\/wp\/v2\/product_tag?post=50183"},{"taxonomy":"sailcom-capability","embeddable":true,"href":"https:\/\/www.sailcom.ch\/en\/wp-json\/wp\/v2\/sailcom-capability?post=50183"},{"taxonomy":"sailcom-location","embeddable":true,"href":"https:\/\/www.sailcom.ch\/en\/wp-json\/wp\/v2\/sailcom-location?post=50183"},{"taxonomy":"sailcom-event-type","embeddable":true,"href":"https:\/\/www.sailcom.ch\/en\/wp-json\/wp\/v2\/sailcom-event-type?post=50183"},{"taxonomy":"sailcom-boat-type","embeddable":true,"href":"https:\/\/www.sailcom.ch\/en\/wp-json\/wp\/v2\/sailcom-boat-type?post=50183"}],"curies":[{"name":"wp","href":"https:\/\/api.w.org\/{rel}","templated":true}]}}