{"id":49723,"date":"2025-05-30T09:45:35","date_gmt":"2025-05-30T07:45:35","guid":{"rendered":"https:\/\/www.sailcom.ch\/product\/product\/"},"modified":"2025-09-05T13:56:45","modified_gmt":"2025-09-05T11:56:45","slug":"event_49723","status":"publish","type":"product","link":"https:\/\/www.sailcom.ch\/en\/product\/event_49723\/","title":{"rendered":"Sundowner auf der First 27 SE (Romanshorn)"},"content":{"rendered":"","protected":false},"excerpt":{"rendered":"<p>Mit dem Sundowner erlebst du das perfekte Feierabendsegeln. Du segelst mit einer Gruppe von Gleichgesinnten direkt in den Sonnenuntergang. Auch wenn die Sonne mal nicht scheint, sind gem\u00fctliche Stunden auf dem See angesagt.<br \/>\nEs stehen f\u00fcnf Pl\u00e4tze auf der sportlich-sicheren First 27 SE zur Verf\u00fcgung, begleitet von einem erfahrenen Skipper.<br \/>\nIm Vordergrund steht der Spass und die Freude am Segeln. Gleichzeitig bietet sich so eine tolle M\u00f6glichkeit, das Schiff und neue Leute kennenzulernen und gegenseitig vom Wissen und Erfahrungsschatz zu profitieren.<\/p>\n","protected":false},"author":2804,"featured_media":1530,"template":"","meta":{"_acf_changed":false,"publish_to_discourse":"","publish_post_category":"","wpdc_auto_publish_overridden":"","wpdc_topic_tags":"","wpdc_pin_topic":"","wpdc_pin_until":"","discourse_post_id":"","discourse_permalink":"","wpdc_publishing_response":"","wpdc_publishing_error":""},"product_brand":[],"product_cat":[15],"product_tag":[],"sailcom-capability":[],"sailcom-location":[339],"sailcom-event-type":[364],"sailcom-boat-type":[],"class_list":{"0":"post-49723","1":"product","2":"type-product","3":"status-publish","4":"has-post-thumbnail","6":"product_cat-uncategorised","7":"sailcom-location-bodensee","8":"sailcom-event-type-sail-along","10":"first","11":"instock","12":"taxable","13":"shipping-taxable","14":"product-type-sc_event"},"acf":[],"_links":{"self":[{"href":"https:\/\/www.sailcom.ch\/en\/wp-json\/wp\/v2\/product\/49723","targetHints":{"allow":["GET"]}}],"collection":[{"href":"https:\/\/www.sailcom.ch\/en\/wp-json\/wp\/v2\/product"}],"about":[{"href":"https:\/\/www.sailcom.ch\/en\/wp-json\/wp\/v2\/types\/product"}],"author":[{"embeddable":true,"href":"https:\/\/www.sailcom.ch\/en\/wp-json\/wp\/v2\/users\/2804"}],"wp:featuredmedia":[{"embeddable":true,"href":"https:\/\/www.sailcom.ch\/en\/wp-json\/wp\/v2\/media\/1530"}],"wp:attachment":[{"href":"https:\/\/www.sailcom.ch\/en\/wp-json\/wp\/v2\/media?parent=49723"}],"wp:term":[{"taxonomy":"product_brand","embeddable":true,"href":"https:\/\/www.sailcom.ch\/en\/wp-json\/wp\/v2\/product_brand?post=49723"},{"taxonomy":"product_cat","embeddable":true,"href":"https:\/\/www.sailcom.ch\/en\/wp-json\/wp\/v2\/product_cat?post=49723"},{"taxonomy":"product_tag","embeddable":true,"href":"https:\/\/www.sailcom.ch\/en\/wp-json\/wp\/v2\/product_tag?post=49723"},{"taxonomy":"sailcom-capability","embeddable":true,"href":"https:\/\/www.sailcom.ch\/en\/wp-json\/wp\/v2\/sailcom-capability?post=49723"},{"taxonomy":"sailcom-location","embeddable":true,"href":"https:\/\/www.sailcom.ch\/en\/wp-json\/wp\/v2\/sailcom-location?post=49723"},{"taxonomy":"sailcom-event-type","embeddable":true,"href":"https:\/\/www.sailcom.ch\/en\/wp-json\/wp\/v2\/sailcom-event-type?post=49723"},{"taxonomy":"sailcom-boat-type","embeddable":true,"href":"https:\/\/www.sailcom.ch\/en\/wp-json\/wp\/v2\/sailcom-boat-type?post=49723"}],"curies":[{"name":"wp","href":"https:\/\/api.w.org\/{rel}","templated":true}]}}