{"id":49706,"date":"2025-05-30T09:00:30","date_gmt":"2025-05-30T07:00:30","guid":{"rendered":"https:\/\/www.sailcom.ch\/product\/product\/"},"modified":"2025-06-01T12:20:34","modified_gmt":"2025-06-01T10:20:34","slug":"event_49706","status":"publish","type":"product","link":"https:\/\/www.sailcom.ch\/en\/product\/event_49706\/","title":{"rendered":"Einweisung, Man\u00f6vertraining und Plauschsegeln"},"content":{"rendered":"","protected":false},"excerpt":{"rendered":"<p>Lerne die First 27 SE kennen oder frische deine Kenntnisse auf. Unter kundiger Leitung \u00fcbst du die Handhabung von Elektromotor, Kielhydraulik, Rollgennaker usw. Je nach Wunsch und Windverh\u00e4ltnissen trainieren wir auch Hafenman\u00f6ver, MOB, Beidrehen, Reffen oder geniessen auch einfach die stabile Fahrt mit dem coolen Allround-Sportboot.<\/p>\n","protected":false},"author":2804,"featured_media":1530,"template":"","meta":{"_acf_changed":false,"publish_to_discourse":"","publish_post_category":"","wpdc_auto_publish_overridden":"","wpdc_topic_tags":"","wpdc_pin_topic":"","wpdc_pin_until":"","discourse_post_id":"","discourse_permalink":"","wpdc_publishing_response":"","wpdc_publishing_error":""},"product_brand":[],"product_cat":[15],"product_tag":[],"sailcom-capability":[],"sailcom-location":[339],"sailcom-event-type":[373,378,375,364,374],"sailcom-boat-type":[],"class_list":{"0":"post-49706","1":"product","2":"type-product","3":"status-publish","4":"has-post-thumbnail","6":"product_cat-uncategorised","7":"sailcom-location-bodensee","8":"sailcom-event-type-einweisungen","9":"sailcom-event-type-genisegeln","10":"sailcom-event-type-hafen","11":"sailcom-event-type-sail-along","12":"sailcom-event-type-skippertraining","14":"first","15":"instock","16":"taxable","17":"shipping-taxable","18":"product-type-sc_event"},"acf":[],"_links":{"self":[{"href":"https:\/\/www.sailcom.ch\/en\/wp-json\/wp\/v2\/product\/49706","targetHints":{"allow":["GET"]}}],"collection":[{"href":"https:\/\/www.sailcom.ch\/en\/wp-json\/wp\/v2\/product"}],"about":[{"href":"https:\/\/www.sailcom.ch\/en\/wp-json\/wp\/v2\/types\/product"}],"author":[{"embeddable":true,"href":"https:\/\/www.sailcom.ch\/en\/wp-json\/wp\/v2\/users\/2804"}],"wp:featuredmedia":[{"embeddable":true,"href":"https:\/\/www.sailcom.ch\/en\/wp-json\/wp\/v2\/media\/1530"}],"wp:attachment":[{"href":"https:\/\/www.sailcom.ch\/en\/wp-json\/wp\/v2\/media?parent=49706"}],"wp:term":[{"taxonomy":"product_brand","embeddable":true,"href":"https:\/\/www.sailcom.ch\/en\/wp-json\/wp\/v2\/product_brand?post=49706"},{"taxonomy":"product_cat","embeddable":true,"href":"https:\/\/www.sailcom.ch\/en\/wp-json\/wp\/v2\/product_cat?post=49706"},{"taxonomy":"product_tag","embeddable":true,"href":"https:\/\/www.sailcom.ch\/en\/wp-json\/wp\/v2\/product_tag?post=49706"},{"taxonomy":"sailcom-capability","embeddable":true,"href":"https:\/\/www.sailcom.ch\/en\/wp-json\/wp\/v2\/sailcom-capability?post=49706"},{"taxonomy":"sailcom-location","embeddable":true,"href":"https:\/\/www.sailcom.ch\/en\/wp-json\/wp\/v2\/sailcom-location?post=49706"},{"taxonomy":"sailcom-event-type","embeddable":true,"href":"https:\/\/www.sailcom.ch\/en\/wp-json\/wp\/v2\/sailcom-event-type?post=49706"},{"taxonomy":"sailcom-boat-type","embeddable":true,"href":"https:\/\/www.sailcom.ch\/en\/wp-json\/wp\/v2\/sailcom-boat-type?post=49706"}],"curies":[{"name":"wp","href":"https:\/\/api.w.org\/{rel}","templated":true}]}}