{"id":49196,"date":"2025-05-18T17:34:04","date_gmt":"2025-05-18T15:34:04","guid":{"rendered":"https:\/\/www.sailcom.ch\/product\/produit\/"},"modified":"2025-07-19T14:36:01","modified_gmt":"2025-07-19T12:36:01","slug":"event_49196","status":"publish","type":"product","link":"https:\/\/www.sailcom.ch\/en\/product\/event_49196\/","title":{"rendered":"Soir\u00e9e voile sur le lac L\u00e9man"},"content":{"rendered":"","protected":false},"excerpt":{"rendered":"<p>L\u2019\u00e9quipe &#039;Bonita&#039; vous propose deux heures de navigation &quot;apr\u00e8s le travail&quot;, viens pour profiter de rencontrer le bateaux, si tu ne le connais pas encore, ou simplement pour profiter de finir la journ\u00e9e dans le lac avec des autres navigateurs\/navigatrices.<\/p>\n<p>\u00c0 pr\u00e9voir :<\/p>\n<p>\u2013 V\u00eatements adapt\u00e9s au vent et aux intemp\u00e9ries<\/p>\n<p>\u2013 Chaussures propres \u00e0 semelles blanches<\/p>\n<p>Tarif : 35.-\/personne<\/p>\n<p>Les frais seront utilis\u00e9s pour louer le bateau de la coop\u00e9rative (Sailcom).<\/p>\n<p>Paiement :<\/p>\n<p>Tu recevras un message quelques jours avant la sortie pour confirmer si elle a lieu ou non. Si elle est maintenue, tu devras r\u00e9gler ton inscription via Twint ou Revolut.<\/p>\n<p>M\u00e9t\u00e9o :<\/p>\n<p>La sortie peut \u00eatre annul\u00e9e en cas de mauvaises conditions. Dans ce cas, tu recevras un message et seras enti\u00e8rement rembours\u00e9\u00b7e.<\/p>\n<p>\u2014\u2013<\/p>\n<p>The &#039;Bonita&#039; team offers two hours of sailing &quot;after work.&quot; Come and enjoy meeting the boat if you&#039;re not already familiar with it, or simply enjoy finishing the day on the lake with other sailors.<\/p>\n<p>What to bring:<\/p>\n<p>\u2013 Clothing suitable for wind and weather<\/p>\n<p>\u2013 Clean shoes with white soles<\/p>\n<p>Price: CHF 35\/person<\/p>\n<p>The fee will be used to book the cooperative sailboat (Sailcom)<\/p>\n<p>Payment:<\/p>\n<p>You will receive a message a few days before the trip to confirm whether it will take place or not. If it goes ahead, you will need to pay your registration fee via Twint or Revolut.<\/p>\n<p>Weather:<\/p>\n<p>The trip may be canceled in the event of poor weather. In this case, you will receive a message and a full refund.<\/p>\n","protected":false},"author":3440,"featured_media":48648,"template":"","meta":{"_acf_changed":false,"publish_to_discourse":"","publish_post_category":"","wpdc_auto_publish_overridden":"","wpdc_topic_tags":"","wpdc_pin_topic":"","wpdc_pin_until":"","discourse_post_id":"","discourse_permalink":"","wpdc_publishing_response":"","wpdc_publishing_error":""},"product_brand":[],"product_cat":[15],"product_tag":[],"sailcom-capability":[],"sailcom-location":[340],"sailcom-event-type":[364],"sailcom-boat-type":[],"class_list":{"0":"post-49196","1":"product","2":"type-product","3":"status-publish","4":"has-post-thumbnail","6":"product_cat-uncategorised","7":"sailcom-location-genfersee","8":"sailcom-event-type-sail-along","10":"first","11":"outofstock","12":"taxable","13":"shipping-taxable","14":"product-type-sc_event"},"acf":[],"_links":{"self":[{"href":"https:\/\/www.sailcom.ch\/en\/wp-json\/wp\/v2\/product\/49196","targetHints":{"allow":["GET"]}}],"collection":[{"href":"https:\/\/www.sailcom.ch\/en\/wp-json\/wp\/v2\/product"}],"about":[{"href":"https:\/\/www.sailcom.ch\/en\/wp-json\/wp\/v2\/types\/product"}],"author":[{"embeddable":true,"href":"https:\/\/www.sailcom.ch\/en\/wp-json\/wp\/v2\/users\/3440"}],"wp:featuredmedia":[{"embeddable":true,"href":"https:\/\/www.sailcom.ch\/en\/wp-json\/wp\/v2\/media\/48648"}],"wp:attachment":[{"href":"https:\/\/www.sailcom.ch\/en\/wp-json\/wp\/v2\/media?parent=49196"}],"wp:term":[{"taxonomy":"product_brand","embeddable":true,"href":"https:\/\/www.sailcom.ch\/en\/wp-json\/wp\/v2\/product_brand?post=49196"},{"taxonomy":"product_cat","embeddable":true,"href":"https:\/\/www.sailcom.ch\/en\/wp-json\/wp\/v2\/product_cat?post=49196"},{"taxonomy":"product_tag","embeddable":true,"href":"https:\/\/www.sailcom.ch\/en\/wp-json\/wp\/v2\/product_tag?post=49196"},{"taxonomy":"sailcom-capability","embeddable":true,"href":"https:\/\/www.sailcom.ch\/en\/wp-json\/wp\/v2\/sailcom-capability?post=49196"},{"taxonomy":"sailcom-location","embeddable":true,"href":"https:\/\/www.sailcom.ch\/en\/wp-json\/wp\/v2\/sailcom-location?post=49196"},{"taxonomy":"sailcom-event-type","embeddable":true,"href":"https:\/\/www.sailcom.ch\/en\/wp-json\/wp\/v2\/sailcom-event-type?post=49196"},{"taxonomy":"sailcom-boat-type","embeddable":true,"href":"https:\/\/www.sailcom.ch\/en\/wp-json\/wp\/v2\/sailcom-boat-type?post=49196"}],"curies":[{"name":"wp","href":"https:\/\/api.w.org\/{rel}","templated":true}]}}