{"id":48596,"date":"2025-05-07T15:57:59","date_gmt":"2025-05-07T13:57:59","guid":{"rendered":"https:\/\/www.sailcom.ch\/product\/product\/"},"modified":"2025-07-17T20:15:21","modified_gmt":"2025-07-17T18:15:21","slug":"event_48596","status":"publish","type":"product","link":"https:\/\/www.sailcom.ch\/en\/product\/event_48596\/","title":{"rendered":"SailCom Offshore Mitsegelt\u00f6rn: Mitteldalmatien entdecken"},"content":{"rendered":"","protected":false},"excerpt":{"rendered":"<p><strong>Ein abwechslungsreicher Segelt\u00f6rn durch drei wunderbare Naturparks und die faszinierende Inselwelt Mitteldalmatiens erwartet dich.<\/strong><\/p>\n<p>Vom 06. &#8211; 13. September 2025 fahre ich mit Euch einen T\u00f6rn durch mein Lieblingsrevier im Mittelmeer:<br \/>\n<strong>Die wundersch\u00f6ne Inselwelt Mitteldalmatiens.<\/strong><\/p>\n<p>Der T\u00f6rn findet garantiert statt, wir sind aktuell mit mir vier Personen an Bord und es hat noch eine freie Kabine &#8211; also zwei Pl\u00e4tze.<br \/>\nEs ist ein <strong>Mitsegelt\u00f6rn<\/strong>, an dem wir alle entsprechend unseren F\u00e4higkeiten anpacken und uns einbringen.<\/p>\n<p>Es steht das Kennenlernen des Reviers, das gemeinsame Segeln, das Wohlf\u00fchlen an Bord und im Wasser sowie der Spass an der Sache im Vordergrund.<br \/>\nAuf Wunsch k\u00f6nnen wir aber auch gern ein paar (Hafen-)Man\u00f6ver \u00fcben oder Meilen segeln, wenn alle das m\u00f6chten.<\/p>\n<p>Wenn Du auf D-Schein Niveau segelst oder bereits erste Erfahrungen auf dem Meer gesammelt hast und gern mal (wieder) auf das Meer m\u00f6chtest, ist dieser T\u00f6rn f\u00fcr Dich gut geeignet, wenn Du bereits Erfahrung auf dem Meer hast, freue ich mich auch!<\/p>\n<p><img fetchpriority=\"high\" decoding=\"async\" class=\"alignleft wp-image-48600 size-large\" src=\"https:\/\/www.sailcom.ch\/wp-content\/uploads\/2025\/05\/IMG_5742-1024x341.jpeg\" alt=\"Einsame Ankerbucht inmitten des Inselmeeres vor Mitteldalmatien, Kornaten, Kroatien.\" width=\"800\" height=\"266\" \/><em>Auf dem Foto siehst Du eine Yacht vom vorletzten Mitsegel-T\u00f6rn unten links vor Anker, grade am parat machen zum ablegen \ud83d\ude42<\/em><\/p>\n<p>Wir starten in Rogoznica (30 Min. vom Flughafen Split), segeln durch die Kornaten, fahren die Krka nach Skradin rauf und ankern im Telasci\u00e7a-Naturpark &#8211; wo wir aufs k\u00f6stlichste in meiner Lieblings-Konoba bekocht werden, bevor es dann nach einer Woche schon wieder zur Marina Kastela (in Flughafenn\u00e4he Split) und vorn dort aus wieder nach Hause geht.<\/p>\n<p>Easyjet fliegt von Genf, Edelweiss und Croatian von Z\u00fcrich aus, beide zu angenehmen Zeiten.<\/p>\n<p>Anfang September ist noch Sommer in Kroatien &#8211; Das schwere \u00d6lzeug kann daheim bleiben, aber es kann auch mal einen Schauer und etwas Wind geben, dann ist man \u00fcber etwas mehr Bekleidung als dem Badkleid ganz froh.<\/p>\n<p>Ich bin seit 2002 Mitglied bei SailCom, seit 2007 in diversen Bootsteams t\u00e4tig und seit 2019 darf ich als Mitarbeiter auf der Gesch\u00e4ftsstelle der SailCom dabei helfen, die Genossenschaft mitzugestalten.<\/p>\n<p>Seit 2006 habe ich den CH &#8211; Hochseeausweis, darf mich seit kurzem auch RYA Yachtmaster nennen und bin seit bestimmt zehn Jahren meist mindestens eine Woche im Jahr mit Crews unterschiedlicher Qualifikation in dem Revier unterwegs, das ich sehr sch\u00e4tzen gelernt habe.<\/p>\n<p>An Bord ist mir ein wertsch\u00e4tzender Ton und ein partizipativer und fairer Umgang miteinander wichtig.<br \/>\nEs w\u00e4re sch\u00f6n, wenn Du das auch sch\u00e4tzt, denn wir segeln mit diesem T\u00f6rn ausdr\u00fccklich kein &#8220;Skill-and-Drill&#8221;-Training &#8211; wir planen die Etappen gemeinsam, besprechen das Vorgehen des Umsetzens und der Man\u00f6ver und debriefen jeweils am Abend in gem\u00fctlicher Runde beim &#8220;Ankerschluck&#8221;.<\/p>\n<p>Hier ist die Info zum Boot:<br \/>\nDufour 430 GL &#8211; Vivo &#8211; 2019<br \/>\nhttps:\/\/ws.nausys.com\/CBMS-external\/rest\/yacht\/8220220\/html<\/p>\n<p>F\u00fcr Fragen bin ich gern da, schreib mir einfach ein Mail, meine Adresse findest Du in der Ausschreibung hier. Wir k\u00f6nnen auch gern telefonieren, allerdings bin ich nicht immer gut zu erreichen.<\/p>\n<p>Ich w\u00fcrde mich freuen, Dich an Bord der &#8220;Vivo&#8221; begr\u00fcssen zu d\u00fcrfen.<\/p>\n","protected":false},"author":2774,"featured_media":46054,"template":"","meta":{"_acf_changed":false,"publish_to_discourse":"","publish_post_category":"","wpdc_auto_publish_overridden":"","wpdc_topic_tags":"","wpdc_pin_topic":"","wpdc_pin_until":"","discourse_post_id":"","discourse_permalink":"","wpdc_publishing_response":"","wpdc_publishing_error":""},"product_brand":[],"product_cat":[15],"product_tag":[],"sailcom-capability":[],"sailcom-location":[532],"sailcom-event-type":[364],"sailcom-boat-type":[],"class_list":{"0":"post-48596","1":"product","2":"type-product","3":"status-publish","4":"has-post-thumbnail","6":"product_cat-uncategorised","7":"sailcom-location-sailcom-offshore","8":"sailcom-event-type-sail-along","10":"first","11":"outofstock","12":"taxable","13":"shipping-taxable","14":"product-type-sc_event"},"acf":[],"_links":{"self":[{"href":"https:\/\/www.sailcom.ch\/en\/wp-json\/wp\/v2\/product\/48596","targetHints":{"allow":["GET"]}}],"collection":[{"href":"https:\/\/www.sailcom.ch\/en\/wp-json\/wp\/v2\/product"}],"about":[{"href":"https:\/\/www.sailcom.ch\/en\/wp-json\/wp\/v2\/types\/product"}],"author":[{"embeddable":true,"href":"https:\/\/www.sailcom.ch\/en\/wp-json\/wp\/v2\/users\/2774"}],"wp:featuredmedia":[{"embeddable":true,"href":"https:\/\/www.sailcom.ch\/en\/wp-json\/wp\/v2\/media\/46054"}],"wp:attachment":[{"href":"https:\/\/www.sailcom.ch\/en\/wp-json\/wp\/v2\/media?parent=48596"}],"wp:term":[{"taxonomy":"product_brand","embeddable":true,"href":"https:\/\/www.sailcom.ch\/en\/wp-json\/wp\/v2\/product_brand?post=48596"},{"taxonomy":"product_cat","embeddable":true,"href":"https:\/\/www.sailcom.ch\/en\/wp-json\/wp\/v2\/product_cat?post=48596"},{"taxonomy":"product_tag","embeddable":true,"href":"https:\/\/www.sailcom.ch\/en\/wp-json\/wp\/v2\/product_tag?post=48596"},{"taxonomy":"sailcom-capability","embeddable":true,"href":"https:\/\/www.sailcom.ch\/en\/wp-json\/wp\/v2\/sailcom-capability?post=48596"},{"taxonomy":"sailcom-location","embeddable":true,"href":"https:\/\/www.sailcom.ch\/en\/wp-json\/wp\/v2\/sailcom-location?post=48596"},{"taxonomy":"sailcom-event-type","embeddable":true,"href":"https:\/\/www.sailcom.ch\/en\/wp-json\/wp\/v2\/sailcom-event-type?post=48596"},{"taxonomy":"sailcom-boat-type","embeddable":true,"href":"https:\/\/www.sailcom.ch\/en\/wp-json\/wp\/v2\/sailcom-boat-type?post=48596"}],"curies":[{"name":"wp","href":"https:\/\/api.w.org\/{rel}","templated":true}]}}