{"id":47645,"date":"2025-04-13T12:04:56","date_gmt":"2025-04-13T10:04:56","guid":{"rendered":"https:\/\/www.sailcom.ch\/product\/product\/"},"modified":"2025-06-10T17:36:30","modified_gmt":"2025-06-10T15:36:30","slug":"event_47645","status":"publish","type":"product","link":"https:\/\/www.sailcom.ch\/en\/product\/event_47645\/","title":{"rendered":"Regatta 7 o&#039;clock Race \u2013 Sailcom Race Group"},"content":{"rendered":"","protected":false},"excerpt":{"rendered":"<p>Offen f\u00fcr Segler mit Regatta-Ambitionen und Teamgeist, Erfahrung mit Gennaker von Vorteil. Sailcom-Mitgliedschaft willkommen, aber nicht zwingend. Dem Wetter angepasste Kleidung notwendig, findet auch statt, wenn es nass und kalt ist. Segelhandschuhe von Vorteil. <\/p>\n<p>Damit wir die Zuteilung auf die Boote vornehmen k\u00f6nnen, bitten wir um Buchung bis sp\u00e4testens Dienstags. Die Buchung ist nur g\u00fcltig, wenn der Betrag an +41765863033 (Thomas Wacker) getwintet wird. Wenn das Event ausgebucht ist, kannst du einen der Organisatoren kontaktieren &#8211; bei grosser Nachfrage buchen wir ein weiteres Boot dazu.<\/p>\n<p>Treffpunkt: 17:50 beim Seebad Enge, https:\/\/maps.app.goo.gl\/p8DznBsA2TkrDTsw5<\/p>\n","protected":false},"author":2743,"featured_media":9881,"template":"","meta":{"_acf_changed":false,"publish_to_discourse":"","publish_post_category":"","wpdc_auto_publish_overridden":"","wpdc_topic_tags":"","wpdc_pin_topic":"","wpdc_pin_until":"","discourse_post_id":"","discourse_permalink":"","wpdc_publishing_response":"","wpdc_publishing_error":""},"product_brand":[],"product_cat":[15],"product_tag":[],"sailcom-capability":[],"sailcom-location":[348],"sailcom-event-type":[378,377],"sailcom-boat-type":[],"class_list":{"0":"post-47645","1":"product","2":"type-product","3":"status-publish","4":"has-post-thumbnail","6":"product_cat-uncategorised","7":"sailcom-location-zurichsee","8":"sailcom-event-type-genisegeln","9":"sailcom-event-type-regatta-training","11":"first","12":"instock","13":"taxable","14":"shipping-taxable","15":"product-type-sc_event"},"acf":[],"_links":{"self":[{"href":"https:\/\/www.sailcom.ch\/en\/wp-json\/wp\/v2\/product\/47645","targetHints":{"allow":["GET"]}}],"collection":[{"href":"https:\/\/www.sailcom.ch\/en\/wp-json\/wp\/v2\/product"}],"about":[{"href":"https:\/\/www.sailcom.ch\/en\/wp-json\/wp\/v2\/types\/product"}],"author":[{"embeddable":true,"href":"https:\/\/www.sailcom.ch\/en\/wp-json\/wp\/v2\/users\/2743"}],"wp:featuredmedia":[{"embeddable":true,"href":"https:\/\/www.sailcom.ch\/en\/wp-json\/wp\/v2\/media\/9881"}],"wp:attachment":[{"href":"https:\/\/www.sailcom.ch\/en\/wp-json\/wp\/v2\/media?parent=47645"}],"wp:term":[{"taxonomy":"product_brand","embeddable":true,"href":"https:\/\/www.sailcom.ch\/en\/wp-json\/wp\/v2\/product_brand?post=47645"},{"taxonomy":"product_cat","embeddable":true,"href":"https:\/\/www.sailcom.ch\/en\/wp-json\/wp\/v2\/product_cat?post=47645"},{"taxonomy":"product_tag","embeddable":true,"href":"https:\/\/www.sailcom.ch\/en\/wp-json\/wp\/v2\/product_tag?post=47645"},{"taxonomy":"sailcom-capability","embeddable":true,"href":"https:\/\/www.sailcom.ch\/en\/wp-json\/wp\/v2\/sailcom-capability?post=47645"},{"taxonomy":"sailcom-location","embeddable":true,"href":"https:\/\/www.sailcom.ch\/en\/wp-json\/wp\/v2\/sailcom-location?post=47645"},{"taxonomy":"sailcom-event-type","embeddable":true,"href":"https:\/\/www.sailcom.ch\/en\/wp-json\/wp\/v2\/sailcom-event-type?post=47645"},{"taxonomy":"sailcom-boat-type","embeddable":true,"href":"https:\/\/www.sailcom.ch\/en\/wp-json\/wp\/v2\/sailcom-boat-type?post=47645"}],"curies":[{"name":"wp","href":"https:\/\/api.w.org\/{rel}","templated":true}]}}