{"id":47443,"date":"2025-04-07T15:42:06","date_gmt":"2025-04-07T13:42:06","guid":{"rendered":"https:\/\/www.sailcom.ch\/product\/product\/"},"modified":"2025-04-07T15:45:32","modified_gmt":"2025-04-07T13:45:32","slug":"event_47443","status":"publish","type":"product","link":"https:\/\/www.sailcom.ch\/en\/product\/event_47443\/","title":{"rendered":"Malin putzen, innen und aussen"},"content":{"rendered":"","protected":false},"excerpt":{"rendered":"<p>Arbeitseinsatz auf der Malin, Zeit frei w\u00e4hlbar.<\/p>\n<p>Nach der Winterpause hat Malin einen Fr\u00fchjahrsputz mit Seewasser aus der P\u00fctz n\u00f6tig: Deck und Cockpit schrubben, Backskisten ausr\u00e4umen, feucht wischen, einr\u00e4umen.<\/p>\n<p>Unter Deck die F\u00e4cher in Kabine und unter den Sitzkissen ausr\u00e4umen, feucht wischen und alles wieder einr\u00e4umen, Salonboden feucht wischen.<br \/>\nPutzmaterial ist an Bord. <\/p>\n<p>Erwartet wird ein selbstst\u00e4ndiger Einsatz von 2-3 Stunden, je nach Aufwand gegen Zeitgutschrift f\u00fcr den B-Status. Anschliessend kann auch noch gesegelt werden.<\/p>\n<p>F\u00fcr weitere Infos und Mitteilung des gew\u00fcnschten Termins bitte Kontakt mit Jan Meissner aufnehmen: if-boot@web.de.<\/p>\n","protected":false},"author":2788,"featured_media":1568,"template":"","meta":{"_acf_changed":false,"publish_to_discourse":"","publish_post_category":"","wpdc_auto_publish_overridden":"","wpdc_topic_tags":"","wpdc_pin_topic":"","wpdc_pin_until":"","discourse_post_id":"","discourse_permalink":"","wpdc_publishing_response":"","wpdc_publishing_error":""},"product_brand":[],"product_cat":[15],"product_tag":[],"sailcom-capability":[],"sailcom-location":[348],"sailcom-event-type":[380],"sailcom-boat-type":[],"class_list":{"0":"post-47443","1":"product","2":"type-product","3":"status-publish","4":"has-post-thumbnail","6":"product_cat-uncategorised","7":"sailcom-location-zurichsee","8":"sailcom-event-type-maintenance","10":"first","11":"instock","12":"taxable","13":"shipping-taxable","14":"product-type-sc_event"},"acf":[],"_links":{"self":[{"href":"https:\/\/www.sailcom.ch\/en\/wp-json\/wp\/v2\/product\/47443","targetHints":{"allow":["GET"]}}],"collection":[{"href":"https:\/\/www.sailcom.ch\/en\/wp-json\/wp\/v2\/product"}],"about":[{"href":"https:\/\/www.sailcom.ch\/en\/wp-json\/wp\/v2\/types\/product"}],"author":[{"embeddable":true,"href":"https:\/\/www.sailcom.ch\/en\/wp-json\/wp\/v2\/users\/2788"}],"wp:featuredmedia":[{"embeddable":true,"href":"https:\/\/www.sailcom.ch\/en\/wp-json\/wp\/v2\/media\/1568"}],"wp:attachment":[{"href":"https:\/\/www.sailcom.ch\/en\/wp-json\/wp\/v2\/media?parent=47443"}],"wp:term":[{"taxonomy":"product_brand","embeddable":true,"href":"https:\/\/www.sailcom.ch\/en\/wp-json\/wp\/v2\/product_brand?post=47443"},{"taxonomy":"product_cat","embeddable":true,"href":"https:\/\/www.sailcom.ch\/en\/wp-json\/wp\/v2\/product_cat?post=47443"},{"taxonomy":"product_tag","embeddable":true,"href":"https:\/\/www.sailcom.ch\/en\/wp-json\/wp\/v2\/product_tag?post=47443"},{"taxonomy":"sailcom-capability","embeddable":true,"href":"https:\/\/www.sailcom.ch\/en\/wp-json\/wp\/v2\/sailcom-capability?post=47443"},{"taxonomy":"sailcom-location","embeddable":true,"href":"https:\/\/www.sailcom.ch\/en\/wp-json\/wp\/v2\/sailcom-location?post=47443"},{"taxonomy":"sailcom-event-type","embeddable":true,"href":"https:\/\/www.sailcom.ch\/en\/wp-json\/wp\/v2\/sailcom-event-type?post=47443"},{"taxonomy":"sailcom-boat-type","embeddable":true,"href":"https:\/\/www.sailcom.ch\/en\/wp-json\/wp\/v2\/sailcom-boat-type?post=47443"}],"curies":[{"name":"wp","href":"https:\/\/api.w.org\/{rel}","templated":true}]}}