{"id":46527,"date":"2025-03-17T18:16:59","date_gmt":"2025-03-17T17:16:59","guid":{"rendered":"https:\/\/www.sailcom.ch\/product\/product\/"},"modified":"2025-03-26T18:15:49","modified_gmt":"2025-03-26T17:15:49","slug":"event_46527","status":"publish","type":"product","link":"https:\/\/www.sailcom.ch\/en\/product\/event_46527\/","title":{"rendered":"Dufour 310 GALATEA Antifouling\/Peinture\/Segel anschlagen\/mettre les voiles"},"content":{"rendered":"","protected":false},"excerpt":{"rendered":"<p>Wir treffen uns um 11.00 Uhr bei der Werft im Hafen Vidy.<br \/>\nArbeiten: Rumpf reinigen, alles N\u00f6tige mit Klebband abdecken, Antifouling (Thin Film SWISS) auftragen, Winterpersenning abmontieren, Segel anschlagen, Sprayhood montieren.<br \/>\nMitbringen: Arbeitskleidung, Mittagslunch (Getr\u00e4nke vorhanden)<\/p>\n<p>Rendez-vous \u00e0 11h00 au chantier naval du port de Vidy.<br \/>\nTravaux : Nettoyer la coque, couvrir tout ce qui est n\u00e9cessaire avec du ruban adh\u00e9sif, appliquer l&#039;antifouling (Thin Film SWISS), d\u00e9monter la b\u00e2che d&#039;hiver, attacher les voiles, monter le sprayhood.<br \/>\nApporter avec soi : V\u00eatements de travail, d\u00e9jeuner (boissons \u00e0 disposition).<\/p>\n","protected":false},"author":2755,"featured_media":23729,"template":"","meta":{"_acf_changed":false,"publish_to_discourse":"","publish_post_category":"","wpdc_auto_publish_overridden":"","wpdc_topic_tags":"","wpdc_pin_topic":"","wpdc_pin_until":"","discourse_post_id":"","discourse_permalink":"","wpdc_publishing_response":"","wpdc_publishing_error":""},"product_brand":[],"product_cat":[15],"product_tag":[],"sailcom-capability":[],"sailcom-location":[340],"sailcom-event-type":[380],"sailcom-boat-type":[],"class_list":{"0":"post-46527","1":"product","2":"type-product","3":"status-publish","4":"has-post-thumbnail","6":"product_cat-uncategorised","7":"sailcom-location-genfersee","8":"sailcom-event-type-maintenance","10":"first","11":"instock","12":"taxable","13":"shipping-taxable","14":"product-type-sc_event"},"acf":[],"_links":{"self":[{"href":"https:\/\/www.sailcom.ch\/en\/wp-json\/wp\/v2\/product\/46527","targetHints":{"allow":["GET"]}}],"collection":[{"href":"https:\/\/www.sailcom.ch\/en\/wp-json\/wp\/v2\/product"}],"about":[{"href":"https:\/\/www.sailcom.ch\/en\/wp-json\/wp\/v2\/types\/product"}],"author":[{"embeddable":true,"href":"https:\/\/www.sailcom.ch\/en\/wp-json\/wp\/v2\/users\/2755"}],"wp:featuredmedia":[{"embeddable":true,"href":"https:\/\/www.sailcom.ch\/en\/wp-json\/wp\/v2\/media\/23729"}],"wp:attachment":[{"href":"https:\/\/www.sailcom.ch\/en\/wp-json\/wp\/v2\/media?parent=46527"}],"wp:term":[{"taxonomy":"product_brand","embeddable":true,"href":"https:\/\/www.sailcom.ch\/en\/wp-json\/wp\/v2\/product_brand?post=46527"},{"taxonomy":"product_cat","embeddable":true,"href":"https:\/\/www.sailcom.ch\/en\/wp-json\/wp\/v2\/product_cat?post=46527"},{"taxonomy":"product_tag","embeddable":true,"href":"https:\/\/www.sailcom.ch\/en\/wp-json\/wp\/v2\/product_tag?post=46527"},{"taxonomy":"sailcom-capability","embeddable":true,"href":"https:\/\/www.sailcom.ch\/en\/wp-json\/wp\/v2\/sailcom-capability?post=46527"},{"taxonomy":"sailcom-location","embeddable":true,"href":"https:\/\/www.sailcom.ch\/en\/wp-json\/wp\/v2\/sailcom-location?post=46527"},{"taxonomy":"sailcom-event-type","embeddable":true,"href":"https:\/\/www.sailcom.ch\/en\/wp-json\/wp\/v2\/sailcom-event-type?post=46527"},{"taxonomy":"sailcom-boat-type","embeddable":true,"href":"https:\/\/www.sailcom.ch\/en\/wp-json\/wp\/v2\/sailcom-boat-type?post=46527"}],"curies":[{"name":"wp","href":"https:\/\/api.w.org\/{rel}","templated":true}]}}