{"id":46424,"date":"2025-03-15T17:58:58","date_gmt":"2025-03-15T16:58:58","guid":{"rendered":"https:\/\/www.sailcom.ch\/product\/product\/"},"modified":"2025-04-05T11:57:28","modified_gmt":"2025-04-05T09:57:28","slug":"event_46424","status":"publish","type":"product","link":"https:\/\/www.sailcom.ch\/en\/product\/event_46424\/","title":{"rendered":"Pfingsten\/pentec\u00f4te \u00e0 bord de GALATEA"},"content":{"rendered":"","protected":false},"excerpt":{"rendered":"<p>An Bord der Dufour 310  GALATEA verbringen wir das Pfingstwochenende und erkunden segelnd das wundersch\u00f6ne Revier des Genfersees. Am Freitagabend heisst es im Hafen Ouchy &quot;Leinen los!&quot;. Jeden Abend steuern wir zum \u00dcbernachten einen anderen Hafen an, wo wir dann jeweils zum Nachtessen in einem Restaurant einkehren. Tags\u00fcber wird &#8211; so Wind und Wetter mitmachen &#8211; t\u00fcchtig gesegelt. Fr\u00fchst\u00fcck und Mittagslunch gibt es an an Bord.<br \/>\nDer Event dient den schon Eingewiesenen als Refresher, Mitglieder, welche das erste Mal auf der Galatea sind, k\u00f6nnen auf Wunsch eingewiesen werden (Boot genau kennenlernen, Hafenman\u00f6ver).<br \/>\nDetaillierte Infos erh\u00e4ltst du durch einen Anruf an mich und nach Anmeldung.<br \/>\nTel.  079 643 26 11<br \/>\nBezahlung auch per Twint m\u00f6glich.<\/p>\n<p>Nous passons le week-end de Pentec\u00f4te \u00e0 bord du Dufour 310 GALATEA et explorons la magnifique r\u00e9gion du L\u00e9man \u00e0 la voile. Vendredi soir, c&#039;est l&#039;heure des amarres au port d&#039;Ouchy. Chaque soir, nous nous dirigeons vers un port diff\u00e9rent pour passer la nuit, o\u00f9 nous nous arr\u00eatons ensuite dans un restaurant pour le d\u00eener. Pendant la journ\u00e9e, il y a beaucoup de navigation &#8211; si le vent et le temps le permettent. Le petit-d\u00e9jeuner et le d\u00e9jeuner sont disponibles \u00e0 bord.<br \/>\nL&#039;\u00e9v\u00e9nement sert de remise \u00e0 niveau pour ceux qui ont d\u00e9j\u00e0 \u00e9t\u00e9 instruits ; les membres qui sont sur le Galat\u00e9e pour la premi\u00e8re fois peuvent \u00eatre instruits s&#039;ils le souhaitent (conna\u00eetre le bateau en d\u00e9tail, les man\u0153uvres du port).<br \/>\nVous recevrez des informations d\u00e9taill\u00e9es en m&#039;appelant et apr\u00e8s votre inscription.<br \/>\nT\u00e9l. 079 643 26 11<br \/>\nPaiement \u00e9galement possible via Twint.<\/p>\n","protected":false},"author":2755,"featured_media":23729,"template":"","meta":{"_acf_changed":false,"publish_to_discourse":"","publish_post_category":"","wpdc_auto_publish_overridden":"","wpdc_topic_tags":"","wpdc_pin_topic":"","wpdc_pin_until":"","discourse_post_id":"","discourse_permalink":"","wpdc_publishing_response":"","wpdc_publishing_error":""},"product_brand":[],"product_cat":[15],"product_tag":[],"sailcom-capability":[],"sailcom-location":[340],"sailcom-event-type":[364],"sailcom-boat-type":[],"class_list":{"0":"post-46424","1":"product","2":"type-product","3":"status-publish","4":"has-post-thumbnail","6":"product_cat-uncategorised","7":"sailcom-location-genfersee","8":"sailcom-event-type-sail-along","10":"first","11":"outofstock","12":"taxable","13":"shipping-taxable","14":"product-type-sc_event"},"acf":[],"_links":{"self":[{"href":"https:\/\/www.sailcom.ch\/en\/wp-json\/wp\/v2\/product\/46424","targetHints":{"allow":["GET"]}}],"collection":[{"href":"https:\/\/www.sailcom.ch\/en\/wp-json\/wp\/v2\/product"}],"about":[{"href":"https:\/\/www.sailcom.ch\/en\/wp-json\/wp\/v2\/types\/product"}],"author":[{"embeddable":true,"href":"https:\/\/www.sailcom.ch\/en\/wp-json\/wp\/v2\/users\/2755"}],"wp:featuredmedia":[{"embeddable":true,"href":"https:\/\/www.sailcom.ch\/en\/wp-json\/wp\/v2\/media\/23729"}],"wp:attachment":[{"href":"https:\/\/www.sailcom.ch\/en\/wp-json\/wp\/v2\/media?parent=46424"}],"wp:term":[{"taxonomy":"product_brand","embeddable":true,"href":"https:\/\/www.sailcom.ch\/en\/wp-json\/wp\/v2\/product_brand?post=46424"},{"taxonomy":"product_cat","embeddable":true,"href":"https:\/\/www.sailcom.ch\/en\/wp-json\/wp\/v2\/product_cat?post=46424"},{"taxonomy":"product_tag","embeddable":true,"href":"https:\/\/www.sailcom.ch\/en\/wp-json\/wp\/v2\/product_tag?post=46424"},{"taxonomy":"sailcom-capability","embeddable":true,"href":"https:\/\/www.sailcom.ch\/en\/wp-json\/wp\/v2\/sailcom-capability?post=46424"},{"taxonomy":"sailcom-location","embeddable":true,"href":"https:\/\/www.sailcom.ch\/en\/wp-json\/wp\/v2\/sailcom-location?post=46424"},{"taxonomy":"sailcom-event-type","embeddable":true,"href":"https:\/\/www.sailcom.ch\/en\/wp-json\/wp\/v2\/sailcom-event-type?post=46424"},{"taxonomy":"sailcom-boat-type","embeddable":true,"href":"https:\/\/www.sailcom.ch\/en\/wp-json\/wp\/v2\/sailcom-boat-type?post=46424"}],"curies":[{"name":"wp","href":"https:\/\/api.w.org\/{rel}","templated":true}]}}