{"id":44073,"date":"2025-01-02T17:33:30","date_gmt":"2025-01-02T16:33:30","guid":{"rendered":"https:\/\/www.sailcom.ch\/product\/product\/"},"modified":"2025-01-29T18:37:18","modified_gmt":"2025-01-29T17:37:18","slug":"event_44073","status":"publish","type":"product","link":"https:\/\/www.sailcom.ch\/en\/product\/event_44073\/","title":{"rendered":"J70 Winterarbeiten und Vorbereiten f\u00fcr Einwassern"},"content":{"rendered":"","protected":false},"excerpt":{"rendered":"<p>Wir bringen unsere J70 auf Vordermann und bereiten alles vor f\u00fcr die Einwasserung. <\/p>\n<p>Treffpunkt: Truck-Service Perlen AG, Mettlenbachstrasse 19, 8617 M\u00f6nchaltorf. Vor dem Eingang der Werkstatthalle -&gt; https:\/\/maps.app.goo.gl\/2nsRVF1MnW6xuYjz7 <\/p>\n<p>Bitte Getr\u00e4nk und Sandwich o\u00e4 f\u00fcr&#039;s Mittagessen sowie Arbeitskleidung mitbringen.<\/p>\n","protected":false},"author":2806,"featured_media":1533,"template":"","meta":{"_acf_changed":false,"publish_to_discourse":"","publish_post_category":"","wpdc_auto_publish_overridden":"","wpdc_topic_tags":"","wpdc_pin_topic":"","wpdc_pin_until":"","discourse_post_id":"","discourse_permalink":"","wpdc_publishing_response":"","wpdc_publishing_error":""},"product_brand":[],"product_cat":[15],"product_tag":[],"sailcom-capability":[],"sailcom-location":[341],"sailcom-event-type":[380],"sailcom-boat-type":[],"class_list":{"0":"post-44073","1":"product","2":"type-product","3":"status-publish","4":"has-post-thumbnail","6":"product_cat-uncategorised","7":"sailcom-location-greifensee","8":"sailcom-event-type-maintenance","10":"first","11":"instock","12":"taxable","13":"shipping-taxable","14":"product-type-sc_event"},"acf":[],"_links":{"self":[{"href":"https:\/\/www.sailcom.ch\/en\/wp-json\/wp\/v2\/product\/44073","targetHints":{"allow":["GET"]}}],"collection":[{"href":"https:\/\/www.sailcom.ch\/en\/wp-json\/wp\/v2\/product"}],"about":[{"href":"https:\/\/www.sailcom.ch\/en\/wp-json\/wp\/v2\/types\/product"}],"author":[{"embeddable":true,"href":"https:\/\/www.sailcom.ch\/en\/wp-json\/wp\/v2\/users\/2806"}],"wp:featuredmedia":[{"embeddable":true,"href":"https:\/\/www.sailcom.ch\/en\/wp-json\/wp\/v2\/media\/1533"}],"wp:attachment":[{"href":"https:\/\/www.sailcom.ch\/en\/wp-json\/wp\/v2\/media?parent=44073"}],"wp:term":[{"taxonomy":"product_brand","embeddable":true,"href":"https:\/\/www.sailcom.ch\/en\/wp-json\/wp\/v2\/product_brand?post=44073"},{"taxonomy":"product_cat","embeddable":true,"href":"https:\/\/www.sailcom.ch\/en\/wp-json\/wp\/v2\/product_cat?post=44073"},{"taxonomy":"product_tag","embeddable":true,"href":"https:\/\/www.sailcom.ch\/en\/wp-json\/wp\/v2\/product_tag?post=44073"},{"taxonomy":"sailcom-capability","embeddable":true,"href":"https:\/\/www.sailcom.ch\/en\/wp-json\/wp\/v2\/sailcom-capability?post=44073"},{"taxonomy":"sailcom-location","embeddable":true,"href":"https:\/\/www.sailcom.ch\/en\/wp-json\/wp\/v2\/sailcom-location?post=44073"},{"taxonomy":"sailcom-event-type","embeddable":true,"href":"https:\/\/www.sailcom.ch\/en\/wp-json\/wp\/v2\/sailcom-event-type?post=44073"},{"taxonomy":"sailcom-boat-type","embeddable":true,"href":"https:\/\/www.sailcom.ch\/en\/wp-json\/wp\/v2\/sailcom-boat-type?post=44073"}],"curies":[{"name":"wp","href":"https:\/\/api.w.org\/{rel}","templated":true}]}}