{"id":41527,"date":"2024-11-21T23:15:57","date_gmt":"2024-11-21T22:15:57","guid":{"rendered":"https:\/\/www.sailcom.ch\/product\/product\/"},"modified":"2025-05-06T14:24:00","modified_gmt":"2025-05-06T12:24:00","slug":"event_41527","status":"publish","type":"product","link":"https:\/\/www.sailcom.ch\/en\/product\/event_41527\/","title":{"rendered":"Pr\u00fcfungsvorbereitung A-Schein f\u00fcr Segelboote"},"content":{"rendered":"","protected":false},"excerpt":{"rendered":"<p>Teilnahme auch ohne SAILCOM Mitgliedschaft<\/p>\n<p>Du willst ein Segelboot mieten f\u00fcr den man den A-Schein \/ Motorbootschein ben\u00f6tigt, den du aber nicht hast?<br \/>\nDu willst den grossen Aufwand f\u00fcr den Kompletten Motorbootschein nicht machen?<\/p>\n<p>Dann ist dieser kompakte Kurs \u2013 Pr\u00fcfungsvorbereitung zum \u201eKleinen A-Schein\u201c (A-Schein eingeschr\u00e4nkt f\u00fcr Segelboote) \u2013 genau das richtige f\u00fcr dich. An einem Wochenende oder an zwei einzelnen Tagen bekommst du das Handwerkszeug und die n\u00f6tige \u00dcbung f\u00fcr die praktische Pr\u00fcfung zum \u201eKleinen A-Schein\u201c. Die Pr\u00fcfung (nicht im Preis inbegriffen) findet an einem Wochentag statt. Daf\u00fcr sind 3 Std. f\u00fcr das Auffrischen und die anschliessende Pr\u00fcfung vorgesehen. Der Preis ist ab 180,- CHF und variiert je nach Anzahl der Pr\u00fcfungsteilnehmer.<br \/>\nF\u00fcr Boote mit mehr als 6 KW (4.4 KW Bodensee) Leistung ben\u00f6tigt man auf schweizerischen Gew\u00e4sser den A-Schein. Auch wenn es sich hierbei um ein Segelboot handelt, wie zum Beispiel die Bavaria 34 in Romanshorn.<\/p>\n<p>Der A-Schein oder auch Motorboot Schein ist zeitlich aufwendig und mit Kosten von durchschnittlich 2.000,- CHF verbunden. Es ist bestimmt eine gute Ausbildung. Wenn man nur den A-Schein machen m\u00f6chte um Segelboote mit mehr als 6 KW (4.4 KW) Leistung zu steuern, dann ist der volle A-Schein etwas \u00fcber das Ziel hinausgeschossen. Zudem bewegt sich ein Segelboot komplett anders als ein Motorboot. Man hat dann zwar den Bef\u00e4higungsnachweis aber keine praktischen Erfahrungen auf einem Segelboot.<\/p>\n<p>Genau aus diesem Grund kann man beim Schiffahrtsamt eine Pr\u00fcfung zum \u201eKleinen A-Schein\u201c (A-Schein eingeschr\u00e4nkt auf Segelboote) ablegen.<\/p>\n<p>Bei diesem Kurs trainieren wir alles was f\u00fcr die Pr\u00fcfung zum kleinen A-Schein ben\u00f6tigt wird. Anlegen und Ablegen aus der Box, L\u00e4ngsseits, Eindampfen, Handhabung auf engem Raum, Buglandung, Boje \u00fcber Bord Man\u00f6ver unter Motor und noch vieles mehr. Ihr lernt sicher und adrenalinfrei das Boot auf engem Raum zu bewegen, gelassen und \u00fcberlegt handeln, eure Crew sicher anzuweisen und euer Segelschiff gezielt in die Parkl\u00fccke zu bringen.<\/p>\n<p>Wir beginnen an den beiden Tagen jeweils um 10:00 Uhr und \u00fcben bis ca. 18:00.<\/p>\n<p>Wir lernen mit verschiedenen \u00dcbungen wie sich das Boot verh\u00e4lt. Alle \u00dcbungen werden erkl\u00e4rt, vorgef\u00fchrt und werden von jedem Teilnehmer ausgiebig ge\u00fcbt. Wir wechseln die \u00dcbungen ab zwischen im Hafen und ausserhalb des Hafens.<\/p>\n<p>Dazwischen entspannen wir mit Pausen auf dem Schiff und dem See, bestellen uns Mittags etwas feines per Lieferservice an den Steg und geniessen es an Bord.<\/p>\n<p>Ich w\u00fcrde mich freuen wenn ich dich bald zum A-Schein Kurs eingeschr\u00e4nkt f\u00fcr Segelboote an Bord begr\u00fcssen d\u00fcrfte,<br \/>\nRobin<\/p>\n<p>\u00dcbersicht f\u00fcr alle meine Segelevents und T\u00f6rns<br \/>\nhttps:\/\/segelschule-namaste.ch\/veranstaltungen\/<\/p>\n","protected":false},"author":3557,"featured_media":37626,"template":"","meta":{"_acf_changed":false,"publish_to_discourse":"","publish_post_category":"","wpdc_auto_publish_overridden":"","wpdc_topic_tags":"","wpdc_pin_topic":"","wpdc_pin_until":"","discourse_post_id":"","discourse_permalink":"","wpdc_publishing_response":"","wpdc_publishing_error":""},"product_brand":[],"product_cat":[15],"product_tag":[],"sailcom-capability":[],"sailcom-location":[339],"sailcom-event-type":[373,375,374],"sailcom-boat-type":[],"class_list":{"0":"post-41527","1":"product","2":"type-product","3":"status-publish","4":"has-post-thumbnail","6":"product_cat-uncategorised","7":"sailcom-location-bodensee","8":"sailcom-event-type-einweisungen","9":"sailcom-event-type-hafen","10":"sailcom-event-type-skippertraining","12":"first","13":"outofstock","14":"taxable","15":"shipping-taxable","16":"product-type-sc_event"},"acf":[],"_links":{"self":[{"href":"https:\/\/www.sailcom.ch\/en\/wp-json\/wp\/v2\/product\/41527","targetHints":{"allow":["GET"]}}],"collection":[{"href":"https:\/\/www.sailcom.ch\/en\/wp-json\/wp\/v2\/product"}],"about":[{"href":"https:\/\/www.sailcom.ch\/en\/wp-json\/wp\/v2\/types\/product"}],"author":[{"embeddable":true,"href":"https:\/\/www.sailcom.ch\/en\/wp-json\/wp\/v2\/users\/3557"}],"wp:featuredmedia":[{"embeddable":true,"href":"https:\/\/www.sailcom.ch\/en\/wp-json\/wp\/v2\/media\/37626"}],"wp:attachment":[{"href":"https:\/\/www.sailcom.ch\/en\/wp-json\/wp\/v2\/media?parent=41527"}],"wp:term":[{"taxonomy":"product_brand","embeddable":true,"href":"https:\/\/www.sailcom.ch\/en\/wp-json\/wp\/v2\/product_brand?post=41527"},{"taxonomy":"product_cat","embeddable":true,"href":"https:\/\/www.sailcom.ch\/en\/wp-json\/wp\/v2\/product_cat?post=41527"},{"taxonomy":"product_tag","embeddable":true,"href":"https:\/\/www.sailcom.ch\/en\/wp-json\/wp\/v2\/product_tag?post=41527"},{"taxonomy":"sailcom-capability","embeddable":true,"href":"https:\/\/www.sailcom.ch\/en\/wp-json\/wp\/v2\/sailcom-capability?post=41527"},{"taxonomy":"sailcom-location","embeddable":true,"href":"https:\/\/www.sailcom.ch\/en\/wp-json\/wp\/v2\/sailcom-location?post=41527"},{"taxonomy":"sailcom-event-type","embeddable":true,"href":"https:\/\/www.sailcom.ch\/en\/wp-json\/wp\/v2\/sailcom-event-type?post=41527"},{"taxonomy":"sailcom-boat-type","embeddable":true,"href":"https:\/\/www.sailcom.ch\/en\/wp-json\/wp\/v2\/sailcom-boat-type?post=41527"}],"curies":[{"name":"wp","href":"https:\/\/api.w.org\/{rel}","templated":true}]}}