{"id":39613,"date":"2024-10-11T11:57:56","date_gmt":"2024-10-11T09:57:56","guid":{"rendered":"https:\/\/www.sailcom.ch\/product\/product\/"},"modified":"2025-02-05T15:52:45","modified_gmt":"2025-02-05T14:52:45","slug":"event_39613","status":"publish","type":"product","link":"https:\/\/www.sailcom.ch\/en\/product\/event_39613\/","title":{"rendered":"Eine kleine Segel-Kreuzfahrt \u00fcber den Bodensee auf der Bavaria 34"},"content":{"rendered":"","protected":false},"excerpt":{"rendered":"<p>Wer kommt mit zum Plauschsegeln? Kinder bis 14 erhalten 50% Rabatt.<\/p>\n<p>Eine kleine Segel-Kreuzfahrt \u00fcber den Bodensee, m\u00f6glich mit Ankern, Badestop ?, Anlegen in einem anderen Hafen, Glac\u00e9 essen oder Kaffee trinken gehen. Wir haben den ganzen Tag Zeit.<\/p>\n<p>Gerne weise ich euch auch in die Grundlagen des Segelns ein. Ihr k\u00f6nnt aktiv dabei sein, die Segel hochziehen und trimmen, das Schiff steuern, oder einfach nur geniessen und zuschauen.<\/p>\n<p>Der Event findet ab 4 Anmeldungen statt. SailCom Mitgliedschaft ist NICHT notwendig.<\/p>\n<p>Treffpunkt: Am Liegeplatz der Bavaria 34<br \/>\n(Romanshorn &#8211; SBS Yachthafen &#8211; Nautika &#8211; Platz H2 direkt neben dem Travellift)<\/p>\n<p>Ich freue mich euch bald an Bord begr\u00fcssen zu d\u00fcrfen, LG Robin<br \/>\nweitere Infos https:\/\/segelschule-namaste.ch\/ oder bei mir unter +41 78 672 25 70<\/p>\n","protected":false},"author":3557,"featured_media":37626,"template":"","meta":{"_acf_changed":false,"publish_to_discourse":"","publish_post_category":"","wpdc_auto_publish_overridden":"","wpdc_topic_tags":"","wpdc_pin_topic":"","wpdc_pin_until":"","discourse_post_id":"","discourse_permalink":"","wpdc_publishing_response":"","wpdc_publishing_error":""},"product_brand":[],"product_cat":[15],"product_tag":[],"sailcom-capability":[],"sailcom-location":[339],"sailcom-event-type":[373,364],"sailcom-boat-type":[],"class_list":{"0":"post-39613","1":"product","2":"type-product","3":"status-publish","4":"has-post-thumbnail","6":"product_cat-uncategorised","7":"sailcom-location-bodensee","8":"sailcom-event-type-einweisungen","9":"sailcom-event-type-sail-along","11":"first","12":"instock","13":"taxable","14":"shipping-taxable","15":"product-type-sc_event"},"acf":[],"_links":{"self":[{"href":"https:\/\/www.sailcom.ch\/en\/wp-json\/wp\/v2\/product\/39613","targetHints":{"allow":["GET"]}}],"collection":[{"href":"https:\/\/www.sailcom.ch\/en\/wp-json\/wp\/v2\/product"}],"about":[{"href":"https:\/\/www.sailcom.ch\/en\/wp-json\/wp\/v2\/types\/product"}],"author":[{"embeddable":true,"href":"https:\/\/www.sailcom.ch\/en\/wp-json\/wp\/v2\/users\/3557"}],"wp:featuredmedia":[{"embeddable":true,"href":"https:\/\/www.sailcom.ch\/en\/wp-json\/wp\/v2\/media\/37626"}],"wp:attachment":[{"href":"https:\/\/www.sailcom.ch\/en\/wp-json\/wp\/v2\/media?parent=39613"}],"wp:term":[{"taxonomy":"product_brand","embeddable":true,"href":"https:\/\/www.sailcom.ch\/en\/wp-json\/wp\/v2\/product_brand?post=39613"},{"taxonomy":"product_cat","embeddable":true,"href":"https:\/\/www.sailcom.ch\/en\/wp-json\/wp\/v2\/product_cat?post=39613"},{"taxonomy":"product_tag","embeddable":true,"href":"https:\/\/www.sailcom.ch\/en\/wp-json\/wp\/v2\/product_tag?post=39613"},{"taxonomy":"sailcom-capability","embeddable":true,"href":"https:\/\/www.sailcom.ch\/en\/wp-json\/wp\/v2\/sailcom-capability?post=39613"},{"taxonomy":"sailcom-location","embeddable":true,"href":"https:\/\/www.sailcom.ch\/en\/wp-json\/wp\/v2\/sailcom-location?post=39613"},{"taxonomy":"sailcom-event-type","embeddable":true,"href":"https:\/\/www.sailcom.ch\/en\/wp-json\/wp\/v2\/sailcom-event-type?post=39613"},{"taxonomy":"sailcom-boat-type","embeddable":true,"href":"https:\/\/www.sailcom.ch\/en\/wp-json\/wp\/v2\/sailcom-boat-type?post=39613"}],"curies":[{"name":"wp","href":"https:\/\/api.w.org\/{rel}","templated":true}]}}