{"id":39127,"date":"2024-09-23T21:31:54","date_gmt":"2024-09-23T19:31:54","guid":{"rendered":"https:\/\/www.sailcom.ch\/product\/product\/"},"modified":"2024-09-30T23:12:02","modified_gmt":"2024-09-30T21:12:02","slug":"event_39127","status":"publish","type":"product","link":"https:\/\/www.sailcom.ch\/en\/product\/event_39127\/","title":{"rendered":"Einweisung und Man\u00f6vrieren im Hafen mit der Bavaria 34 in Romanshorn"},"content":{"rendered":"","protected":false},"excerpt":{"rendered":"<p>Kennenlernen und Einsweisung zur Bavaria 34 am Bodensee.<br \/>\n&#8211; Zugang zum Steg und Schiff, Schl\u00fcssel, etc. (Der aktuelle Platz im SBS Hafen ist nicht der endg\u00fcltige)<br \/>\n&#8211; Aktivieren und kennenlernen der Ausr\u00fcstung und Infrastruktur vom Schiff innen und aussen<br \/>\n&#8211; Einweisung in die Bedienung der Segel und Rollanlage des Grossegels<br \/>\n&#8211; Einweisung in die Nutzung des Bugstrahlruders<br \/>\n&#8211; Kurze Ausfahrt aus dem Liegeplatz mit Hafenrundfahrt<br \/>\n&#8211; Jeder Teilnehmer kann auf engem Raum das Man\u00f6vrieren \u00fcben und f\u00e4hrt ein Anlegeman\u00f6ver<\/p>\n<p>Weitere individuelle Fragen zum Schiff k\u00f6nnen gestellt werden.<\/p>\n<p>Ich freue mich Euch bald an Bord dieser sch\u00f6nen Yacht begr\u00fcssen zu d\u00fcrfen und sie euch in allen Einzelheiten vorzustellen.<br \/>\nRobin.<\/p>\n","protected":false},"author":3557,"featured_media":37626,"template":"","meta":{"_acf_changed":false,"publish_to_discourse":"","publish_post_category":"","wpdc_auto_publish_overridden":"","wpdc_topic_tags":"","wpdc_pin_topic":"","wpdc_pin_until":"","discourse_post_id":"","discourse_permalink":"","wpdc_publishing_response":"","wpdc_publishing_error":""},"product_brand":[],"product_cat":[15],"product_tag":[],"sailcom-capability":[],"sailcom-location":[339],"sailcom-event-type":[373,375,374],"sailcom-boat-type":[],"class_list":{"0":"post-39127","1":"product","2":"type-product","3":"status-publish","4":"has-post-thumbnail","6":"product_cat-uncategorised","7":"sailcom-location-bodensee","8":"sailcom-event-type-einweisungen","9":"sailcom-event-type-hafen","10":"sailcom-event-type-skippertraining","12":"first","13":"instock","14":"taxable","15":"shipping-taxable","16":"product-type-sc_event"},"acf":[],"_links":{"self":[{"href":"https:\/\/www.sailcom.ch\/en\/wp-json\/wp\/v2\/product\/39127","targetHints":{"allow":["GET"]}}],"collection":[{"href":"https:\/\/www.sailcom.ch\/en\/wp-json\/wp\/v2\/product"}],"about":[{"href":"https:\/\/www.sailcom.ch\/en\/wp-json\/wp\/v2\/types\/product"}],"author":[{"embeddable":true,"href":"https:\/\/www.sailcom.ch\/en\/wp-json\/wp\/v2\/users\/3557"}],"wp:featuredmedia":[{"embeddable":true,"href":"https:\/\/www.sailcom.ch\/en\/wp-json\/wp\/v2\/media\/37626"}],"wp:attachment":[{"href":"https:\/\/www.sailcom.ch\/en\/wp-json\/wp\/v2\/media?parent=39127"}],"wp:term":[{"taxonomy":"product_brand","embeddable":true,"href":"https:\/\/www.sailcom.ch\/en\/wp-json\/wp\/v2\/product_brand?post=39127"},{"taxonomy":"product_cat","embeddable":true,"href":"https:\/\/www.sailcom.ch\/en\/wp-json\/wp\/v2\/product_cat?post=39127"},{"taxonomy":"product_tag","embeddable":true,"href":"https:\/\/www.sailcom.ch\/en\/wp-json\/wp\/v2\/product_tag?post=39127"},{"taxonomy":"sailcom-capability","embeddable":true,"href":"https:\/\/www.sailcom.ch\/en\/wp-json\/wp\/v2\/sailcom-capability?post=39127"},{"taxonomy":"sailcom-location","embeddable":true,"href":"https:\/\/www.sailcom.ch\/en\/wp-json\/wp\/v2\/sailcom-location?post=39127"},{"taxonomy":"sailcom-event-type","embeddable":true,"href":"https:\/\/www.sailcom.ch\/en\/wp-json\/wp\/v2\/sailcom-event-type?post=39127"},{"taxonomy":"sailcom-boat-type","embeddable":true,"href":"https:\/\/www.sailcom.ch\/en\/wp-json\/wp\/v2\/sailcom-boat-type?post=39127"}],"curies":[{"name":"wp","href":"https:\/\/api.w.org\/{rel}","templated":true}]}}