{"id":38507,"date":"2024-09-08T20:39:42","date_gmt":"2024-09-08T18:39:42","guid":{"rendered":"https:\/\/www.sailcom.ch\/product\/product\/"},"modified":"2024-09-20T10:47:23","modified_gmt":"2024-09-20T08:47:23","slug":"event_38507","status":"publish","type":"product","link":"https:\/\/www.sailcom.ch\/en\/product\/event_38507\/","title":{"rendered":"Plauschsegeln und\/oder Einweisung auf der Malin"},"content":{"rendered":"","protected":false},"excerpt":{"rendered":"<p>Plauschsegeln auf dem Sch\u00e4renkreuzer Malin. Die Veranstaltung gilt auch als Einweisung. Essen und Trinken f\u00fcr den Ap\u00e9ro an Bord nimmt jeder selber mit. Treffpunkt ist das blaue Beiboot am Ende der Hafenmole unter der reformierten Kirche Erlenbach. Ich freue mich auf einen sch\u00f6nen Segelabend! Bei Fragen bitte anrufen (079 917 02 41 oder email hans.heinrich@knues.li).<\/p>\n","protected":false},"author":2773,"featured_media":1568,"template":"","meta":{"_acf_changed":false,"publish_to_discourse":"","publish_post_category":"","wpdc_auto_publish_overridden":"","wpdc_topic_tags":"","wpdc_pin_topic":"","wpdc_pin_until":"","discourse_post_id":"","discourse_permalink":"","wpdc_publishing_response":"","wpdc_publishing_error":""},"product_brand":[],"product_cat":[15],"product_tag":[],"sailcom-capability":[],"sailcom-location":[348],"sailcom-event-type":[373,364],"sailcom-boat-type":[],"class_list":{"0":"post-38507","1":"product","2":"type-product","3":"status-publish","4":"has-post-thumbnail","6":"product_cat-uncategorised","7":"sailcom-location-zurichsee","8":"sailcom-event-type-einweisungen","9":"sailcom-event-type-sail-along","11":"first","12":"instock","13":"taxable","14":"shipping-taxable","15":"product-type-sc_event"},"acf":[],"_links":{"self":[{"href":"https:\/\/www.sailcom.ch\/en\/wp-json\/wp\/v2\/product\/38507","targetHints":{"allow":["GET"]}}],"collection":[{"href":"https:\/\/www.sailcom.ch\/en\/wp-json\/wp\/v2\/product"}],"about":[{"href":"https:\/\/www.sailcom.ch\/en\/wp-json\/wp\/v2\/types\/product"}],"author":[{"embeddable":true,"href":"https:\/\/www.sailcom.ch\/en\/wp-json\/wp\/v2\/users\/2773"}],"wp:featuredmedia":[{"embeddable":true,"href":"https:\/\/www.sailcom.ch\/en\/wp-json\/wp\/v2\/media\/1568"}],"wp:attachment":[{"href":"https:\/\/www.sailcom.ch\/en\/wp-json\/wp\/v2\/media?parent=38507"}],"wp:term":[{"taxonomy":"product_brand","embeddable":true,"href":"https:\/\/www.sailcom.ch\/en\/wp-json\/wp\/v2\/product_brand?post=38507"},{"taxonomy":"product_cat","embeddable":true,"href":"https:\/\/www.sailcom.ch\/en\/wp-json\/wp\/v2\/product_cat?post=38507"},{"taxonomy":"product_tag","embeddable":true,"href":"https:\/\/www.sailcom.ch\/en\/wp-json\/wp\/v2\/product_tag?post=38507"},{"taxonomy":"sailcom-capability","embeddable":true,"href":"https:\/\/www.sailcom.ch\/en\/wp-json\/wp\/v2\/sailcom-capability?post=38507"},{"taxonomy":"sailcom-location","embeddable":true,"href":"https:\/\/www.sailcom.ch\/en\/wp-json\/wp\/v2\/sailcom-location?post=38507"},{"taxonomy":"sailcom-event-type","embeddable":true,"href":"https:\/\/www.sailcom.ch\/en\/wp-json\/wp\/v2\/sailcom-event-type?post=38507"},{"taxonomy":"sailcom-boat-type","embeddable":true,"href":"https:\/\/www.sailcom.ch\/en\/wp-json\/wp\/v2\/sailcom-boat-type?post=38507"}],"curies":[{"name":"wp","href":"https:\/\/api.w.org\/{rel}","templated":true}]}}