{"id":38341,"date":"2024-09-04T17:19:28","date_gmt":"2024-09-04T15:19:28","guid":{"rendered":"https:\/\/www.sailcom.ch\/product\/product\/"},"modified":"2024-09-06T16:41:34","modified_gmt":"2024-09-06T14:41:34","slug":"event_38341","status":"publish","type":"product","link":"https:\/\/www.sailcom.ch\/en\/product\/event_38341\/","title":{"rendered":"Mitsegeln mit Sunbeam 22.1 auf dem Zugersee"},"content":{"rendered":"","protected":false},"excerpt":{"rendered":"<p>Wir treffen uns beim Boot im Bootshafen Zug.<br \/>\nDie Teilnehmer entscheiden gemeinsam das Programm. Wir k\u00f6nnen Segeltechnik und Genackersegeln \u00fcben; wenn das Wetter es zul\u00e4sst, k\u00f6nnen wir auch baden.<\/p>\n","protected":false},"author":2756,"featured_media":0,"template":"","meta":{"_acf_changed":false,"publish_to_discourse":"","publish_post_category":"","wpdc_auto_publish_overridden":"","wpdc_topic_tags":"","wpdc_pin_topic":"","wpdc_pin_until":"","discourse_post_id":"","discourse_permalink":"","wpdc_publishing_response":"","wpdc_publishing_error":""},"product_brand":[],"product_cat":[15],"product_tag":[],"sailcom-capability":[],"sailcom-location":[349],"sailcom-event-type":[364],"sailcom-boat-type":[],"class_list":{"0":"post-38341","1":"product","2":"type-product","3":"status-publish","5":"product_cat-uncategorised","6":"sailcom-location-zugersee","7":"sailcom-event-type-sail-along","9":"first","10":"outofstock","11":"taxable","12":"shipping-taxable","13":"product-type-sc_event"},"acf":[],"_links":{"self":[{"href":"https:\/\/www.sailcom.ch\/en\/wp-json\/wp\/v2\/product\/38341","targetHints":{"allow":["GET"]}}],"collection":[{"href":"https:\/\/www.sailcom.ch\/en\/wp-json\/wp\/v2\/product"}],"about":[{"href":"https:\/\/www.sailcom.ch\/en\/wp-json\/wp\/v2\/types\/product"}],"author":[{"embeddable":true,"href":"https:\/\/www.sailcom.ch\/en\/wp-json\/wp\/v2\/users\/2756"}],"wp:attachment":[{"href":"https:\/\/www.sailcom.ch\/en\/wp-json\/wp\/v2\/media?parent=38341"}],"wp:term":[{"taxonomy":"product_brand","embeddable":true,"href":"https:\/\/www.sailcom.ch\/en\/wp-json\/wp\/v2\/product_brand?post=38341"},{"taxonomy":"product_cat","embeddable":true,"href":"https:\/\/www.sailcom.ch\/en\/wp-json\/wp\/v2\/product_cat?post=38341"},{"taxonomy":"product_tag","embeddable":true,"href":"https:\/\/www.sailcom.ch\/en\/wp-json\/wp\/v2\/product_tag?post=38341"},{"taxonomy":"sailcom-capability","embeddable":true,"href":"https:\/\/www.sailcom.ch\/en\/wp-json\/wp\/v2\/sailcom-capability?post=38341"},{"taxonomy":"sailcom-location","embeddable":true,"href":"https:\/\/www.sailcom.ch\/en\/wp-json\/wp\/v2\/sailcom-location?post=38341"},{"taxonomy":"sailcom-event-type","embeddable":true,"href":"https:\/\/www.sailcom.ch\/en\/wp-json\/wp\/v2\/sailcom-event-type?post=38341"},{"taxonomy":"sailcom-boat-type","embeddable":true,"href":"https:\/\/www.sailcom.ch\/en\/wp-json\/wp\/v2\/sailcom-boat-type?post=38341"}],"curies":[{"name":"wp","href":"https:\/\/api.w.org\/{rel}","templated":true}]}}