{"id":37939,"date":"2024-08-27T15:58:05","date_gmt":"2024-08-27T13:58:05","guid":{"rendered":"https:\/\/www.sailcom.ch\/?post_type=product&#038;p=37939"},"modified":"2026-01-12T13:23:40","modified_gmt":"2026-01-12T12:23:40","slug":"haftungsreduktion-2025","status":"publish","type":"product","link":"https:\/\/www.sailcom.ch\/en\/product\/haftungsreduktion-2025\/","title":{"rendered":"Haftungsreduktion 2025"},"content":{"rendered":"<p>Kleine Macken k\u00f6nnen rasch zu grossen Sch\u00e4den werden.<\/p>\n<p>Mit der Haftungsreduktion kannst Du sicher sein, dass diese nicht auch zu grossen Kosten f\u00fchren.<\/p>\n<p>Mit dem Abschluss der Haftungsreduktion reduziert sich der Selbstbehalt bei Sch\u00e4den von CHF 1500.00 auf CHF 150.00 &#8211; und das f\u00fcr nur CHF 75! Warum also warten?<\/p>\n<p><strong>Bitte beachte: Wenn Du bereits eine Haftungsreduktion hast, musst Du sie NICHT nochmals l\u00f6sen, sie verl\u00e4ngert sich automatisch (siehe Bedingungen untenstehend)<\/strong><\/p>\n<p><em>Die Haftungsreduktion ist g\u00fcltig jeweils vom Abschluss bis zum 31. M\u00e4rz des Folgejahres und wird jeweils automatisch f\u00fcr ein weiteres Jahr verl\u00e4ngert, falls sie bis zum 1. November nicht gek\u00fcndigt ist. Sch\u00e4den welche aus Grobfahrl\u00e4ssigkeit resultieren sind ausgenommen. Nicht alle unsere Boote sind f\u00fcr Regatten versichert &#8211; im Zweifelsfall empfehlen wir R\u00fccksprache mit der Gesch\u00e4ftsleitung.<\/em><\/p>","protected":false},"excerpt":{"rendered":"<p>Kleine Macken k\u00f6nnen rasch zu grossen Sch\u00e4den werden &#8211; mit der Haftungsreduktion kannst Du sicher sein, dass diese nicht auch zu grossen Kosten f\u00fchren.<\/p>\n","protected":false},"author":4,"featured_media":202,"template":"","meta":{"_acf_changed":false,"publish_to_discourse":"","publish_post_category":"","wpdc_auto_publish_overridden":"","wpdc_topic_tags":"","wpdc_pin_topic":"","wpdc_pin_until":"","discourse_post_id":"","discourse_permalink":"","wpdc_publishing_response":"","wpdc_publishing_error":""},"product_brand":[],"product_cat":[35],"product_tag":[],"sailcom-capability":[],"sailcom-location":[],"sailcom-event-type":[],"sailcom-boat-type":[],"class_list":{"0":"post-37939","1":"product","2":"type-product","3":"status-publish","4":"has-post-thumbnail","6":"product_cat-angebote","8":"first","9":"outofstock","10":"sold-individually","11":"taxable","12":"shipping-taxable","13":"purchasable","14":"product-type-sc_abo"},"acf":[],"_links":{"self":[{"href":"https:\/\/www.sailcom.ch\/en\/wp-json\/wp\/v2\/product\/37939","targetHints":{"allow":["GET"]}}],"collection":[{"href":"https:\/\/www.sailcom.ch\/en\/wp-json\/wp\/v2\/product"}],"about":[{"href":"https:\/\/www.sailcom.ch\/en\/wp-json\/wp\/v2\/types\/product"}],"author":[{"embeddable":true,"href":"https:\/\/www.sailcom.ch\/en\/wp-json\/wp\/v2\/users\/4"}],"wp:featuredmedia":[{"embeddable":true,"href":"https:\/\/www.sailcom.ch\/en\/wp-json\/wp\/v2\/media\/202"}],"wp:attachment":[{"href":"https:\/\/www.sailcom.ch\/en\/wp-json\/wp\/v2\/media?parent=37939"}],"wp:term":[{"taxonomy":"product_brand","embeddable":true,"href":"https:\/\/www.sailcom.ch\/en\/wp-json\/wp\/v2\/product_brand?post=37939"},{"taxonomy":"product_cat","embeddable":true,"href":"https:\/\/www.sailcom.ch\/en\/wp-json\/wp\/v2\/product_cat?post=37939"},{"taxonomy":"product_tag","embeddable":true,"href":"https:\/\/www.sailcom.ch\/en\/wp-json\/wp\/v2\/product_tag?post=37939"},{"taxonomy":"sailcom-capability","embeddable":true,"href":"https:\/\/www.sailcom.ch\/en\/wp-json\/wp\/v2\/sailcom-capability?post=37939"},{"taxonomy":"sailcom-location","embeddable":true,"href":"https:\/\/www.sailcom.ch\/en\/wp-json\/wp\/v2\/sailcom-location?post=37939"},{"taxonomy":"sailcom-event-type","embeddable":true,"href":"https:\/\/www.sailcom.ch\/en\/wp-json\/wp\/v2\/sailcom-event-type?post=37939"},{"taxonomy":"sailcom-boat-type","embeddable":true,"href":"https:\/\/www.sailcom.ch\/en\/wp-json\/wp\/v2\/sailcom-boat-type?post=37939"}],"curies":[{"name":"wp","href":"https:\/\/api.w.org\/{rel}","templated":true}]}}