{"id":37926,"date":"2024-08-27T15:38:23","date_gmt":"2024-08-27T13:38:23","guid":{"rendered":"https:\/\/www.sailcom.ch\/?post_type=product&#038;p=37926"},"modified":"2026-01-12T13:12:56","modified_gmt":"2026-01-12T12:12:56","slug":"abzug-amtstragermitgliedschaft-2025","status":"publish","type":"product","link":"https:\/\/www.sailcom.ch\/en\/product\/abzug-amtstragermitgliedschaft-2025\/","title":{"rendered":"Abzug Amtstr\u00e4germitgliedschaft 2025"},"content":{"rendered":"<p>Von der Amtstr\u00e4germitgliedschaft von 150.- m\u00fcssen nochmals 150.- vom j\u00e4hrlichen Segelgutschein abgezogen werden. Das eventuelle Restguthaben f\u00fcr diejenigen, die mehr als 150.- Gutschein haben, wird separat verrechnet, da es sich dann um MwSt. pflichtige Gutscheine handelt (Nutzung).<\/p>","protected":false},"excerpt":{"rendered":"<p>Abzug Segelgutschein auf Jahresbeitrag<\/p>\n","protected":false},"author":4,"featured_media":0,"template":"","meta":{"_acf_changed":false,"publish_to_discourse":"","publish_post_category":"","wpdc_auto_publish_overridden":"","wpdc_topic_tags":"","wpdc_pin_topic":"","wpdc_pin_until":"","discourse_post_id":"","discourse_permalink":"","wpdc_publishing_response":"","wpdc_publishing_error":""},"product_brand":[],"product_cat":[15],"product_tag":[],"sailcom-capability":[],"sailcom-location":[],"sailcom-event-type":[],"sailcom-boat-type":[],"class_list":{"0":"post-37926","1":"product","2":"type-product","3":"status-publish","5":"product_cat-uncategorised","7":"first","8":"outofstock","9":"sold-individually","10":"taxable","11":"shipping-taxable","12":"purchasable","13":"product-type-sc_abo"},"acf":[],"_links":{"self":[{"href":"https:\/\/www.sailcom.ch\/en\/wp-json\/wp\/v2\/product\/37926","targetHints":{"allow":["GET"]}}],"collection":[{"href":"https:\/\/www.sailcom.ch\/en\/wp-json\/wp\/v2\/product"}],"about":[{"href":"https:\/\/www.sailcom.ch\/en\/wp-json\/wp\/v2\/types\/product"}],"author":[{"embeddable":true,"href":"https:\/\/www.sailcom.ch\/en\/wp-json\/wp\/v2\/users\/4"}],"wp:attachment":[{"href":"https:\/\/www.sailcom.ch\/en\/wp-json\/wp\/v2\/media?parent=37926"}],"wp:term":[{"taxonomy":"product_brand","embeddable":true,"href":"https:\/\/www.sailcom.ch\/en\/wp-json\/wp\/v2\/product_brand?post=37926"},{"taxonomy":"product_cat","embeddable":true,"href":"https:\/\/www.sailcom.ch\/en\/wp-json\/wp\/v2\/product_cat?post=37926"},{"taxonomy":"product_tag","embeddable":true,"href":"https:\/\/www.sailcom.ch\/en\/wp-json\/wp\/v2\/product_tag?post=37926"},{"taxonomy":"sailcom-capability","embeddable":true,"href":"https:\/\/www.sailcom.ch\/en\/wp-json\/wp\/v2\/sailcom-capability?post=37926"},{"taxonomy":"sailcom-location","embeddable":true,"href":"https:\/\/www.sailcom.ch\/en\/wp-json\/wp\/v2\/sailcom-location?post=37926"},{"taxonomy":"sailcom-event-type","embeddable":true,"href":"https:\/\/www.sailcom.ch\/en\/wp-json\/wp\/v2\/sailcom-event-type?post=37926"},{"taxonomy":"sailcom-boat-type","embeddable":true,"href":"https:\/\/www.sailcom.ch\/en\/wp-json\/wp\/v2\/sailcom-boat-type?post=37926"}],"curies":[{"name":"wp","href":"https:\/\/api.w.org\/{rel}","templated":true}]}}