{"id":37560,"date":"2026-05-13T08:06:13","date_gmt":"2026-05-13T06:06:13","guid":{"rendered":"https:\/\/www.sailcom.ch\/?post_type=product&#038;p=37560"},"modified":"2026-05-13T08:22:46","modified_gmt":"2026-05-13T06:22:46","slug":"bavaria-34-cruiser","status":"publish","type":"product","link":"https:\/\/www.sailcom.ch\/en\/product\/bavaria-34-cruiser\/","title":{"rendered":"Bavaria 34 Cruiser (Anima Libera)<br\/>Romanshorn"},"content":{"rendered":"<section class=\"section-row -padded-wide--mod-top-only -in-viewport\" data-viewport-offset=\"90%\">\n<div class=\"col-wrapper l-1col module-highlights -max-width-limited\">\n<div class=\"col -centered\">\n<div class=\"content-item module-highlights--slogan paragraph--decreased-width paragraph\">\n<h2>Ein Hauch Meer auf dem Bodensee:<br \/>\nDie neue SailCom Bavaria 34 Cruiser<\/h2>\n<div class=\"bodytext\">\n<p><strong>Diese moderne und komfortable Segelyacht, Baujahr 2021, bietet dir alles, was du f\u00fcr entspannte Segelferien, Wochenendt\u00f6rns oder lehrreiche Segeltrainings brauchst \u2013 und vielleicht sogar noch ein bisschen Meer.<\/strong><\/p>\n<p>Die drei Kabinen bieten f\u00fcr die Gr\u00f6sse der Yacht grossz\u00fcgigen Komfort f\u00fcr bis zu sechs Personen, f\u00fcr zwei weitere Mitsegelnde ist auf der umbaubaren Doppelkoje im Salon ausreichend Platz.<br \/>\nDie voll ausgestattete K\u00fcche ist bereit f\u00fcr kulinarische Abenteuer und verf\u00fcgt \u00fcber einen Kompressor-K\u00fchlschrank, Gasherd, Backofen und viel Platz zum Kochen.<\/p>\n<p>Der ger\u00e4umige Innenraum, angenehm beheizt durch die Dieselheizung, ist ein guter Ort, um sich auch an k\u00fchleren Tagen die Segelzeit gem\u00fctlich zu geniessen.<\/p>\n<div class=\"iframe-container\" style=\"float: left; margin: 5px 20px 5px 5px; width: 560px; height: 315px;\"><iframe title=\"YouTube video player\" src=\"https:\/\/www.youtube.com\/embed\/6ho6gyvMm_E?si=kphcKPD9OhLj-Vh1\" width=\"560\" height=\"315\" frameborder=\"0\" allowfullscreen=\"allowfullscreen\"><\/iframe><\/div>\n<p>An Deck bietet die Yacht viel Bewegungsfreiheit f\u00fcr die Crew.<\/p>\n<p>Dank der Rollsegel, die sich stufenlos an die jeweilige Wetterlage anpassen lassen und dem doppelten Steuerstand, der dem Steuermann oder der Steuerfrau stets volle \u00dcbersicht gew\u00e4hrt, ist das Segeln auch mit kleiner Crew einfach und komfortabel m\u00f6glich.<\/p>\n<p>Das grossz\u00fcgige Cockpit und der Niedergang sind durch ein Bimini und eine Sprayhood gesch\u00fctzt, sodass du auch bei wechselhaftem Wetter komfortabel unterwegs bist.<br \/>\nMit dem eingebauten Radio und den Aussenlautsprechern kannst du unterwegs deine Lieblingsmusik h\u00f6ren, w\u00e4hrend Dir die modernen Navigationsinstrumente und der Raymarine Plotter im Cockpittisch zuverl\u00e4ssig den Weg weisen.<\/p>\n<p>Ein Bugstrahlruder unterst\u00fctzt dich bei den Man\u00f6vern im Hafen und erleichtert so das Anlegen auch in anspruchsvolleren Situationen.<\/p>\n<p>Falls du bereits Erfahrung auf dem Meer gesammelt hast, wirst du dich auf der SailCom Bavaria 34 sofort wie zu Hause f\u00fchlen.<br \/>\nSie ist hochseetauglich ausgestattet und steht ihren grossen Schwestern auf dem Meer in nichts nach.<\/p>\n<p>Genau deshalb eignet sie sich auch hervorragend f\u00fcr Skipper- und Man\u00f6vertrainings, f\u00fcr die man sonst vielleicht ans Meer fliegen m\u00fcsste.<\/p>\n<p>Diese Skipper-Trainings findest du, sofern ausgeschrieben, unter &#8220;<strong><a href=\"https:\/\/www.sailcom.ch\/events\/?_event_boats_copy=37560\" target=\"_blank\" rel=\"noopener\">Events<\/a><\/strong>&#8221; auf der SailCom Webseite.<\/p>\n<p>Die Teilnahme an einem solchen Training beinhaltet auch eine gr\u00fcndliche Einweisung auf der Bavaria 34, <strong>die f\u00fcr dieses Boot dringend empfohlen wird.<\/strong><\/p>\n<p><strong>Du kannst sie jedoch schon jetzt reservieren und dann mit dem Bootsteam gern auch vor Deinem T\u00f6rn eine individuelle Einf\u00fchrung vereinbaren.<\/strong><\/p>\n<p>&#8212;<\/p>\n<p><strong>Dokumente:<\/strong><\/p>\n<p>Bootshandbuch &#8220;Anima Libera&#8221;: <strong><a href=\"https:\/\/www.sailcom.ch\/wp-content\/uploads\/2025\/06\/20250615_Bootshandbuch-ANIMA-LIBERA-250419.pdf\" target=\"_blank\" rel=\"noopener\">https:\/\/www.sailcom.ch\/wp-content\/uploads\/2025\/06\/20250615_Bootshandbuch-ANIMA-LIBERA-250419.pdf<\/a><\/strong><br \/>\nRevier- und Standortinfo Romanshorn: <strong><a href=\"https:\/\/www.sailcom.ch\/wp-content\/uploads\/2025\/09\/Standortinformationen-Romanshorn.pdf\">https:\/\/www.sailcom.ch\/wp-content\/uploads\/2025\/09\/Standortinformationen-Romanshorn.pdf<\/a><br \/>\n<\/strong>Anleitung Parasail:\u00a0<strong><a href=\"https:\/\/www.sailcom.ch\/wp-content\/uploads\/2025\/09\/Anleitung-Parasail.pdf\">https:\/\/www.sailcom.ch\/wp-content\/uploads\/2025\/09\/Anleitung-Parasail.pdf<\/a><\/strong><\/p>\n<p><strong>Mitsegeln und Community:<\/strong><\/p>\n<p>Verbinde Dich mit der <a href=\"https:\/\/chat.whatsapp.com\/BlEK5T98UWK3QRYqlLJOnB\" target=\"_blank\" rel=\"noopener\">SailCommunity auf Whatsapp<\/a> um Crewmitglieder f\u00fcr Deinen T\u00f6rn oder eine Mitsegelgelegenheit zu finden:<\/p>\n<p><img fetchpriority=\"high\" decoding=\"async\" class=\"wp-image-59790 size-medium aligncenter\" style=\"padding-top: 25px;\" src=\"https:\/\/www.sailcom.ch\/wp-content\/uploads\/2026\/01\/20251203_QR-Code_Whatsapp_SailCommunity_640x795-242x300.png\" alt=\"\" width=\"242\" height=\"300\" \/><\/p>\n<\/div>\n<\/div>\n<\/div>\n<\/div>\n<\/section>","protected":false},"excerpt":{"rendered":"<p><strong>5-Tage-Tarif: Fr. 1380.- (20% auf den ausgeschriebenen Tagestarif unter der Woche)<\/strong><\/p>\n<p><strong>7 Tage-Tarif: Fr. 1930.- (20% auf den ausgeschriebenen Tagestarif unter der Woche)<\/strong><\/p>\n<p>Zus\u00e4tzliche Tage werden im Tagestarif berechnet.<\/p>\n","protected":false},"author":2,"featured_media":45069,"template":"","meta":{"_acf_changed":false,"publish_to_discourse":"0","publish_post_category":"1","wpdc_auto_publish_overridden":"","wpdc_topic_tags":"","wpdc_pin_topic":"","wpdc_pin_until":"","discourse_post_id":"","discourse_permalink":"","wpdc_publishing_response":"","wpdc_publishing_error":""},"product_brand":[],"product_cat":[42,125],"product_tag":[],"sailcom-capability":[],"sailcom-location":[339],"sailcom-event-type":[],"sailcom-boat-type":[368],"class_list":{"0":"post-37560","1":"product","2":"type-product","3":"status-publish","4":"has-post-thumbnail","6":"product_cat-boat","7":"product_cat-cruiser-a","8":"sailcom-location-bodensee","9":"sailcom-boat-type-cruiser-a","11":"first","12":"instock","13":"taxable","14":"shipping-taxable","15":"product-type-redq_rental"},"acf":[],"_links":{"self":[{"href":"https:\/\/www.sailcom.ch\/en\/wp-json\/wp\/v2\/product\/37560","targetHints":{"allow":["GET"]}}],"collection":[{"href":"https:\/\/www.sailcom.ch\/en\/wp-json\/wp\/v2\/product"}],"about":[{"href":"https:\/\/www.sailcom.ch\/en\/wp-json\/wp\/v2\/types\/product"}],"author":[{"embeddable":true,"href":"https:\/\/www.sailcom.ch\/en\/wp-json\/wp\/v2\/users\/2"}],"wp:featuredmedia":[{"embeddable":true,"href":"https:\/\/www.sailcom.ch\/en\/wp-json\/wp\/v2\/media\/45069"}],"wp:attachment":[{"href":"https:\/\/www.sailcom.ch\/en\/wp-json\/wp\/v2\/media?parent=37560"}],"wp:term":[{"taxonomy":"product_brand","embeddable":true,"href":"https:\/\/www.sailcom.ch\/en\/wp-json\/wp\/v2\/product_brand?post=37560"},{"taxonomy":"product_cat","embeddable":true,"href":"https:\/\/www.sailcom.ch\/en\/wp-json\/wp\/v2\/product_cat?post=37560"},{"taxonomy":"product_tag","embeddable":true,"href":"https:\/\/www.sailcom.ch\/en\/wp-json\/wp\/v2\/product_tag?post=37560"},{"taxonomy":"sailcom-capability","embeddable":true,"href":"https:\/\/www.sailcom.ch\/en\/wp-json\/wp\/v2\/sailcom-capability?post=37560"},{"taxonomy":"sailcom-location","embeddable":true,"href":"https:\/\/www.sailcom.ch\/en\/wp-json\/wp\/v2\/sailcom-location?post=37560"},{"taxonomy":"sailcom-event-type","embeddable":true,"href":"https:\/\/www.sailcom.ch\/en\/wp-json\/wp\/v2\/sailcom-event-type?post=37560"},{"taxonomy":"sailcom-boat-type","embeddable":true,"href":"https:\/\/www.sailcom.ch\/en\/wp-json\/wp\/v2\/sailcom-boat-type?post=37560"}],"curies":[{"name":"wp","href":"https:\/\/api.w.org\/{rel}","templated":true}]}}