{"id":37296,"date":"2024-08-14T14:00:41","date_gmt":"2024-08-14T12:00:41","guid":{"rendered":"https:\/\/www.sailcom.ch\/product\/product\/"},"modified":"2024-08-14T14:14:59","modified_gmt":"2024-08-14T12:14:59","slug":"event_37296","status":"publish","type":"product","link":"https:\/\/www.sailcom.ch\/en\/product\/event_37296\/","title":{"rendered":"Segelgrundkurs, verschiedene Kurse zum Wind, Segel Trimm Grundlagen, \u2026"},"content":{"rendered":"","protected":false},"excerpt":{"rendered":"<p>Treffpunkt: Am Liegeplatz der J70 in Rapperswil (63\/64).<\/p>\n<p>Einweisung in die J70, Grossegel anschlagen und hissen, Schiff zum auslaufen klar machen. <\/p>\n<p>Segelgrundkurs oder Auffrischung. Wir segeln verschiedene Kurse zum Wind, lernen die Grundlagen f\u00fcr den Segel Trimm, \u00fcben Wenden und Halsen, Kreissegeln und das MOB Man\u00f6ver mit Hilfe einer Boje \u00fcber Bord. Wir \u00fcben auch auf engem Raum im Hafen zu Segeln.<\/p>\n<p>Alle Man\u00f6ver werden vorher besprochen, vorgef\u00fchrt und ausf\u00fchrlich ge\u00fcbt.<\/p>\n<p>Der Kurs findet ab 2 Anmeldungen statt. Vormittags Segelgrundkurs (09:00-12:00) und Nachmittags Gennakerkurs (13:00-16:00) zusammen nur 150,-<\/p>\n","protected":false},"author":3557,"featured_media":1534,"template":"","meta":{"_acf_changed":false,"publish_to_discourse":"","publish_post_category":"","wpdc_auto_publish_overridden":"","wpdc_topic_tags":"","wpdc_pin_topic":"","wpdc_pin_until":"","discourse_post_id":"","discourse_permalink":"","wpdc_publishing_response":"","wpdc_publishing_error":""},"product_brand":[],"product_cat":[15],"product_tag":[],"sailcom-capability":[],"sailcom-location":[348],"sailcom-event-type":[373,374],"sailcom-boat-type":[],"class_list":{"0":"post-37296","1":"product","2":"type-product","3":"status-publish","4":"has-post-thumbnail","6":"product_cat-uncategorised","7":"sailcom-location-zurichsee","8":"sailcom-event-type-einweisungen","9":"sailcom-event-type-skippertraining","11":"first","12":"instock","13":"taxable","14":"shipping-taxable","15":"product-type-sc_event"},"acf":[],"_links":{"self":[{"href":"https:\/\/www.sailcom.ch\/en\/wp-json\/wp\/v2\/product\/37296","targetHints":{"allow":["GET"]}}],"collection":[{"href":"https:\/\/www.sailcom.ch\/en\/wp-json\/wp\/v2\/product"}],"about":[{"href":"https:\/\/www.sailcom.ch\/en\/wp-json\/wp\/v2\/types\/product"}],"author":[{"embeddable":true,"href":"https:\/\/www.sailcom.ch\/en\/wp-json\/wp\/v2\/users\/3557"}],"wp:featuredmedia":[{"embeddable":true,"href":"https:\/\/www.sailcom.ch\/en\/wp-json\/wp\/v2\/media\/1534"}],"wp:attachment":[{"href":"https:\/\/www.sailcom.ch\/en\/wp-json\/wp\/v2\/media?parent=37296"}],"wp:term":[{"taxonomy":"product_brand","embeddable":true,"href":"https:\/\/www.sailcom.ch\/en\/wp-json\/wp\/v2\/product_brand?post=37296"},{"taxonomy":"product_cat","embeddable":true,"href":"https:\/\/www.sailcom.ch\/en\/wp-json\/wp\/v2\/product_cat?post=37296"},{"taxonomy":"product_tag","embeddable":true,"href":"https:\/\/www.sailcom.ch\/en\/wp-json\/wp\/v2\/product_tag?post=37296"},{"taxonomy":"sailcom-capability","embeddable":true,"href":"https:\/\/www.sailcom.ch\/en\/wp-json\/wp\/v2\/sailcom-capability?post=37296"},{"taxonomy":"sailcom-location","embeddable":true,"href":"https:\/\/www.sailcom.ch\/en\/wp-json\/wp\/v2\/sailcom-location?post=37296"},{"taxonomy":"sailcom-event-type","embeddable":true,"href":"https:\/\/www.sailcom.ch\/en\/wp-json\/wp\/v2\/sailcom-event-type?post=37296"},{"taxonomy":"sailcom-boat-type","embeddable":true,"href":"https:\/\/www.sailcom.ch\/en\/wp-json\/wp\/v2\/sailcom-boat-type?post=37296"}],"curies":[{"name":"wp","href":"https:\/\/api.w.org\/{rel}","templated":true}]}}