{"id":37264,"date":"2024-08-13T18:40:36","date_gmt":"2024-08-13T16:40:36","guid":{"rendered":"https:\/\/www.sailcom.ch\/product\/product\/"},"modified":"2024-08-16T08:29:10","modified_gmt":"2024-08-16T06:29:10","slug":"event_37264","status":"publish","type":"product","link":"https:\/\/www.sailcom.ch\/en\/product\/event_37264\/","title":{"rendered":"Hafenman\u00f6vertraining, Schiffshandhabung auf engem Raum, Einparken und Ausparken, L\u00e4ngsseits anlegen \u2026"},"content":{"rendered":"","protected":false},"excerpt":{"rendered":"<p>&#8211; Schiffshandhabung auf engem Raum<br \/>\n&#8211; Hafenman\u00f6ver (Ein- und Ausparken)<\/p>\n<p>Bevor man \u00fcberhaupt dar\u00fcber nachdenkt mit einem Schiff an einen Stellplatz anzulegen, sollte man wissen wie sich ein Segelschiff auf engem Raum bewegt und lernen wie man es handhabt. Dazu gibt es verschiedene Komponenten die man erlernen und \u00fcben muss. Das ist zum Beispiel R\u00fcckw\u00e4rtsfahren, Slalomfahren, drehen auf der Stelle und vieles mehr. Erst wenn die einzelnen Komponenten beherrscht werden, kann man diese zu komplexeren Aufgaben zusammenf\u00fcgen. Und erst wenn man das auf einem sicheren \u201eSpielplatz\u201c ge\u00fcbt hat, kann man anfangen das ganze im Hafen und an den Anlegestellen zu \u00fcben.<\/p>\n<p>Der Event findet ab 2 Teilnehmern statt. Vormittag (10:00 &#8211; 13:00) und Nachmittag (14:00-17:00) Kurs zusammen 200,- CHF<\/p>\n<p>Weitere Infos auch auf https:\/\/segelschule-namaste.ch\/hochsee-toerns\/skipperkurs\/<br \/>\noder +41 78 672 25 70<\/p>\n<p>Ich freue mich euch bald an Bord zum Skipperkurs begr\u00fcssen zu d\u00fcrfen.<br \/>\nRobin.<\/p>\n","protected":false},"author":3557,"featured_media":10780,"template":"","meta":{"_acf_changed":false,"publish_to_discourse":"","publish_post_category":"","wpdc_auto_publish_overridden":"","wpdc_topic_tags":"","wpdc_pin_topic":"","wpdc_pin_until":"","discourse_post_id":"","discourse_permalink":"","wpdc_publishing_response":"","wpdc_publishing_error":""},"product_brand":[],"product_cat":[15],"product_tag":[],"sailcom-capability":[],"sailcom-location":[345],"sailcom-event-type":[375,374],"sailcom-boat-type":[],"class_list":{"0":"post-37264","1":"product","2":"type-product","3":"status-publish","4":"has-post-thumbnail","6":"product_cat-uncategorised","7":"sailcom-location-vierwaldstattersee-location","8":"sailcom-event-type-hafen","9":"sailcom-event-type-skippertraining","11":"first","12":"instock","13":"taxable","14":"shipping-taxable","15":"product-type-sc_event"},"acf":[],"_links":{"self":[{"href":"https:\/\/www.sailcom.ch\/en\/wp-json\/wp\/v2\/product\/37264","targetHints":{"allow":["GET"]}}],"collection":[{"href":"https:\/\/www.sailcom.ch\/en\/wp-json\/wp\/v2\/product"}],"about":[{"href":"https:\/\/www.sailcom.ch\/en\/wp-json\/wp\/v2\/types\/product"}],"author":[{"embeddable":true,"href":"https:\/\/www.sailcom.ch\/en\/wp-json\/wp\/v2\/users\/3557"}],"wp:featuredmedia":[{"embeddable":true,"href":"https:\/\/www.sailcom.ch\/en\/wp-json\/wp\/v2\/media\/10780"}],"wp:attachment":[{"href":"https:\/\/www.sailcom.ch\/en\/wp-json\/wp\/v2\/media?parent=37264"}],"wp:term":[{"taxonomy":"product_brand","embeddable":true,"href":"https:\/\/www.sailcom.ch\/en\/wp-json\/wp\/v2\/product_brand?post=37264"},{"taxonomy":"product_cat","embeddable":true,"href":"https:\/\/www.sailcom.ch\/en\/wp-json\/wp\/v2\/product_cat?post=37264"},{"taxonomy":"product_tag","embeddable":true,"href":"https:\/\/www.sailcom.ch\/en\/wp-json\/wp\/v2\/product_tag?post=37264"},{"taxonomy":"sailcom-capability","embeddable":true,"href":"https:\/\/www.sailcom.ch\/en\/wp-json\/wp\/v2\/sailcom-capability?post=37264"},{"taxonomy":"sailcom-location","embeddable":true,"href":"https:\/\/www.sailcom.ch\/en\/wp-json\/wp\/v2\/sailcom-location?post=37264"},{"taxonomy":"sailcom-event-type","embeddable":true,"href":"https:\/\/www.sailcom.ch\/en\/wp-json\/wp\/v2\/sailcom-event-type?post=37264"},{"taxonomy":"sailcom-boat-type","embeddable":true,"href":"https:\/\/www.sailcom.ch\/en\/wp-json\/wp\/v2\/sailcom-boat-type?post=37264"}],"curies":[{"name":"wp","href":"https:\/\/api.w.org\/{rel}","templated":true}]}}