{"id":35349,"date":"2024-07-10T10:13:00","date_gmt":"2024-07-10T08:13:00","guid":{"rendered":"https:\/\/www.sailcom.ch\/product\/product\/"},"modified":"2024-07-23T08:51:50","modified_gmt":"2024-07-23T06:51:50","slug":"event_35349","status":"publish","type":"product","link":"https:\/\/www.sailcom.ch\/en\/product\/event_35349\/","title":{"rendered":"Initiation Bonita \/ Afterwork navigation"},"content":{"rendered":"","protected":false},"excerpt":{"rendered":"<p>L\u2019\u00e9quipe &#039;Bonita&#039; propose deux heures de navigation &quot;apr\u00e8s le travail&quot;, viens pour profiter de rencontrer le bateaux, si tu ne le connais pas encore, ou simplement pour profiter de finir la journ\u00e9e dans le lac avec des autres navigateurs\/navigatrices.<\/p>\n<p>Le prix c&#039;est 80 Fr. \u00e0 diviser parmi tous\/toutes les participants.<br \/>\nMin 3, max 5 (inclus organisateur)<\/p>\n<p>On confirmera la sortie la journ\u00e9e d&#039;avant, selon conditions m\u00e9t\u00e9orologiques et num\u00e9ro de participants.<\/p>\n<p>Rdv dans la porte du digue, Ouchy \u00e0 18:15<\/p>\n","protected":false},"author":3440,"featured_media":10396,"template":"","meta":{"_acf_changed":false,"publish_to_discourse":"","publish_post_category":"","wpdc_auto_publish_overridden":"","wpdc_topic_tags":"","wpdc_pin_topic":"","wpdc_pin_until":"","discourse_post_id":"","discourse_permalink":"","wpdc_publishing_response":"","wpdc_publishing_error":""},"product_brand":[],"product_cat":[15],"product_tag":[],"sailcom-capability":[],"sailcom-location":[340],"sailcom-event-type":[364],"sailcom-boat-type":[],"class_list":{"0":"post-35349","1":"product","2":"type-product","3":"status-publish","4":"has-post-thumbnail","6":"product_cat-uncategorised","7":"sailcom-location-genfersee","8":"sailcom-event-type-sail-along","10":"first","11":"instock","12":"taxable","13":"shipping-taxable","14":"product-type-sc_event"},"acf":[],"_links":{"self":[{"href":"https:\/\/www.sailcom.ch\/en\/wp-json\/wp\/v2\/product\/35349","targetHints":{"allow":["GET"]}}],"collection":[{"href":"https:\/\/www.sailcom.ch\/en\/wp-json\/wp\/v2\/product"}],"about":[{"href":"https:\/\/www.sailcom.ch\/en\/wp-json\/wp\/v2\/types\/product"}],"author":[{"embeddable":true,"href":"https:\/\/www.sailcom.ch\/en\/wp-json\/wp\/v2\/users\/3440"}],"wp:featuredmedia":[{"embeddable":true,"href":"https:\/\/www.sailcom.ch\/en\/wp-json\/wp\/v2\/media\/10396"}],"wp:attachment":[{"href":"https:\/\/www.sailcom.ch\/en\/wp-json\/wp\/v2\/media?parent=35349"}],"wp:term":[{"taxonomy":"product_brand","embeddable":true,"href":"https:\/\/www.sailcom.ch\/en\/wp-json\/wp\/v2\/product_brand?post=35349"},{"taxonomy":"product_cat","embeddable":true,"href":"https:\/\/www.sailcom.ch\/en\/wp-json\/wp\/v2\/product_cat?post=35349"},{"taxonomy":"product_tag","embeddable":true,"href":"https:\/\/www.sailcom.ch\/en\/wp-json\/wp\/v2\/product_tag?post=35349"},{"taxonomy":"sailcom-capability","embeddable":true,"href":"https:\/\/www.sailcom.ch\/en\/wp-json\/wp\/v2\/sailcom-capability?post=35349"},{"taxonomy":"sailcom-location","embeddable":true,"href":"https:\/\/www.sailcom.ch\/en\/wp-json\/wp\/v2\/sailcom-location?post=35349"},{"taxonomy":"sailcom-event-type","embeddable":true,"href":"https:\/\/www.sailcom.ch\/en\/wp-json\/wp\/v2\/sailcom-event-type?post=35349"},{"taxonomy":"sailcom-boat-type","embeddable":true,"href":"https:\/\/www.sailcom.ch\/en\/wp-json\/wp\/v2\/sailcom-boat-type?post=35349"}],"curies":[{"name":"wp","href":"https:\/\/api.w.org\/{rel}","templated":true}]}}