{"id":34556,"date":"2024-06-28T12:48:15","date_gmt":"2024-06-28T10:48:15","guid":{"rendered":"https:\/\/www.sailcom.ch\/product\/product\/"},"modified":"2024-10-31T13:47:52","modified_gmt":"2024-10-31T12:47:52","slug":"event_34556","status":"publish","type":"product","link":"https:\/\/www.sailcom.ch\/en\/product\/event_34556\/","title":{"rendered":"SailCom-Regatta, Second Edition, Mitsegeln auf einer J70"},"content":{"rendered":"","protected":false},"excerpt":{"rendered":"<p>Auch dieses Jahr soll eine interne Regatta von Sailcom und SailCom Racegroup in Z\u00fcrich stattfinden. Wir m\u00f6chten dieses Jahr etwas fr\u00fcher starten, die genauen Zeiten werden noch bekannt gegeben<\/p>\n<p>Prov. Programm:<br \/>\nBoote bereitmachen: 9:00 Uhr<br \/>\nSkippermeeting: 10:00 Uhr<br \/>\nStart: 11:00 Uhr<\/p>\n<p>Bitte meldet Euch f\u00fcr das Nachtessen hier separat an, damit wir wissen, wieviel wir bestellen m\u00fcssen.<\/p>\n<p>Bei ganzen Teams melden sich bitte die Skipper an (und reservieren 4 Pl\u00e4tze).<\/p>\n","protected":false},"author":6,"featured_media":14286,"template":"","meta":{"_acf_changed":false,"publish_to_discourse":"","publish_post_category":"","wpdc_auto_publish_overridden":"","wpdc_topic_tags":"","wpdc_pin_topic":"","wpdc_pin_until":"","discourse_post_id":"","discourse_permalink":"","wpdc_publishing_response":"","wpdc_publishing_error":""},"product_brand":[],"product_cat":[15],"product_tag":[],"sailcom-capability":[],"sailcom-location":[348],"sailcom-event-type":[377],"sailcom-boat-type":[],"class_list":{"0":"post-34556","1":"product","2":"type-product","3":"status-publish","4":"has-post-thumbnail","6":"product_cat-uncategorised","7":"sailcom-location-zurichsee","8":"sailcom-event-type-regatta-training","10":"first","11":"outofstock","12":"taxable","13":"shipping-taxable","14":"product-type-sc_event"},"acf":[],"_links":{"self":[{"href":"https:\/\/www.sailcom.ch\/en\/wp-json\/wp\/v2\/product\/34556","targetHints":{"allow":["GET"]}}],"collection":[{"href":"https:\/\/www.sailcom.ch\/en\/wp-json\/wp\/v2\/product"}],"about":[{"href":"https:\/\/www.sailcom.ch\/en\/wp-json\/wp\/v2\/types\/product"}],"author":[{"embeddable":true,"href":"https:\/\/www.sailcom.ch\/en\/wp-json\/wp\/v2\/users\/6"}],"wp:featuredmedia":[{"embeddable":true,"href":"https:\/\/www.sailcom.ch\/en\/wp-json\/wp\/v2\/media\/14286"}],"wp:attachment":[{"href":"https:\/\/www.sailcom.ch\/en\/wp-json\/wp\/v2\/media?parent=34556"}],"wp:term":[{"taxonomy":"product_brand","embeddable":true,"href":"https:\/\/www.sailcom.ch\/en\/wp-json\/wp\/v2\/product_brand?post=34556"},{"taxonomy":"product_cat","embeddable":true,"href":"https:\/\/www.sailcom.ch\/en\/wp-json\/wp\/v2\/product_cat?post=34556"},{"taxonomy":"product_tag","embeddable":true,"href":"https:\/\/www.sailcom.ch\/en\/wp-json\/wp\/v2\/product_tag?post=34556"},{"taxonomy":"sailcom-capability","embeddable":true,"href":"https:\/\/www.sailcom.ch\/en\/wp-json\/wp\/v2\/sailcom-capability?post=34556"},{"taxonomy":"sailcom-location","embeddable":true,"href":"https:\/\/www.sailcom.ch\/en\/wp-json\/wp\/v2\/sailcom-location?post=34556"},{"taxonomy":"sailcom-event-type","embeddable":true,"href":"https:\/\/www.sailcom.ch\/en\/wp-json\/wp\/v2\/sailcom-event-type?post=34556"},{"taxonomy":"sailcom-boat-type","embeddable":true,"href":"https:\/\/www.sailcom.ch\/en\/wp-json\/wp\/v2\/sailcom-boat-type?post=34556"}],"curies":[{"name":"wp","href":"https:\/\/api.w.org\/{rel}","templated":true}]}}