{"id":31936,"date":"2024-06-08T00:02:43","date_gmt":"2024-06-07T22:02:43","guid":{"rendered":"https:\/\/www.sailcom.ch\/product\/product\/"},"modified":"2024-06-08T00:02:44","modified_gmt":"2024-06-07T22:02:44","slug":"event_31936","status":"publish","type":"product","link":"https:\/\/www.sailcom.ch\/en\/product\/event_31936\/","title":{"rendered":"Regattatraining auf den SCRG-Ynglingen \/ Anmeldung auf https:\/\/sailcom-racegroup.ch\/"},"content":{"rendered":"","protected":false},"excerpt":{"rendered":"<p>Seit \u00fcber 20 Jahren der einfachste und g\u00fcnstigste Einstieg ins Regattasegeln! Wir treffen uns um 18 Uhr im Hafen Enge in Z\u00fcrich hier beim &quot;Treffpunkt Regattatraining&quot; https:\/\/sailcom-racegroup.ch\/node\/917 und segeln auf den SCRG-Ynglingen am Regattatraining vom Z\u00fcrcher Segelclub mit. Erstelle Dir auf https:\/\/sailcom-racegroup.ch\/user\/register einen User und schreibe Dich auf https:\/\/sailcom-racegroup.ch\/regattatraining\/anmeldung\/di ein. Falls Du Fragen hast: praesident@sailcom-racegroup.ch<\/p>\n","protected":false},"author":2772,"featured_media":1567,"template":"","meta":{"_acf_changed":false,"publish_to_discourse":"","publish_post_category":"","wpdc_auto_publish_overridden":"","wpdc_topic_tags":"","wpdc_pin_topic":"","wpdc_pin_until":"","discourse_post_id":"","discourse_permalink":"","wpdc_publishing_response":"","wpdc_publishing_error":""},"product_brand":[],"product_cat":[15],"product_tag":[],"sailcom-capability":[],"sailcom-location":[348],"sailcom-event-type":[377],"sailcom-boat-type":[],"class_list":{"0":"post-31936","1":"product","2":"type-product","3":"status-publish","4":"has-post-thumbnail","6":"product_cat-uncategorised","7":"sailcom-location-zurichsee","8":"sailcom-event-type-regatta-training","10":"first","11":"instock","12":"taxable","13":"shipping-taxable","14":"product-type-sc_event"},"acf":[],"_links":{"self":[{"href":"https:\/\/www.sailcom.ch\/en\/wp-json\/wp\/v2\/product\/31936","targetHints":{"allow":["GET"]}}],"collection":[{"href":"https:\/\/www.sailcom.ch\/en\/wp-json\/wp\/v2\/product"}],"about":[{"href":"https:\/\/www.sailcom.ch\/en\/wp-json\/wp\/v2\/types\/product"}],"author":[{"embeddable":true,"href":"https:\/\/www.sailcom.ch\/en\/wp-json\/wp\/v2\/users\/2772"}],"wp:featuredmedia":[{"embeddable":true,"href":"https:\/\/www.sailcom.ch\/en\/wp-json\/wp\/v2\/media\/1567"}],"wp:attachment":[{"href":"https:\/\/www.sailcom.ch\/en\/wp-json\/wp\/v2\/media?parent=31936"}],"wp:term":[{"taxonomy":"product_brand","embeddable":true,"href":"https:\/\/www.sailcom.ch\/en\/wp-json\/wp\/v2\/product_brand?post=31936"},{"taxonomy":"product_cat","embeddable":true,"href":"https:\/\/www.sailcom.ch\/en\/wp-json\/wp\/v2\/product_cat?post=31936"},{"taxonomy":"product_tag","embeddable":true,"href":"https:\/\/www.sailcom.ch\/en\/wp-json\/wp\/v2\/product_tag?post=31936"},{"taxonomy":"sailcom-capability","embeddable":true,"href":"https:\/\/www.sailcom.ch\/en\/wp-json\/wp\/v2\/sailcom-capability?post=31936"},{"taxonomy":"sailcom-location","embeddable":true,"href":"https:\/\/www.sailcom.ch\/en\/wp-json\/wp\/v2\/sailcom-location?post=31936"},{"taxonomy":"sailcom-event-type","embeddable":true,"href":"https:\/\/www.sailcom.ch\/en\/wp-json\/wp\/v2\/sailcom-event-type?post=31936"},{"taxonomy":"sailcom-boat-type","embeddable":true,"href":"https:\/\/www.sailcom.ch\/en\/wp-json\/wp\/v2\/sailcom-boat-type?post=31936"}],"curies":[{"name":"wp","href":"https:\/\/api.w.org\/{rel}","templated":true}]}}