{"id":31541,"date":"2024-05-29T12:13:07","date_gmt":"2024-05-29T10:13:07","guid":{"rendered":"https:\/\/www.sailcom.ch\/product\/product\/"},"modified":"2024-05-29T12:18:13","modified_gmt":"2024-05-29T10:18:13","slug":"event_31541","status":"publish","type":"product","link":"https:\/\/www.sailcom.ch\/en\/product\/event_31541\/","title":{"rendered":"Holzteile Lackieren oder Lasieren"},"content":{"rendered":"","protected":false},"excerpt":{"rendered":"<p>Maststell Vorrichtung vor der Witterung sch\u00fctzen. Die Teile sind in der Herrenwis gelagert und k\u00f6nnen dort Jeder Zeit abgeholt werden. Die Arbeiten k\u00f6nnen an allen geeigneten Orten gemacht werden.<br \/>\nF\u00fcr Fragen, Anleitungen und Material, bitte mit mir kontakt aufnehmen:<br \/>\n079 540 88 68   \/  Peter.wider@bluewin.ch<\/p>\n","protected":false},"author":2753,"featured_media":1533,"template":"","meta":{"_acf_changed":false,"publish_to_discourse":"","publish_post_category":"","wpdc_auto_publish_overridden":"","wpdc_topic_tags":"","wpdc_pin_topic":"","wpdc_pin_until":"","discourse_post_id":"","discourse_permalink":"","wpdc_publishing_response":"","wpdc_publishing_error":""},"product_brand":[],"product_cat":[15],"product_tag":[],"sailcom-capability":[],"sailcom-location":[341,348],"sailcom-event-type":[380],"sailcom-boat-type":[],"class_list":{"0":"post-31541","1":"product","2":"type-product","3":"status-publish","4":"has-post-thumbnail","6":"product_cat-uncategorised","7":"sailcom-location-greifensee","8":"sailcom-location-zurichsee","9":"sailcom-event-type-maintenance","11":"first","12":"instock","13":"taxable","14":"shipping-taxable","15":"product-type-sc_event"},"acf":[],"_links":{"self":[{"href":"https:\/\/www.sailcom.ch\/en\/wp-json\/wp\/v2\/product\/31541","targetHints":{"allow":["GET"]}}],"collection":[{"href":"https:\/\/www.sailcom.ch\/en\/wp-json\/wp\/v2\/product"}],"about":[{"href":"https:\/\/www.sailcom.ch\/en\/wp-json\/wp\/v2\/types\/product"}],"author":[{"embeddable":true,"href":"https:\/\/www.sailcom.ch\/en\/wp-json\/wp\/v2\/users\/2753"}],"wp:featuredmedia":[{"embeddable":true,"href":"https:\/\/www.sailcom.ch\/en\/wp-json\/wp\/v2\/media\/1533"}],"wp:attachment":[{"href":"https:\/\/www.sailcom.ch\/en\/wp-json\/wp\/v2\/media?parent=31541"}],"wp:term":[{"taxonomy":"product_brand","embeddable":true,"href":"https:\/\/www.sailcom.ch\/en\/wp-json\/wp\/v2\/product_brand?post=31541"},{"taxonomy":"product_cat","embeddable":true,"href":"https:\/\/www.sailcom.ch\/en\/wp-json\/wp\/v2\/product_cat?post=31541"},{"taxonomy":"product_tag","embeddable":true,"href":"https:\/\/www.sailcom.ch\/en\/wp-json\/wp\/v2\/product_tag?post=31541"},{"taxonomy":"sailcom-capability","embeddable":true,"href":"https:\/\/www.sailcom.ch\/en\/wp-json\/wp\/v2\/sailcom-capability?post=31541"},{"taxonomy":"sailcom-location","embeddable":true,"href":"https:\/\/www.sailcom.ch\/en\/wp-json\/wp\/v2\/sailcom-location?post=31541"},{"taxonomy":"sailcom-event-type","embeddable":true,"href":"https:\/\/www.sailcom.ch\/en\/wp-json\/wp\/v2\/sailcom-event-type?post=31541"},{"taxonomy":"sailcom-boat-type","embeddable":true,"href":"https:\/\/www.sailcom.ch\/en\/wp-json\/wp\/v2\/sailcom-boat-type?post=31541"}],"curies":[{"name":"wp","href":"https:\/\/api.w.org\/{rel}","templated":true}]}}