{"id":30961,"date":"2026-05-13T08:05:00","date_gmt":"2026-05-13T06:05:00","guid":{"rendered":"https:\/\/www.sailcom.ch\/?post_type=product&#038;p=30961"},"modified":"2026-05-13T08:18:41","modified_gmt":"2026-05-13T06:18:41","slug":"sunbeam-22-1-biel-bienne","status":"publish","type":"product","link":"https:\/\/www.sailcom.ch\/en\/product\/sunbeam-22-1-biel-bienne\/","title":{"rendered":"Sunbeam 22.1 (Stellaris) <br\/>Biel \/ Bienne"},"content":{"rendered":"<p><strong><em>Eine weitere moderne, komfortable und einfach zu handhabende Daysailing-Segelyacht vom Typ Sunbeam 22.1 erg\u00e4nzt per sofort das attraktive Angebot am Bielersee.<\/em><\/strong><\/p>\n<p>Die Sunbeam 22.1 ist ein modernes Kabinenboot f\u00fcr einfaches, sicheres und komfortables Segeln.<br \/>\nGeeignet f\u00fcr Anf\u00e4nger und Fortgeschrittene, Familien und Geniesser.<br \/>\nDieses Boot ist aufgrund seines Charakters ideal f\u00fcr die Erkundung und das Geniessen des Bielersees geeignet:<br \/>\nViel Segelfreude bei Wind und ausreichend Komfort, um auch ein entspanntes Wochenende z.B. am Ufer der Petersinsel oder beim gem\u00fctlichen Buchtenbummeln zu verbringen.<\/p>\n<p>Der Bielersee ist ein ausgesprochen Abwechslungs- und auch windreiches Revier.<br \/>\nDank dem variablem Tiefgang der Sunbeam 22.1 k\u00f6nnen nun endlich auch die vertr\u00e4umten H\u00e4fen und romantischen Buchten am S\u00fcdufer des Bielersees angelaufen werden.<br \/>\nDie perfekte Yacht f\u00fcr diesen sch\u00f6nen See an der Grenze zur Romandie.<\/p>\n<p>Sie zeichnet sich durch hohe Sicherheit und Stabilit\u00e4t aus bei gleichzeitig guten Segeleigenschaften.<\/p>\n<p>Die Sunbeam 22.1 war bis 2022 auch das Boot der \u00d6sterreichischen Segelbundesliga, also ist neben dem Komfort an Bord auch der Segelspass garantiert.<br \/>\nEin echter Allrounder mit einfacher Handhabung und Einbau-Elektromotor.<\/p>\n<p>Der Hafen Biel ist mit dem \u00d6V einfach zu erreichen und bietet direkten Zugang in dieses wunderbare Segelrevier.<\/p>\n<p><strong>Weitere Ausstattung:<\/strong><\/p>\n<ul>\n<li>Elektromotor: ePropulsion POD 3 EVO mit 3 kW Leistung.<\/li>\n<li>flacher Roll-Gennaker (Code 0) f\u00fcr 60\u00b0-150\u00b0 TWA<\/li>\n<li>Hauptanker mit 30m Leine.<\/li>\n<\/ul>\n<p><strong><br \/>\nDokumente:<\/strong><\/p>\n<ul>\n<li><a href=\"https:\/\/www.sailcom.ch\/wp-content\/uploads\/2024\/04\/Bootshandbuch_Sunbeam22.1-mit-Gennaker.pdf\" target=\"_blank\" rel=\"noopener\">Bootshandbuch Sunbeam 22.1<\/a><\/li>\n<\/ul>\n<p><strong>Mitsegeln und Community:<\/strong><\/p>\n<p>Verbinde Dich mit der <a href=\"https:\/\/chat.whatsapp.com\/BlEK5T98UWK3QRYqlLJOnB\" target=\"_blank\" rel=\"noopener\">SailCommunity auf Whatsapp<\/a> um Crewmitglieder f\u00fcr Deinen T\u00f6rn oder eine Mitsegelgelegenheit zu finden:<\/p>\n<p><img fetchpriority=\"high\" decoding=\"async\" class=\"wp-image-59790 size-medium aligncenter\" style=\"padding-top: 25px;\" src=\"https:\/\/www.sailcom.ch\/wp-content\/uploads\/2026\/01\/20251203_QR-Code_Whatsapp_SailCommunity_640x795-242x300.png\" alt=\"\" width=\"242\" height=\"300\" \/><\/p>","protected":false},"excerpt":{"rendered":"<p>Eine weitere moderne, komfortable und einfach zu handhabende Daysailing-Segelyacht vom Typ Sunbeam 22.1 erg\u00e4nzt per sofort das attraktive Angebot am Bielersee. Die Sunbeam 22.1 ist ein modernes Kabinenboot f\u00fcr einfaches, sicheres und komfortables Segeln. Geeignet f\u00fcr Anf\u00e4nger und Fortgeschrittene, Familien und Geniesser. Dieses Boot ist aufgrund seines Charakters ideal f\u00fcr die Erkundung und das Geniessen [&hellip;]<\/p>\n","protected":false},"author":2,"featured_media":37004,"template":"","meta":{"_acf_changed":false,"publish_to_discourse":"0","publish_post_category":"1","wpdc_auto_publish_overridden":"","wpdc_topic_tags":"","wpdc_pin_topic":"","wpdc_pin_until":"","discourse_post_id":"","discourse_permalink":"","wpdc_publishing_response":"","wpdc_publishing_error":""},"product_brand":[],"product_cat":[123],"product_tag":[],"sailcom-capability":[],"sailcom-location":[338],"sailcom-event-type":[],"sailcom-boat-type":[366],"class_list":{"0":"post-30961","1":"product","2":"type-product","3":"status-publish","4":"has-post-thumbnail","6":"product_cat-day-easy","7":"sailcom-location-bielersee","8":"sailcom-boat-type-day-easy","10":"first","11":"instock","12":"taxable","13":"shipping-taxable","14":"product-type-redq_rental"},"acf":[],"_links":{"self":[{"href":"https:\/\/www.sailcom.ch\/en\/wp-json\/wp\/v2\/product\/30961","targetHints":{"allow":["GET"]}}],"collection":[{"href":"https:\/\/www.sailcom.ch\/en\/wp-json\/wp\/v2\/product"}],"about":[{"href":"https:\/\/www.sailcom.ch\/en\/wp-json\/wp\/v2\/types\/product"}],"author":[{"embeddable":true,"href":"https:\/\/www.sailcom.ch\/en\/wp-json\/wp\/v2\/users\/2"}],"wp:featuredmedia":[{"embeddable":true,"href":"https:\/\/www.sailcom.ch\/en\/wp-json\/wp\/v2\/media\/37004"}],"wp:attachment":[{"href":"https:\/\/www.sailcom.ch\/en\/wp-json\/wp\/v2\/media?parent=30961"}],"wp:term":[{"taxonomy":"product_brand","embeddable":true,"href":"https:\/\/www.sailcom.ch\/en\/wp-json\/wp\/v2\/product_brand?post=30961"},{"taxonomy":"product_cat","embeddable":true,"href":"https:\/\/www.sailcom.ch\/en\/wp-json\/wp\/v2\/product_cat?post=30961"},{"taxonomy":"product_tag","embeddable":true,"href":"https:\/\/www.sailcom.ch\/en\/wp-json\/wp\/v2\/product_tag?post=30961"},{"taxonomy":"sailcom-capability","embeddable":true,"href":"https:\/\/www.sailcom.ch\/en\/wp-json\/wp\/v2\/sailcom-capability?post=30961"},{"taxonomy":"sailcom-location","embeddable":true,"href":"https:\/\/www.sailcom.ch\/en\/wp-json\/wp\/v2\/sailcom-location?post=30961"},{"taxonomy":"sailcom-event-type","embeddable":true,"href":"https:\/\/www.sailcom.ch\/en\/wp-json\/wp\/v2\/sailcom-event-type?post=30961"},{"taxonomy":"sailcom-boat-type","embeddable":true,"href":"https:\/\/www.sailcom.ch\/en\/wp-json\/wp\/v2\/sailcom-boat-type?post=30961"}],"curies":[{"name":"wp","href":"https:\/\/api.w.org\/{rel}","templated":true}]}}