{"id":30120,"date":"2024-04-28T14:59:45","date_gmt":"2024-04-28T12:59:45","guid":{"rendered":"https:\/\/www.sailcom.ch\/product\/product\/"},"modified":"2024-05-19T19:02:38","modified_gmt":"2024-05-19T17:02:38","slug":"event_30120","status":"publish","type":"product","link":"https:\/\/www.sailcom.ch\/en\/product\/event_30120\/","title":{"rendered":"Montagssegeln"},"content":{"rendered":"","protected":false},"excerpt":{"rendered":"<p>Begleitetes Plauschs Segeln auf dem motorbootfreiem Greifensee.<br \/>\nWer das Boot und das Revier kennen lernen m\u00f6chte, ist herzlich willkommen. Ebenfalls G\u00e4ste, die das Naturschutzgebiet Greifensee vom Wasser aus erleben m\u00f6chten.<br \/>\nWir treffen uns um 13 Uhr direkt auf dem Steg.<br \/>\n.Bitte Wechselschuhe mitnehmen, diese aber erst auf dem Steg anziehen.<br \/>\nKosten Fr. 50.-\/Person f\u00fcr drei Stunden segeln. In Bar oder Twint an Veranstalter<br \/>\nDer Anlass wird ab 2 Personen durchgef\u00fchrt.<br \/>\nAuskunft: Mobile 079 559 62 81, E-Mail: bernd.spichale@bluewin.ch<\/p>\n","protected":false},"author":2706,"featured_media":9204,"template":"","meta":{"_acf_changed":false,"publish_to_discourse":"","publish_post_category":"","wpdc_auto_publish_overridden":"","wpdc_topic_tags":"","wpdc_pin_topic":"","wpdc_pin_until":"","discourse_post_id":"","discourse_permalink":"","wpdc_publishing_response":"","wpdc_publishing_error":""},"product_brand":[],"product_cat":[15],"product_tag":[],"sailcom-capability":[],"sailcom-location":[341],"sailcom-event-type":[364],"sailcom-boat-type":[],"class_list":{"0":"post-30120","1":"product","2":"type-product","3":"status-publish","4":"has-post-thumbnail","6":"product_cat-uncategorised","7":"sailcom-location-greifensee","8":"sailcom-event-type-sail-along","10":"first","11":"outofstock","12":"taxable","13":"shipping-taxable","14":"product-type-sc_event"},"acf":[],"_links":{"self":[{"href":"https:\/\/www.sailcom.ch\/en\/wp-json\/wp\/v2\/product\/30120","targetHints":{"allow":["GET"]}}],"collection":[{"href":"https:\/\/www.sailcom.ch\/en\/wp-json\/wp\/v2\/product"}],"about":[{"href":"https:\/\/www.sailcom.ch\/en\/wp-json\/wp\/v2\/types\/product"}],"author":[{"embeddable":true,"href":"https:\/\/www.sailcom.ch\/en\/wp-json\/wp\/v2\/users\/2706"}],"wp:featuredmedia":[{"embeddable":true,"href":"https:\/\/www.sailcom.ch\/en\/wp-json\/wp\/v2\/media\/9204"}],"wp:attachment":[{"href":"https:\/\/www.sailcom.ch\/en\/wp-json\/wp\/v2\/media?parent=30120"}],"wp:term":[{"taxonomy":"product_brand","embeddable":true,"href":"https:\/\/www.sailcom.ch\/en\/wp-json\/wp\/v2\/product_brand?post=30120"},{"taxonomy":"product_cat","embeddable":true,"href":"https:\/\/www.sailcom.ch\/en\/wp-json\/wp\/v2\/product_cat?post=30120"},{"taxonomy":"product_tag","embeddable":true,"href":"https:\/\/www.sailcom.ch\/en\/wp-json\/wp\/v2\/product_tag?post=30120"},{"taxonomy":"sailcom-capability","embeddable":true,"href":"https:\/\/www.sailcom.ch\/en\/wp-json\/wp\/v2\/sailcom-capability?post=30120"},{"taxonomy":"sailcom-location","embeddable":true,"href":"https:\/\/www.sailcom.ch\/en\/wp-json\/wp\/v2\/sailcom-location?post=30120"},{"taxonomy":"sailcom-event-type","embeddable":true,"href":"https:\/\/www.sailcom.ch\/en\/wp-json\/wp\/v2\/sailcom-event-type?post=30120"},{"taxonomy":"sailcom-boat-type","embeddable":true,"href":"https:\/\/www.sailcom.ch\/en\/wp-json\/wp\/v2\/sailcom-boat-type?post=30120"}],"curies":[{"name":"wp","href":"https:\/\/api.w.org\/{rel}","templated":true}]}}