{"id":29604,"date":"2024-04-11T11:06:54","date_gmt":"2024-04-11T09:06:54","guid":{"rendered":"https:\/\/www.sailcom.ch\/product\/product\/"},"modified":"2024-04-11T11:06:54","modified_gmt":"2024-04-11T09:06:54","slug":"event_29604","status":"publish","type":"product","link":"https:\/\/www.sailcom.ch\/en\/product\/event_29604\/","title":{"rendered":"Einweisung in die J70, Hafenman\u00f6ver unter Segel, Segel Grundkurs Auffrischung (Wenden, Halsen, MOB, \u2026)"},"content":{"rendered":"","protected":false},"excerpt":{"rendered":"<p>Treffpunkt: Am Liegeplatz der J70 in Rapperswil (63\/64)<br \/>\nEinweisung in die J70, Hafenman\u00f6ver unter Segel, Segeln auf engem Raum. Segeln Grundkurs Auffrischung &#8211; Wenden, Halsen, MOB. Alle Man\u00f6ver werden vorher besprochen, vorgef\u00fchrt und ge\u00fcbt.<\/p>\n<p>Ganzer Tag 3&#215;3 Std Segeln mit 2x Gennaker Kurs am Nachmittag f\u00fcr 120,- CHF<\/p>\n","protected":false},"author":3557,"featured_media":1534,"template":"","meta":{"_acf_changed":false,"publish_to_discourse":"","publish_post_category":"","wpdc_auto_publish_overridden":"","wpdc_topic_tags":"","wpdc_pin_topic":"","wpdc_pin_until":"","discourse_post_id":"","discourse_permalink":"","wpdc_publishing_response":"","wpdc_publishing_error":""},"product_brand":[],"product_cat":[15],"product_tag":[],"sailcom-capability":[],"sailcom-location":[348],"sailcom-event-type":[373,375,374],"sailcom-boat-type":[],"class_list":{"0":"post-29604","1":"product","2":"type-product","3":"status-publish","4":"has-post-thumbnail","6":"product_cat-uncategorised","7":"sailcom-location-zurichsee","8":"sailcom-event-type-einweisungen","9":"sailcom-event-type-hafen","10":"sailcom-event-type-skippertraining","12":"first","13":"instock","14":"taxable","15":"shipping-taxable","16":"product-type-sc_event"},"acf":[],"_links":{"self":[{"href":"https:\/\/www.sailcom.ch\/en\/wp-json\/wp\/v2\/product\/29604","targetHints":{"allow":["GET"]}}],"collection":[{"href":"https:\/\/www.sailcom.ch\/en\/wp-json\/wp\/v2\/product"}],"about":[{"href":"https:\/\/www.sailcom.ch\/en\/wp-json\/wp\/v2\/types\/product"}],"author":[{"embeddable":true,"href":"https:\/\/www.sailcom.ch\/en\/wp-json\/wp\/v2\/users\/3557"}],"wp:featuredmedia":[{"embeddable":true,"href":"https:\/\/www.sailcom.ch\/en\/wp-json\/wp\/v2\/media\/1534"}],"wp:attachment":[{"href":"https:\/\/www.sailcom.ch\/en\/wp-json\/wp\/v2\/media?parent=29604"}],"wp:term":[{"taxonomy":"product_brand","embeddable":true,"href":"https:\/\/www.sailcom.ch\/en\/wp-json\/wp\/v2\/product_brand?post=29604"},{"taxonomy":"product_cat","embeddable":true,"href":"https:\/\/www.sailcom.ch\/en\/wp-json\/wp\/v2\/product_cat?post=29604"},{"taxonomy":"product_tag","embeddable":true,"href":"https:\/\/www.sailcom.ch\/en\/wp-json\/wp\/v2\/product_tag?post=29604"},{"taxonomy":"sailcom-capability","embeddable":true,"href":"https:\/\/www.sailcom.ch\/en\/wp-json\/wp\/v2\/sailcom-capability?post=29604"},{"taxonomy":"sailcom-location","embeddable":true,"href":"https:\/\/www.sailcom.ch\/en\/wp-json\/wp\/v2\/sailcom-location?post=29604"},{"taxonomy":"sailcom-event-type","embeddable":true,"href":"https:\/\/www.sailcom.ch\/en\/wp-json\/wp\/v2\/sailcom-event-type?post=29604"},{"taxonomy":"sailcom-boat-type","embeddable":true,"href":"https:\/\/www.sailcom.ch\/en\/wp-json\/wp\/v2\/sailcom-boat-type?post=29604"}],"curies":[{"name":"wp","href":"https:\/\/api.w.org\/{rel}","templated":true}]}}